{"id":5436,"date":"2023-12-06T05:43:24","date_gmt":"2023-12-06T05:43:24","guid":{"rendered":"https:\/\/wpachem.com\/?post_type=product&#038;p=5436"},"modified":"2023-12-06T05:43:25","modified_gmt":"2023-12-06T05:43:25","slug":"turpentine-cas-8006-64-2","status":"publish","type":"product","link":"https:\/\/wpachem.com\/tr\/urun\/turpentine-cas-8006-64-2\/","title":{"rendered":"Terebentin CAS 8006-64-2"},"content":{"rendered":"<p><strong>\u00d6zellik<\/strong><\/p>\n<p>Terebentin, aromatik kokulu, \u015feffaf, renksiz veya a\u00e7\u0131k sar\u0131 bir s\u0131v\u0131d\u0131r, m\u00fckemmel bir \u00e7\u00f6z\u00fcc\u00fcd\u00fcr ve eter, etanol, benzen, karbon dis\u00fclf\u00fcr, karbon tetraklor\u00fcr ve benzin ve di\u011fer organik \u00e7\u00f6z\u00fcc\u00fclerle kar\u0131\u015fabilir, suda \u00e7\u00f6z\u00fcnmez. Cilt ve mukoza zar\u0131nda tahri\u015f edici etkiye sahiptir.<\/p>\n<p><strong>Uygulama<\/strong><\/p>\n<p>Terebentin kimyasal hammadde olarak sanat cam\u0131, boya, kafur imalat\u0131, ila\u00e7, re\u00e7ine \u00fcretimi gibi bir\u00e7ok alanda yayg\u0131n olarak kullan\u0131lmakta olup terebentin ile temas etme imk\u00e2n\u0131 bulunmaktad\u0131r.<\/p>\n<ol>\n<li>M\u00fckemmel bir \u00e7\u00f6z\u00fcc\u00fcd\u00fcr ve organik maddeleri \u00e7\u00f6zme konusunda g\u00fc\u00e7l\u00fc bir yetene\u011fe sahiptir. Geleneksel olarak boya, kurutucu, merhem, ayakkab\u0131 boyas\u0131, yap\u0131\u015ft\u0131r\u0131c\u0131 ve ila\u00e7ta kullan\u0131l\u0131r.<\/li>\n<li>Boya ya\u011f\u0131 inceltici<\/li>\n<li>Terebentin lokal uyar\u0131c\u0131 etkiye sahiptir ve kan dola\u015f\u0131m\u0131n\u0131 art\u0131rabilir. Kas a\u011fr\u0131s\u0131, romatizma ve nevralji i\u00e7in. Topikal uygulama i\u00e7in.<\/li>\n<\/ol>\n<p><strong>Paketleme ve Depolama<\/strong><\/p>\n<p>Tutu\u015fturucu kaynaklardan uzak tutun. Serin bir yerde, orijinal ambalaj\u0131nda saklay\u0131n ve g\u00fcne\u015f \u0131\u015f\u0131\u011f\u0131ndan koruyun. S\u0131k\u0131ca kapat\u0131lm\u0131\u015f bir kapta saklay\u0131n.<\/p>","protected":false},"excerpt":{"rendered":"<p>\u00dcr\u00fcn ad\u0131: Terebentin<br \/>\nCas no.: 8006-64-2<br \/>\nMF: C12H20O7<br \/>\nG\u00f6r\u00fcn\u00fcm: \u015feffaf renksiz veya a\u00e7\u0131k sar\u0131 s\u0131v\u0131<\/p>","protected":false},"featured_media":4793,"template":"","meta":{"_acf_changed":false,"_gspb_post_css":""},"product_brand":[],"product_cat":[61],"product_tag":[],"class_list":{"0":"post-5436","1":"product","2":"type-product","3":"status-publish","4":"has-post-thumbnail","6":"product_cat-flavor-and-fragrance","8":"first","9":"instock","10":"shipping-taxable","11":"product-type-simple"},"acf":[],"_links":{"self":[{"href":"https:\/\/wpachem.com\/tr\/wp-json\/wp\/v2\/product\/5436","targetHints":{"allow":["GET"]}}],"collection":[{"href":"https:\/\/wpachem.com\/tr\/wp-json\/wp\/v2\/product"}],"about":[{"href":"https:\/\/wpachem.com\/tr\/wp-json\/wp\/v2\/types\/product"}],"version-history":[{"count":0,"href":"https:\/\/wpachem.com\/tr\/wp-json\/wp\/v2\/product\/5436\/revisions"}],"wp:featuredmedia":[{"embeddable":true,"href":"https:\/\/wpachem.com\/tr\/wp-json\/wp\/v2\/media\/4793"}],"wp:attachment":[{"href":"https:\/\/wpachem.com\/tr\/wp-json\/wp\/v2\/media?parent=5436"}],"wp:term":[{"taxonomy":"product_brand","embeddable":true,"href":"https:\/\/wpachem.com\/tr\/wp-json\/wp\/v2\/product_brand?post=5436"},{"taxonomy":"product_cat","embeddable":true,"href":"https:\/\/wpachem.com\/tr\/wp-json\/wp\/v2\/product_cat?post=5436"},{"taxonomy":"product_tag","embeddable":true,"href":"https:\/\/wpachem.com\/tr\/wp-json\/wp\/v2\/product_tag?post=5436"}],"curies":[{"name":"wp","href":"https:\/\/api.w.org\/{rel}","templated":true}]}}