{"id":5438,"date":"2023-12-06T06:08:29","date_gmt":"2023-12-06T06:08:29","guid":{"rendered":"https:\/\/wpachem.com\/?post_type=product&#038;p=5438"},"modified":"2023-12-06T06:08:29","modified_gmt":"2023-12-06T06:08:29","slug":"methyl-eugenol-cas-93-15-2","status":"publish","type":"product","link":"https:\/\/wpachem.com\/tr\/urun\/methyl-eugenol-cas-93-15-2\/","title":{"rendered":"Metil \u00f6jenol CAS 93-15-2"},"content":{"rendered":"<p><strong>\u00d6zellik<\/strong><\/p>\n<p>Renksiz ila sar\u0131ms\u0131 s\u0131v\u0131. Kaynama noktas\u0131 249\u2103, ba\u011f\u0131l yo\u011funluk 1.032-1.036, k\u0131r\u0131lma indisi 1.532-1.536, parlama noktas\u0131 99\u2103, 2 hacim 70% etanol ve ya\u011fda \u00e7\u00f6z\u00fclm\u00fc\u015ft\u00fcr. Karanfil gibi tatl\u0131 bir leylak ve rezene aromas\u0131na, daha \u015feffaf ve kal\u0131c\u0131 bir aromaya ve \u00e7ay gibi hafif ve ho\u015f kokulu bir aromaya sahiptir.<\/p>\n<p><strong>Ba\u015fvuru<\/strong><\/p>\n<p>Karanfil aromas\u0131n\u0131n kald\u0131rma maddesi olarak kullan\u0131labilir. \u00c7i\u00e7ek, bitki veya oryantal aromalarda hafif tortular \u00fcretebilir. Az miktarda g\u00fcl, karanfil, ylang ylang, leylak, gardenya, s\u00fcmb\u00fcl, alba, s\u00fcmb\u00fclteber, Perilla, lavanta, defne romu, erkek kolonyas\u0131 ve di\u011fer kokularda kullan\u0131labilir, ayr\u0131ca yiyecek aromalar\u0131nda, \u00f6zellikle baharatl\u0131 bir modifikasyon maddesi olarak, zencefil aromas\u0131 sa\u011flamak i\u00e7in kullan\u0131labilir, t\u00fct\u00fcn aromas\u0131 da kullan\u0131labilir.<\/p>\n<p><strong>Paketleme ve Depolama<\/strong><\/p>\n<p>S\u0131k\u0131ca kapat\u0131lm\u0131\u015f bir kapta saklay\u0131n\u0131z. Uyumsuz maddelerden uzakta, serin, kuru ve iyi havaland\u0131r\u0131lan bir alanda saklay\u0131n\u0131z.<\/p>","protected":false},"excerpt":{"rendered":"<p>\u00dcr\u00fcn ad\u0131: Metil \u00f6jenol<br \/>\nKasa numaras\u0131: 93-15-2<br \/>\nMF: C10H12O2<br \/>\nG\u00f6r\u00fcn\u00fcm: Renksiz ila sar\u0131ms\u0131 s\u0131v\u0131<\/p>","protected":false},"featured_media":3321,"template":"","meta":{"_acf_changed":false,"_gspb_post_css":""},"product_brand":[],"product_cat":[61],"product_tag":[],"class_list":{"0":"post-5438","1":"product","2":"type-product","3":"status-publish","4":"has-post-thumbnail","6":"product_cat-flavor-and-fragrance","8":"first","9":"instock","10":"shipping-taxable","11":"product-type-simple"},"acf":[],"_links":{"self":[{"href":"https:\/\/wpachem.com\/tr\/wp-json\/wp\/v2\/product\/5438","targetHints":{"allow":["GET"]}}],"collection":[{"href":"https:\/\/wpachem.com\/tr\/wp-json\/wp\/v2\/product"}],"about":[{"href":"https:\/\/wpachem.com\/tr\/wp-json\/wp\/v2\/types\/product"}],"version-history":[{"count":0,"href":"https:\/\/wpachem.com\/tr\/wp-json\/wp\/v2\/product\/5438\/revisions"}],"wp:featuredmedia":[{"embeddable":true,"href":"https:\/\/wpachem.com\/tr\/wp-json\/wp\/v2\/media\/3321"}],"wp:attachment":[{"href":"https:\/\/wpachem.com\/tr\/wp-json\/wp\/v2\/media?parent=5438"}],"wp:term":[{"taxonomy":"product_brand","embeddable":true,"href":"https:\/\/wpachem.com\/tr\/wp-json\/wp\/v2\/product_brand?post=5438"},{"taxonomy":"product_cat","embeddable":true,"href":"https:\/\/wpachem.com\/tr\/wp-json\/wp\/v2\/product_cat?post=5438"},{"taxonomy":"product_tag","embeddable":true,"href":"https:\/\/wpachem.com\/tr\/wp-json\/wp\/v2\/product_tag?post=5438"}],"curies":[{"name":"wp","href":"https:\/\/api.w.org\/{rel}","templated":true}]}}