{"id":5440,"date":"2023-12-06T06:16:03","date_gmt":"2023-12-06T06:16:03","guid":{"rendered":"https:\/\/wpachem.com\/?post_type=product&#038;p=5440"},"modified":"2023-12-06T06:16:04","modified_gmt":"2023-12-06T06:16:04","slug":"eugenol-cas-97-53-0","status":"publish","type":"product","link":"https:\/\/wpachem.com\/tr\/urun\/eugenol-cas-97-53-0\/","title":{"rendered":"\u00d6jenol CAS 97-53-0"},"content":{"rendered":"<p><strong>\u00d6zellik<\/strong><\/p>\n<p>Eugenol, karanfil ya\u011f\u0131, karanfil fesle\u011fen ya\u011f\u0131 ve tar\u00e7\u0131n ya\u011f\u0131 gibi u\u00e7ucu ya\u011flarda do\u011fal olarak bulunur. G\u00fc\u00e7l\u00fc bir karanfil aromas\u0131 ve keskin bir kokuya sahip renksiz ila a\u00e7\u0131k sar\u0131 kal\u0131n ya\u011fl\u0131 bir s\u0131v\u0131d\u0131r.<\/p>\n<p><strong>Ba\u015fvuru<\/strong><\/p>\n<ol>\n<li>Karanfil \u00e7i\u00e7eklerinin kokusudur. Ho\u015f kokulu mersin ve di\u011fer kokularda yayg\u0131n olarak kullan\u0131l\u0131r, renklendirici ve sabitleyici madde olarak kullan\u0131labilir, renkli sabunla koku katmak i\u00e7in kullan\u0131labilir. G\u00fcller ve di\u011ferleri gibi bir\u00e7ok \u00e7i\u00e7ek kokusu i\u00e7in kullan\u0131labilir. Baharat, odun, oryantal ve aromaterapide de kullan\u0131labilir ve yenilebilir baharat, nane, f\u0131nd\u0131k, \u00e7e\u015fitli meyveler, hurma ve di\u011fer aromalar ve t\u00fct\u00fcn aromalar\u0131nda da kullan\u0131labilir.<\/li>\n<li>Eugenol, sa\u011fl\u0131k ve kalp aromalar\u0131n\u0131n harmanlanmas\u0131n\u0131n temeli olan karanfilin g\u00fc\u00e7l\u00fc misk kokusuna sahiptir. Kozmetik, sabun ve g\u0131da aromalar\u0131n\u0131n harmanlanmas\u0131nda kullan\u0131l\u0131r.<\/li>\n<li>Karanfil aromas\u0131, izo\u00f6jenol ve vanilin vb. haz\u0131rlamak i\u00e7in kullan\u0131l\u0131r. Ayr\u0131ca b\u00f6cek ilac\u0131 ve koruyucu olarak da kullan\u0131l\u0131r.<\/li>\n<li>GB 2760-96 yenilebilir baharatlar\u0131n izin verilen kullan\u0131m\u0131n\u0131 belirtir. Esas olarak t\u00fcts\u00fclenmi\u015f jambon, f\u0131nd\u0131k ve baharatlar ve di\u011fer tatlar\u0131 haz\u0131rlamak i\u00e7in kullan\u0131l\u0131r. Ayr\u0131ca vanilin sentezinin ana hammaddesidir.<\/li>\n<li>\u00c7o\u011funlukla antibakteriyel, tansiyon d\u00fc\u015f\u00fcr\u00fcc\u00fc olarak kullan\u0131l\u0131r.<\/li>\n<\/ol>\n<p><strong>Paketleme ve Depolama<\/strong><\/p>\n<p>Kab\u0131 s\u0131k\u0131ca kapal\u0131 olarak kuru ve iyi havaland\u0131r\u0131lm\u0131\u015f bir yerde saklay\u0131n. Serin yerde saklay\u0131n. \u0130nert gaz alt\u0131nda saklay\u0131n. Havaya duyarl\u0131.<\/p>","protected":false},"excerpt":{"rendered":"<p>\u00dcr\u00fcn ad\u0131: Eugenol<br \/>\nKasa numaras\u0131: 97-53-0<br \/>\nMF: C10H12O2<br \/>\nG\u00f6r\u00fcn\u00fcm: renksiz ila a\u00e7\u0131k sar\u0131 kal\u0131n ya\u011fl\u0131 s\u0131v\u0131<\/p>","protected":false},"featured_media":4788,"template":"","meta":{"_acf_changed":false,"_gspb_post_css":""},"product_brand":[],"product_cat":[61],"product_tag":[],"class_list":{"0":"post-5440","1":"product","2":"type-product","3":"status-publish","4":"has-post-thumbnail","6":"product_cat-flavor-and-fragrance","8":"first","9":"instock","10":"shipping-taxable","11":"product-type-simple"},"acf":[],"_links":{"self":[{"href":"https:\/\/wpachem.com\/tr\/wp-json\/wp\/v2\/product\/5440","targetHints":{"allow":["GET"]}}],"collection":[{"href":"https:\/\/wpachem.com\/tr\/wp-json\/wp\/v2\/product"}],"about":[{"href":"https:\/\/wpachem.com\/tr\/wp-json\/wp\/v2\/types\/product"}],"version-history":[{"count":0,"href":"https:\/\/wpachem.com\/tr\/wp-json\/wp\/v2\/product\/5440\/revisions"}],"wp:featuredmedia":[{"embeddable":true,"href":"https:\/\/wpachem.com\/tr\/wp-json\/wp\/v2\/media\/4788"}],"wp:attachment":[{"href":"https:\/\/wpachem.com\/tr\/wp-json\/wp\/v2\/media?parent=5440"}],"wp:term":[{"taxonomy":"product_brand","embeddable":true,"href":"https:\/\/wpachem.com\/tr\/wp-json\/wp\/v2\/product_brand?post=5440"},{"taxonomy":"product_cat","embeddable":true,"href":"https:\/\/wpachem.com\/tr\/wp-json\/wp\/v2\/product_cat?post=5440"},{"taxonomy":"product_tag","embeddable":true,"href":"https:\/\/wpachem.com\/tr\/wp-json\/wp\/v2\/product_tag?post=5440"}],"curies":[{"name":"wp","href":"https:\/\/api.w.org\/{rel}","templated":true}]}}