{"id":5473,"date":"2023-12-13T06:16:33","date_gmt":"2023-12-13T06:16:33","guid":{"rendered":"https:\/\/wpachem.com\/?post_type=product&#038;p=5473"},"modified":"2023-12-13T06:38:58","modified_gmt":"2023-12-13T06:38:58","slug":"4%ef%bc%8c4-diphenylmethane-diisocyanate-phenyl-isocyanate-mdi-cas-101-68-8","status":"publish","type":"product","link":"https:\/\/wpachem.com\/tr\/urun\/4%ef%bc%8c4-diphenylmethane-diisocyanate-phenyl-isocyanate-mdi-cas-101-68-8\/","title":{"rendered":"4,4`-difenilmetan diizosiyanat\/Fenil izosiyanat (MDI) CAS 101-68-8"},"content":{"rendered":"<p>Beyaz veya a\u00e7\u0131k sar\u0131 kat\u0131, benzen, toluen, klorobenzen, nitrobenzen, aseton, eter, etil asetat, dioksan vb.&#039;de \u00e7\u00f6z\u00fcn\u00fcr.<\/p>\n<p><strong>Ba\u015fvuru:\u00a0<\/strong><\/p>\n<p>1. Bu \u00fcr\u00fcn\u00fcn birincil \u00fcr\u00fcn\u00fc poli\u00fcretan kaplamalarda yayg\u0131n olarak kullan\u0131l\u0131r. Ayr\u0131ca su ge\u00e7irmez malzemeler, s\u0131zd\u0131rmazl\u0131k malzemeleri, seramik malzemeleri vb.&#039;de de kullan\u0131l\u0131r; bu \u00fcr\u00fcnden yap\u0131lan poli\u00fcretan k\u00f6p\u00fck, \u0131s\u0131 yal\u0131t\u0131m\u0131 (so\u011fuk), yap\u0131 malzemeleri, ara\u00e7lar ve gemiler i\u00e7in par\u00e7a olarak kullan\u0131l\u0131r. ; Rafine \u00fcr\u00fcnler araba tamponlar\u0131, tamponlar, sentetik deri, plastik olmayan poli\u00fcretan, poli\u00fcretan elastik elyaf, plastik olmayan elastik elyaf, film, yap\u0131\u015ft\u0131r\u0131c\u0131 vb. yap\u0131labilir.<\/p>\n<p>2.MDI, 4,4&#039;difenilmetan diizosiyanat (saf MDI) i\u00e7in genel bir isimdir, belirli oranda saf MDI ve polifenilpolimetilen poliizosiyanat (polimerize MDI) i\u00e7eren bir kar\u0131\u015f\u0131md\u0131r ve saf MDI ve polimerize MDI&#039;nin modifiye edilmi\u015f \u00fcr\u00fcnleridir. , poli\u00fcretan \u00fcretimi i\u00e7in en \u00f6nemli hammaddedir. Poli\u00fcretan\u0131n yan\u0131 s\u0131ra di\u011fer y\u00f6nlerde de az miktarda MDI kullan\u0131l\u0131r. Poli\u00fcretan, kau\u00e7u\u011fun elastikiyetine, plasti\u011fin mukavemetine ve m\u00fckemmel i\u015fleme \u00f6zelliklerine sahiptir, \u00f6zellikle \u0131s\u0131 yal\u0131t\u0131m\u0131, ses yal\u0131t\u0131m\u0131, a\u015f\u0131nma direnci, ya\u011f direnci, elastikiyet vb. a\u00e7\u0131s\u0131ndan. Di\u011fer sentetik malzemelerin e\u015fle\u015femeyece\u011fi avantajlara sahiptir. Etilen, polipropilen, polistiren ve ABS&#039;den sonra alt\u0131nc\u0131 en b\u00fcy\u00fck plastik (\u015fimdi ABS&#039;yi ge\u00e7erek be\u015finci en b\u00fcy\u00fck plastik haline gelmi\u015ftir), ulusal savunma, havac\u0131l\u0131k, hafif sanayi, kimya sanayi, petrol, tekstil, ula\u015f\u0131m, otomobil, t\u0131bbi vb. alanlarda yayg\u0131n olarak kullan\u0131lm\u0131\u015f, ekonomik kalk\u0131nma ve insanlar\u0131n ya\u015famlar\u0131 i\u00e7in vazge\u00e7ilmez bir ortaya \u00e7\u0131kan malzeme haline gelmi\u015ftir.<br \/>\nMDI ve TDI birbirlerinin yerine ge\u00e7er ve ikisi de poli\u00fcretan \u00fcretimi i\u00e7in ham maddelerdir. MDI&#039;nin fiyat\u0131 biraz daha d\u00fc\u015f\u00fckt\u00fcr ve toksisitesi TDI&#039;den daha d\u00fc\u015f\u00fckt\u00fcr. Ancak k\u00f6p\u00fck \u00fcretirken yo\u011funluk TDI sisteminden daha y\u00fcksektir. MDI ile olu\u015fturulan poli\u00fcretan \u00fcr\u00fcnlerinin kal\u0131planabilirli\u011fi nispeten iyidir.<\/p>\n<p><b>Analiz Sertifikas\u0131\uff1a<\/b><\/p>\n<table width=\"1825\">\n<tbody>\n<tr>\n<td width=\"684\">Test \u00d6\u011fesi(leri)<\/td>\n<td width=\"1141\">\u015eartname(ler)<\/td>\n<\/tr>\n<tr>\n<td width=\"684\">D\u0131\u015f g\u00f6r\u00fcn\u00fc\u015f<\/td>\n<td width=\"1141\">Beyaz veya a\u00e7\u0131k sar\u0131 kat\u0131<\/td>\n<\/tr>\n<tr>\n<td width=\"684\">Erime noktas\u0131<\/td>\n<td width=\"1141\">38-44 \u00b0C<\/td>\n<\/tr>\n<tr>\n<td width=\"684\">Kaynama noktas\u0131<\/td>\n<td width=\"1141\">392 \u00b0C<\/td>\n<\/tr>\n<tr>\n<td width=\"684\">alevlenme noktas\u0131<\/td>\n<td width=\"1141\">196 \u00b0C<\/td>\n<\/tr>\n<tr>\n<td width=\"684\">Depolama ko\u015fullar\u0131<\/td>\n<td width=\"1141\">-20\u00b0C<\/td>\n<\/tr>\n<tr>\n<td width=\"684\">Donma noktas\u0131<\/td>\n<td width=\"1141\">37\u2103<\/td>\n<\/tr>\n<\/tbody>\n<\/table>\n<p>Paketleme ve Depolama:<\/p>\n<p>Azot ambalajl\u0131 250 kg&#039;l\u0131k demir bidon<\/p>\n<p>Tavsiye edilen depolama ko\u015fullar\u0131nda DM\u0130\u2019nin raf \u00f6mr\u00fc \u00fcretim tarihinden itibaren bir y\u0131ld\u0131r.<\/p>","protected":false},"excerpt":{"rendered":"<p>\u00dcr\u00fcn ad\u0131: 4\uff0c4`-difenilmetan diizosiyanat\/Fenil izosiyanat (MDI)<\/p>\n<p>CAS:101-68-8<\/p>\n<p>MF:C15H10N2O2<\/p>\n<p>G\u00f6r\u00fcn\u00fcm: Beyaz veya a\u00e7\u0131k sar\u0131 kat\u0131<\/p>","protected":false},"featured_media":5474,"template":"","meta":{"_acf_changed":false,"_gspb_post_css":""},"product_brand":[],"product_cat":[63],"product_tag":[],"class_list":{"0":"post-5473","1":"product","2":"type-product","3":"status-publish","4":"has-post-thumbnail","6":"product_cat-industrial-chemicals","8":"first","9":"instock","10":"shipping-taxable","11":"product-type-simple"},"acf":[],"_links":{"self":[{"href":"https:\/\/wpachem.com\/tr\/wp-json\/wp\/v2\/product\/5473","targetHints":{"allow":["GET"]}}],"collection":[{"href":"https:\/\/wpachem.com\/tr\/wp-json\/wp\/v2\/product"}],"about":[{"href":"https:\/\/wpachem.com\/tr\/wp-json\/wp\/v2\/types\/product"}],"version-history":[{"count":0,"href":"https:\/\/wpachem.com\/tr\/wp-json\/wp\/v2\/product\/5473\/revisions"}],"wp:featuredmedia":[{"embeddable":true,"href":"https:\/\/wpachem.com\/tr\/wp-json\/wp\/v2\/media\/5474"}],"wp:attachment":[{"href":"https:\/\/wpachem.com\/tr\/wp-json\/wp\/v2\/media?parent=5473"}],"wp:term":[{"taxonomy":"product_brand","embeddable":true,"href":"https:\/\/wpachem.com\/tr\/wp-json\/wp\/v2\/product_brand?post=5473"},{"taxonomy":"product_cat","embeddable":true,"href":"https:\/\/wpachem.com\/tr\/wp-json\/wp\/v2\/product_cat?post=5473"},{"taxonomy":"product_tag","embeddable":true,"href":"https:\/\/wpachem.com\/tr\/wp-json\/wp\/v2\/product_tag?post=5473"}],"curies":[{"name":"wp","href":"https:\/\/api.w.org\/{rel}","templated":true}]}}