{"id":5485,"date":"2023-12-14T07:48:55","date_gmt":"2023-12-14T07:48:55","guid":{"rendered":"https:\/\/wpachem.com\/?post_type=product&#038;p=5485"},"modified":"2023-12-14T07:48:55","modified_gmt":"2023-12-14T07:48:55","slug":"cis-3-hexenyl-acetate-cas-3681-71-8","status":"publish","type":"product","link":"https:\/\/wpachem.com\/tr\/urun\/cis-3-hexenyl-acetate-cas-3681-71-8\/","title":{"rendered":"Cis-3-heksenil Asetat CAS 3681-71-8"},"content":{"rendered":"<p><strong>\u00d6zellik<\/strong><\/p>\n<p>Renksiz ila a\u00e7\u0131k sar\u0131 renkte, g\u00fc\u00e7l\u00fc \u00e7imensi bir kokuya sahip s\u0131v\u0131. Cis-3-heksenol\u00fcn asetik asitle esterle\u015ftirilmesiyle olu\u015fur. D\u00fc\u015f\u00fck u\u00e7uculu\u011fu ve iyi \u00e7\u00f6z\u00fcn\u00fcrl\u00fc\u011f\u00fc vard\u0131r. Y\u00fcksek reaktiviteye sahiptir, kolayca ekleme, esterle\u015ftirme, alkolizasyon ve di\u011fer reaksiyonlar meydana gelir, ayr\u0131ca bile\u015fi\u011fin asitler, aldehitler, karboksilik asitler ve di\u011fer \u00fcr\u00fcnler \u00fcretmek i\u00e7in oksitlenmesi de kolayd\u0131r.<\/p>\n<p><strong>Ba\u015fvuru<\/strong><\/p>\n<p>Yenilebilir ve g\u00fcnl\u00fck lezzet haz\u0131rlamak i\u00e7in kullan\u0131l\u0131r<\/p>\n<p><strong>Paketleme ve Depolama<\/strong><\/p>\n<p>Kab\u0131 s\u0131k\u0131ca kapal\u0131 olarak kuru, serin ve iyi havaland\u0131r\u0131lan bir yerde saklay\u0131n. G\u0131da kaplar\u0131ndan veya uyumsuz malzemelerden ayr\u0131 saklay\u0131n.<\/p>","protected":false},"excerpt":{"rendered":"<p>\u00dcr\u00fcn ad\u0131: Cis-3-hekseil Asetat<br \/>\nKasa numaras\u0131: 3681-71-8<br \/>\nMF: C12H20O2<br \/>\nG\u00f6r\u00fcn\u00fcm: Renksiz ila a\u00e7\u0131k sar\u0131 s\u0131v\u0131<\/p>","protected":false},"featured_media":4816,"template":"","meta":{"_acf_changed":false,"_gspb_post_css":""},"product_brand":[],"product_cat":[61],"product_tag":[],"class_list":{"0":"post-5485","1":"product","2":"type-product","3":"status-publish","4":"has-post-thumbnail","6":"product_cat-flavor-and-fragrance","8":"first","9":"instock","10":"shipping-taxable","11":"product-type-simple"},"acf":[],"_links":{"self":[{"href":"https:\/\/wpachem.com\/tr\/wp-json\/wp\/v2\/product\/5485","targetHints":{"allow":["GET"]}}],"collection":[{"href":"https:\/\/wpachem.com\/tr\/wp-json\/wp\/v2\/product"}],"about":[{"href":"https:\/\/wpachem.com\/tr\/wp-json\/wp\/v2\/types\/product"}],"version-history":[{"count":0,"href":"https:\/\/wpachem.com\/tr\/wp-json\/wp\/v2\/product\/5485\/revisions"}],"wp:featuredmedia":[{"embeddable":true,"href":"https:\/\/wpachem.com\/tr\/wp-json\/wp\/v2\/media\/4816"}],"wp:attachment":[{"href":"https:\/\/wpachem.com\/tr\/wp-json\/wp\/v2\/media?parent=5485"}],"wp:term":[{"taxonomy":"product_brand","embeddable":true,"href":"https:\/\/wpachem.com\/tr\/wp-json\/wp\/v2\/product_brand?post=5485"},{"taxonomy":"product_cat","embeddable":true,"href":"https:\/\/wpachem.com\/tr\/wp-json\/wp\/v2\/product_cat?post=5485"},{"taxonomy":"product_tag","embeddable":true,"href":"https:\/\/wpachem.com\/tr\/wp-json\/wp\/v2\/product_tag?post=5485"}],"curies":[{"name":"wp","href":"https:\/\/api.w.org\/{rel}","templated":true}]}}