{"id":5488,"date":"2023-12-14T08:22:52","date_gmt":"2023-12-14T08:22:52","guid":{"rendered":"https:\/\/wpachem.com\/?post_type=product&#038;p=5488"},"modified":"2023-12-14T08:22:52","modified_gmt":"2023-12-14T08:22:52","slug":"cis-3-hexen-1-ol-cas-928-96-1","status":"publish","type":"product","link":"https:\/\/wpachem.com\/tr\/urun\/cis-3-hexen-1-ol-cas-928-96-1\/","title":{"rendered":"Cis-3-heksen-1-ol CAS 928-96-1"},"content":{"rendered":"<p><strong>\u00d6zellik<\/strong><\/p>\n<p>Oda s\u0131cakl\u0131\u011f\u0131nda ve bas\u0131n\u00e7ta, renksiz ila a\u00e7\u0131k sar\u0131 s\u0131v\u0131d\u0131r, g\u00fc\u00e7l\u00fc bir yeni Liu \u00e7imen ye\u015fili ve ye\u015fil yaprak ve meyve aromas\u0131 aromas\u0131na sahiptir. D\u00fc\u015f\u00fck u\u00e7uculu\u011fa ve iyi Chemicalbook \u00e7\u00f6z\u00fcn\u00fcrl\u00fc\u011f\u00fcne sahiptir. Y\u00fcksek reaktiviteye, kolay meydana gelen ekleme, esterle\u015fme, alkolizasyon ve di\u011fer reaksiyonlara sahiptir, ayr\u0131ca bile\u015fi\u011fin asitler, aldehitler, karboksilik asitler ve di\u011fer \u00fcr\u00fcnler \u00fcretmek i\u00e7in oksitlenmesi de kolayd\u0131r.<\/p>\n<p><strong>Ba\u015fvuru<\/strong><\/p>\n<p>Yenilebilir ve g\u00fcnl\u00fck lezzet haz\u0131rlamak i\u00e7in kullan\u0131l\u0131r<\/p>\n<p><strong>Paketleme ve Depolama<\/strong><\/p>\n<p>Serin yerde saklay\u0131n. Kab\u0131 s\u0131k\u0131ca kapal\u0131 olarak kuru ve iyi havaland\u0131r\u0131lm\u0131\u015f bir yerde saklay\u0131n. A\u00e7\u0131lan kaplar dikkatlice tekrar kapat\u0131lmal\u0131 ve s\u0131z\u0131nt\u0131y\u0131 \u00f6nlemek i\u00e7in dik tutulmal\u0131d\u0131r.<\/p>","protected":false},"excerpt":{"rendered":"<p>\u00dcr\u00fcn ad\u0131: Cis-3-hekse-1-ol<br \/>\nKasa numaras\u0131: 928-96-1<br \/>\nMF: C10H18O<br \/>\nG\u00f6r\u00fcn\u00fcm: renksiz ila a\u00e7\u0131k sar\u0131 s\u0131v\u0131<\/p>","protected":false},"featured_media":3321,"template":"","meta":{"_acf_changed":false,"_gspb_post_css":""},"product_brand":[],"product_cat":[61],"product_tag":[],"class_list":{"0":"post-5488","1":"product","2":"type-product","3":"status-publish","4":"has-post-thumbnail","6":"product_cat-flavor-and-fragrance","8":"first","9":"instock","10":"shipping-taxable","11":"product-type-simple"},"acf":[],"_links":{"self":[{"href":"https:\/\/wpachem.com\/tr\/wp-json\/wp\/v2\/product\/5488","targetHints":{"allow":["GET"]}}],"collection":[{"href":"https:\/\/wpachem.com\/tr\/wp-json\/wp\/v2\/product"}],"about":[{"href":"https:\/\/wpachem.com\/tr\/wp-json\/wp\/v2\/types\/product"}],"version-history":[{"count":0,"href":"https:\/\/wpachem.com\/tr\/wp-json\/wp\/v2\/product\/5488\/revisions"}],"wp:featuredmedia":[{"embeddable":true,"href":"https:\/\/wpachem.com\/tr\/wp-json\/wp\/v2\/media\/3321"}],"wp:attachment":[{"href":"https:\/\/wpachem.com\/tr\/wp-json\/wp\/v2\/media?parent=5488"}],"wp:term":[{"taxonomy":"product_brand","embeddable":true,"href":"https:\/\/wpachem.com\/tr\/wp-json\/wp\/v2\/product_brand?post=5488"},{"taxonomy":"product_cat","embeddable":true,"href":"https:\/\/wpachem.com\/tr\/wp-json\/wp\/v2\/product_cat?post=5488"},{"taxonomy":"product_tag","embeddable":true,"href":"https:\/\/wpachem.com\/tr\/wp-json\/wp\/v2\/product_tag?post=5488"}],"curies":[{"name":"wp","href":"https:\/\/api.w.org\/{rel}","templated":true}]}}