{"id":5490,"date":"2023-12-14T08:29:04","date_gmt":"2023-12-14T08:29:04","guid":{"rendered":"https:\/\/wpachem.com\/?post_type=product&#038;p=5490"},"modified":"2023-12-14T08:42:05","modified_gmt":"2023-12-14T08:42:05","slug":"terpineol-cas-8000-41-7","status":"publish","type":"product","link":"https:\/\/wpachem.com\/tr\/urun\/terpineol-cas-8000-41-7\/","title":{"rendered":"Terpineol CAS 8000-41-7"},"content":{"rendered":"<p><strong>\u00d6zellik<\/strong><\/p>\n<p>D\u00fc\u015f\u00fck erime noktas\u0131na sahip, karanfil aromal\u0131, renksiz s\u0131v\u0131 veya \u015feffaf kristal. 1 k\u0131s\u0131m terpinol, 2 k\u0131s\u0131m (hacimce 70%) etanol \u00e7\u00f6zeltisinde \u00e7\u00f6z\u00fcn\u00fcr, su ve gliserolde az \u00e7\u00f6z\u00fcn\u00fcr.<\/p>\n<p><strong>Ba\u015fvuru<\/strong><\/p>\n<p>Ayr\u0131ca t\u0131pta, pestisitlerde, plastiklerde, sabunda, m\u00fcrekkep end\u00fcstrisinde ve cam e\u015fyalar\u0131n rengi i\u00e7in \u00e7\u00f6z\u00fcc\u00fc olarak kullan\u0131l\u0131r. Esas olarak leylak, vadi zamba\u011f\u0131, akasya, portakal \u00e7i\u00e7e\u011fi ve di\u011fer ho\u015f kokulu sabunlar\u0131n, kozmetik \u00f6zlerinin haz\u0131rlanmas\u0131nda kullan\u0131l\u0131r. Saf \u03b1-terpinol, limon, portakal, \u015feftali ve di\u011fer yenilebilir aromalar haz\u0131rlanabilir. Terpinolden haz\u0131rlanan bir\u00e7ok ester bile\u015fi\u011fi de iyi baharatlard\u0131r.<\/p>\n<p><strong>Paketleme ve Depolama<\/strong><\/p>\n<p>Kab\u0131 s\u0131k\u0131ca kapal\u0131 olarak kuru, serin ve iyi havaland\u0131r\u0131lan bir yerde saklay\u0131n. G\u0131da kaplar\u0131ndan veya uyumsuz malzemelerden ayr\u0131 saklay\u0131n.<\/p>","protected":false},"excerpt":{"rendered":"<p>\u00dcr\u00fcn ad\u0131: Terpineol<br \/>\nKasa numaras\u0131: 8000-41-7<br \/>\nMF: C10H18O<br \/>\nG\u00f6r\u00fcn\u00fcm: Renksiz s\u0131v\u0131 veya \u015feffaf kristal<\/p>","protected":false},"featured_media":3321,"template":"","meta":{"_acf_changed":false,"_gspb_post_css":""},"product_brand":[],"product_cat":[61],"product_tag":[],"class_list":{"0":"post-5490","1":"product","2":"type-product","3":"status-publish","4":"has-post-thumbnail","6":"product_cat-flavor-and-fragrance","8":"first","9":"instock","10":"shipping-taxable","11":"product-type-simple"},"acf":[],"_links":{"self":[{"href":"https:\/\/wpachem.com\/tr\/wp-json\/wp\/v2\/product\/5490","targetHints":{"allow":["GET"]}}],"collection":[{"href":"https:\/\/wpachem.com\/tr\/wp-json\/wp\/v2\/product"}],"about":[{"href":"https:\/\/wpachem.com\/tr\/wp-json\/wp\/v2\/types\/product"}],"version-history":[{"count":0,"href":"https:\/\/wpachem.com\/tr\/wp-json\/wp\/v2\/product\/5490\/revisions"}],"wp:featuredmedia":[{"embeddable":true,"href":"https:\/\/wpachem.com\/tr\/wp-json\/wp\/v2\/media\/3321"}],"wp:attachment":[{"href":"https:\/\/wpachem.com\/tr\/wp-json\/wp\/v2\/media?parent=5490"}],"wp:term":[{"taxonomy":"product_brand","embeddable":true,"href":"https:\/\/wpachem.com\/tr\/wp-json\/wp\/v2\/product_brand?post=5490"},{"taxonomy":"product_cat","embeddable":true,"href":"https:\/\/wpachem.com\/tr\/wp-json\/wp\/v2\/product_cat?post=5490"},{"taxonomy":"product_tag","embeddable":true,"href":"https:\/\/wpachem.com\/tr\/wp-json\/wp\/v2\/product_tag?post=5490"}],"curies":[{"name":"wp","href":"https:\/\/api.w.org\/{rel}","templated":true}]}}