{"id":5492,"date":"2023-12-14T08:39:21","date_gmt":"2023-12-14T08:39:21","guid":{"rendered":"https:\/\/wpachem.com\/?post_type=product&#038;p=5492"},"modified":"2023-12-14T08:39:21","modified_gmt":"2023-12-14T08:39:21","slug":"cis-3-hexenyl-salicylate-cas-65405-77-8","status":"publish","type":"product","link":"https:\/\/wpachem.com\/tr\/urun\/cis-3-hexenyl-salicylate-cas-65405-77-8\/","title":{"rendered":"Cis-3-Heksenil salisilat CAS 65405-77-8"},"content":{"rendered":"<p><strong>\u00d6zellik<\/strong><\/p>\n<p>G\u00fc\u00e7l\u00fc taze bir kokuya sahip, krema ve ya\u011f kokusu ile taze bitkisel aromalar\u0131n haz\u0131rlanmas\u0131nda kullan\u0131labilir. G\u00fcnl\u00fck kimyasal aromalarda yayg\u0131n olarak kullan\u0131l\u0131r.<\/p>\n<p><strong>Ba\u015fvuru<\/strong><\/p>\n<p>Yenilebilir ve g\u00fcnl\u00fck lezzet haz\u0131rlamak i\u00e7in kullan\u0131l\u0131r<\/p>\n<p><strong>Paketleme ve Depolama<\/strong><\/p>\n<p>Kab\u0131 s\u0131k\u0131ca kapal\u0131 olarak kuru, serin ve iyi havaland\u0131r\u0131lan bir yerde saklay\u0131n. G\u0131da kaplar\u0131ndan veya uyumsuz malzemelerden ayr\u0131 saklay\u0131n.<\/p>","protected":false},"excerpt":{"rendered":"<p>\u00dcr\u00fcn ad\u0131: Cis-3-Heksenil salisilat<br \/>\nKasa numaras\u0131: 65405-77-8<br \/>\nMF: C13H16O3<br \/>\nG\u00f6r\u00fcn\u00fcm: renksiz Ya\u011fl\u0131 s\u0131v\u0131<\/p>","protected":false},"featured_media":3323,"template":"","meta":{"_acf_changed":false,"_gspb_post_css":""},"product_brand":[],"product_cat":[61],"product_tag":[],"class_list":{"0":"post-5492","1":"product","2":"type-product","3":"status-publish","4":"has-post-thumbnail","6":"product_cat-flavor-and-fragrance","8":"first","9":"instock","10":"shipping-taxable","11":"product-type-simple"},"acf":[],"_links":{"self":[{"href":"https:\/\/wpachem.com\/tr\/wp-json\/wp\/v2\/product\/5492","targetHints":{"allow":["GET"]}}],"collection":[{"href":"https:\/\/wpachem.com\/tr\/wp-json\/wp\/v2\/product"}],"about":[{"href":"https:\/\/wpachem.com\/tr\/wp-json\/wp\/v2\/types\/product"}],"version-history":[{"count":0,"href":"https:\/\/wpachem.com\/tr\/wp-json\/wp\/v2\/product\/5492\/revisions"}],"wp:featuredmedia":[{"embeddable":true,"href":"https:\/\/wpachem.com\/tr\/wp-json\/wp\/v2\/media\/3323"}],"wp:attachment":[{"href":"https:\/\/wpachem.com\/tr\/wp-json\/wp\/v2\/media?parent=5492"}],"wp:term":[{"taxonomy":"product_brand","embeddable":true,"href":"https:\/\/wpachem.com\/tr\/wp-json\/wp\/v2\/product_brand?post=5492"},{"taxonomy":"product_cat","embeddable":true,"href":"https:\/\/wpachem.com\/tr\/wp-json\/wp\/v2\/product_cat?post=5492"},{"taxonomy":"product_tag","embeddable":true,"href":"https:\/\/wpachem.com\/tr\/wp-json\/wp\/v2\/product_tag?post=5492"}],"curies":[{"name":"wp","href":"https:\/\/api.w.org\/{rel}","templated":true}]}}