{"id":5514,"date":"2023-12-21T08:36:15","date_gmt":"2023-12-21T08:36:15","guid":{"rendered":"https:\/\/wpachem.com\/?post_type=product&#038;p=5514"},"modified":"2024-01-31T05:51:31","modified_gmt":"2024-01-31T05:51:31","slug":"dihydroxypropane-cas-57-55-6","status":"publish","type":"product","link":"https:\/\/wpachem.com\/tr\/urun\/dihydroxypropane-cas-57-55-6\/","title":{"rendered":"Dihidroksipropan CAS 57-55-6"},"content":{"rendered":"<p><strong>\u00d6zellik<\/strong><\/p>\n<p>Renksiz veya sar\u0131ms\u0131 viskoz s\u0131v\u0131, hafif tuzlu ve seyreltici. Esas olarak yeni polyester polipropilen tereftalat (PTT) \u00fcretmek i\u00e7in kullan\u0131l\u0131r. PTT sadece polietilen tereftalat\u0131n (PET) kimyasal kararl\u0131l\u0131\u011f\u0131na sahip olmakla kalmaz, ayn\u0131 zamanda iyi bir esnekli\u011fe ve kirlilik \u00f6nleme \u00f6zelli\u011fine de sahiptir, bu nedenle tekstil alan\u0131nda iyi bir uygulamaya sahiptir.<\/p>\n<p><strong>Ba\u015fvuru<\/strong><\/p>\n<ol>\n<li>Antifriz, em\u00fclgat\u00f6r ve di\u011fer ince kimyasal hammadde olarak da kullan\u0131labilir.<\/li>\n<li>Bir\u00e7ok ilac\u0131n, yeni polyester PTT&#039;nin, farmas\u00f6tik ara \u00fcr\u00fcnlerin ve yeni antioksidanlar\u0131n sentezinde kullan\u0131labilir.<\/li>\n<\/ol>\n<p><strong>Paketleme ve Depolama<\/strong><\/p>\n<p>Serin yerde saklay\u0131n\u0131z. Kab\u0131 s\u0131k\u0131ca kapal\u0131 olarak kuru ve iyi havaland\u0131r\u0131lm\u0131\u015f bir yerde muhafaza ediniz.<\/p>","protected":false},"excerpt":{"rendered":"<p>\u00dcr\u00fcn ad\u0131: Dihidroksipropan<br \/>\nKasa numaras\u0131: 57-55-6<br \/>\nMF: C3H8O2<br \/>\nG\u00f6r\u00fcn\u00fcm: Renksiz veya sar\u0131ms\u0131 viskoz s\u0131v\u0131<\/p>","protected":false},"featured_media":4888,"template":"","meta":{"_acf_changed":false,"_gspb_post_css":""},"product_brand":[],"product_cat":[60],"product_tag":[],"class_list":{"0":"post-5514","1":"product","2":"type-product","3":"status-publish","4":"has-post-thumbnail","6":"product_cat-cosmetic-ingredients","8":"first","9":"instock","10":"shipping-taxable","11":"product-type-simple"},"acf":[],"_links":{"self":[{"href":"https:\/\/wpachem.com\/tr\/wp-json\/wp\/v2\/product\/5514","targetHints":{"allow":["GET"]}}],"collection":[{"href":"https:\/\/wpachem.com\/tr\/wp-json\/wp\/v2\/product"}],"about":[{"href":"https:\/\/wpachem.com\/tr\/wp-json\/wp\/v2\/types\/product"}],"version-history":[{"count":0,"href":"https:\/\/wpachem.com\/tr\/wp-json\/wp\/v2\/product\/5514\/revisions"}],"wp:featuredmedia":[{"embeddable":true,"href":"https:\/\/wpachem.com\/tr\/wp-json\/wp\/v2\/media\/4888"}],"wp:attachment":[{"href":"https:\/\/wpachem.com\/tr\/wp-json\/wp\/v2\/media?parent=5514"}],"wp:term":[{"taxonomy":"product_brand","embeddable":true,"href":"https:\/\/wpachem.com\/tr\/wp-json\/wp\/v2\/product_brand?post=5514"},{"taxonomy":"product_cat","embeddable":true,"href":"https:\/\/wpachem.com\/tr\/wp-json\/wp\/v2\/product_cat?post=5514"},{"taxonomy":"product_tag","embeddable":true,"href":"https:\/\/wpachem.com\/tr\/wp-json\/wp\/v2\/product_tag?post=5514"}],"curies":[{"name":"wp","href":"https:\/\/api.w.org\/{rel}","templated":true}]}}