{"id":5516,"date":"2023-12-21T08:46:20","date_gmt":"2023-12-21T08:46:20","guid":{"rendered":"https:\/\/wpachem.com\/?post_type=product&#038;p=5516"},"modified":"2024-02-19T02:56:03","modified_gmt":"2024-02-19T02:56:03","slug":"kojic-acid-powder-cas-501-30-4","status":"publish","type":"product","link":"https:\/\/wpachem.com\/tr\/urun\/kojic-acid-powder-cas-501-30-4\/","title":{"rendered":"Kojik asit tozu CAS 501-30-4"},"content":{"rendered":"<p><strong>\u00d6zellik<\/strong><\/p>\n<p>Kojik asit kristalleri prizmatik, i\u011fnemsi ve renksizdir. Kojik asit suda, alkolde, asetonda \u00e7\u00f6z\u00fcn\u00fcr, eterde, etil asetatta, kloroformda, piridinde az \u00e7\u00f6z\u00fcn\u00fcr, di\u011fer \u00e7o\u011fu \u00e7\u00f6z\u00fcc\u00fcde \u00e7\u00f6z\u00fcnmez. Aseton, etil asetat ve di\u011fer \u00e7\u00f6z\u00fcc\u00fclerde kristalle\u015ftirme yoluyla safla\u015ft\u0131r\u0131labilir ve ayr\u0131ca 150 ~ 200\u2103&#039;de bas\u0131n\u00e7 alt\u0131nda s\u00fcblimle\u015ftirilebilir.<\/p>\n<p><strong>Ba\u015fvuru<\/strong><\/p>\n<ol>\n<li>Kojik asit yeni bir g\u0131da katk\u0131 maddesi haline gelebilir. G\u0131da koruyucu olarak performans\u0131 sorbik asitten daha iyidir.<\/li>\n<li>Kojik asit, tirozinaz inhibit\u00f6r\u00fc olup, tirozinazdaki bak\u0131r iyonlar\u0131yla \u00f6nceden kar\u0131\u015farak bak\u0131r iyonlar\u0131n\u0131n etkisini kaybetmesine ve b\u00f6ylece dopa pigmentinin sentezini engellemesine neden olabilir.<\/li>\n<li>Kojik asit ve iki de\u011ferlikli a\u011f\u0131r metallerden olu\u015fan kompleks, Bordeaux lik\u00f6r\u00fcnden (b\u00f6cek \u00f6ld\u00fcr\u00fcc\u00fc ve bakteri \u00f6ld\u00fcr\u00fcc\u00fc bir madde) bir\u00e7ok bitki mantar hastal\u0131\u011f\u0131na kar\u015f\u0131 daha etkilidir.<\/li>\n<li>Kojik asit sefalosporin antibiyotiklerinin \u00fcretiminde hammadde olarak kullan\u0131labilir.<\/li>\n<\/ol>\n<p><strong>Paketleme ve Depolama<\/strong><\/p>\n<p>Kab\u0131 s\u0131k\u0131ca kapal\u0131 olarak kuru, serin ve iyi havaland\u0131r\u0131lan bir yerde saklay\u0131n. G\u0131da kaplar\u0131ndan veya uyumsuz malzemelerden ayr\u0131 saklay\u0131n.<\/p>","protected":false},"excerpt":{"rendered":"<p>\u00dcr\u00fcn ad\u0131: Kojik asit<br \/>\nKasa numaras\u0131: 501-30-4<br \/>\nMF: C6H6O4<br \/>\nG\u00f6r\u00fcn\u00fcm: prizmatik, i\u011fnemsi ve renksiz kristaller<\/p>","protected":false},"featured_media":3012,"template":"","meta":{"_acf_changed":false,"_gspb_post_css":""},"product_brand":[],"product_cat":[60,129],"product_tag":[],"class_list":{"0":"post-5516","1":"product","2":"type-product","3":"status-publish","4":"has-post-thumbnail","6":"product_cat-cosmetic-ingredients","7":"product_cat-whitening-agent","9":"first","10":"instock","11":"shipping-taxable","12":"product-type-simple"},"acf":[],"_links":{"self":[{"href":"https:\/\/wpachem.com\/tr\/wp-json\/wp\/v2\/product\/5516","targetHints":{"allow":["GET"]}}],"collection":[{"href":"https:\/\/wpachem.com\/tr\/wp-json\/wp\/v2\/product"}],"about":[{"href":"https:\/\/wpachem.com\/tr\/wp-json\/wp\/v2\/types\/product"}],"version-history":[{"count":0,"href":"https:\/\/wpachem.com\/tr\/wp-json\/wp\/v2\/product\/5516\/revisions"}],"wp:featuredmedia":[{"embeddable":true,"href":"https:\/\/wpachem.com\/tr\/wp-json\/wp\/v2\/media\/3012"}],"wp:attachment":[{"href":"https:\/\/wpachem.com\/tr\/wp-json\/wp\/v2\/media?parent=5516"}],"wp:term":[{"taxonomy":"product_brand","embeddable":true,"href":"https:\/\/wpachem.com\/tr\/wp-json\/wp\/v2\/product_brand?post=5516"},{"taxonomy":"product_cat","embeddable":true,"href":"https:\/\/wpachem.com\/tr\/wp-json\/wp\/v2\/product_cat?post=5516"},{"taxonomy":"product_tag","embeddable":true,"href":"https:\/\/wpachem.com\/tr\/wp-json\/wp\/v2\/product_tag?post=5516"}],"curies":[{"name":"wp","href":"https:\/\/api.w.org\/{rel}","templated":true}]}}