{"id":5520,"date":"2023-12-21T08:59:43","date_gmt":"2023-12-21T08:59:43","guid":{"rendered":"https:\/\/wpachem.com\/?post_type=product&#038;p=5520"},"modified":"2024-01-31T05:37:20","modified_gmt":"2024-01-31T05:37:20","slug":"squalane-cas-111-01-3","status":"publish","type":"product","link":"https:\/\/wpachem.com\/tr\/urun\/squalane-cas-111-01-3\/","title":{"rendered":"Skualen CAS 111-01-3"},"content":{"rendered":"<p><strong>\u00d6zellik<\/strong><\/p>\n<p>Rafine skualen renksiz, tats\u0131z, kokusuz, inert \u015feffaf ya\u011fl\u0131 viskoz bir s\u0131v\u0131d\u0131r. Ge\u00e7irgenli\u011fi, kayganl\u0131\u011f\u0131 ve ge\u00e7irgenli\u011fi di\u011fer ya\u011flardan daha iyidir ve \u00e7o\u011fu kozmetik hammaddesiyle uyumludur.<\/p>\n<p><strong>Ba\u015fvuru<\/strong><\/p>\n<p>Balsam ve besin em\u00fclsiyonu gibi temel kozmetiklerin ya\u011fl\u0131 hammaddesi olarak kullan\u0131labilir. Skualen h\u00fccrelere oksijen ve besin sa\u011flar, h\u00fccre metabolizmas\u0131n\u0131 destekler, cildin d\u0131\u015f tabakas\u0131nda sebum zar\u0131 olu\u015fturur, su kayb\u0131n\u0131 \u00f6nler ve bakteri, toz ve UV hasar\u0131na kar\u015f\u0131 korur.<\/p>\n<p><strong>Paketleme ve Depolama<\/strong><\/p>\n<p>Serin yerde saklay\u0131n\u0131z. Kab\u0131 s\u0131k\u0131ca kapal\u0131 olarak kuru ve iyi havaland\u0131r\u0131lm\u0131\u015f bir yerde muhafaza ediniz.<\/p>","protected":false},"excerpt":{"rendered":"<p>\u00dcr\u00fcn ad\u0131: Bitki skualen<br \/>\nKasa numaras\u0131: 111-01-3<br \/>\nMF: C30H62<br \/>\nG\u00f6r\u00fcn\u00fcm: renksiz, tats\u0131z, kokusuz, etkisiz \u015feffaf ya\u011fl\u0131 viskoz s\u0131v\u0131<\/p>","protected":false},"featured_media":3321,"template":"","meta":{"_acf_changed":false,"_gspb_post_css":""},"product_brand":[],"product_cat":[60],"product_tag":[],"class_list":{"0":"post-5520","1":"product","2":"type-product","3":"status-publish","4":"has-post-thumbnail","6":"product_cat-cosmetic-ingredients","8":"first","9":"instock","10":"shipping-taxable","11":"product-type-simple"},"acf":[],"_links":{"self":[{"href":"https:\/\/wpachem.com\/tr\/wp-json\/wp\/v2\/product\/5520","targetHints":{"allow":["GET"]}}],"collection":[{"href":"https:\/\/wpachem.com\/tr\/wp-json\/wp\/v2\/product"}],"about":[{"href":"https:\/\/wpachem.com\/tr\/wp-json\/wp\/v2\/types\/product"}],"version-history":[{"count":0,"href":"https:\/\/wpachem.com\/tr\/wp-json\/wp\/v2\/product\/5520\/revisions"}],"wp:featuredmedia":[{"embeddable":true,"href":"https:\/\/wpachem.com\/tr\/wp-json\/wp\/v2\/media\/3321"}],"wp:attachment":[{"href":"https:\/\/wpachem.com\/tr\/wp-json\/wp\/v2\/media?parent=5520"}],"wp:term":[{"taxonomy":"product_brand","embeddable":true,"href":"https:\/\/wpachem.com\/tr\/wp-json\/wp\/v2\/product_brand?post=5520"},{"taxonomy":"product_cat","embeddable":true,"href":"https:\/\/wpachem.com\/tr\/wp-json\/wp\/v2\/product_cat?post=5520"},{"taxonomy":"product_tag","embeddable":true,"href":"https:\/\/wpachem.com\/tr\/wp-json\/wp\/v2\/product_tag?post=5520"}],"curies":[{"name":"wp","href":"https:\/\/api.w.org\/{rel}","templated":true}]}}