{"id":5611,"date":"2024-01-03T09:54:49","date_gmt":"2024-01-03T09:54:49","guid":{"rendered":"https:\/\/wpapigments.com\/?post_type=product&amp;p=5611"},"modified":"2024-01-03T09:54:49","modified_gmt":"2024-01-03T09:54:49","slug":"pigment-red-112-pigment-permanent-red-fgr-p-r-112-cas-no-6535-46-2","status":"publish","type":"product","link":"https:\/\/wpachem.com\/tr\/urun\/pigment-red-112-pigment-permanent-red-fgr-p-r-112-cas-no-6535-46-2\/","title":{"rendered":"Pigment K\u0131rm\u0131z\u0131 112\/Pigment Kal\u0131c\u0131 K\u0131rm\u0131z\u0131 FGR\/PR112 CAS No. 6535-46-2"},"content":{"rendered":"<p><b>\u00dcr\u00fcn ad\u0131:<\/b><\/p>\n<p>Pigment Kal\u0131c\u0131 K\u0131rm\u0131z\u0131 FGR\/PR112<\/p>\n<p><b>Karakter:<\/b><br \/>\nPigment K\u0131rm\u0131z\u0131 112 parlak renkli, iyi stabiliteye sahip k\u0131rm\u0131z\u0131 toz formundad\u0131r.<\/p>\n<p><b>Fiziksel ve kimyasal \u00f6zellikler:<\/b><\/p>\n<table width=\"753\">\n<tbody>\n<tr>\n<td colspan=\"2\" rowspan=\"2\" width=\"334\">\u7269\u5316\u6570\u636e<br \/>\nFiziksel Veriler<\/td>\n<td width=\"239\">Yo\u011funluk g\/CM3<\/td>\n<td width=\"180\">1.40-1.60<\/td>\n<\/tr>\n<tr>\n<td width=\"239\">\u5438\u6cb9\u91cf Ya\u011f Absorbsiyonu ml\/100g<\/td>\n<td width=\"180\">60-90<\/td>\n<\/tr>\n<tr>\n<td colspan=\"2\" rowspan=\"7\" width=\"334\">Amerika Birle\u015fik Devletleri<br \/>\nH\u0131zl\u0131l\u0131k \u00d6zellikleri<\/td>\n<td width=\"239\">I\u015f\u0131k Hasl\u0131\u011f\u0131<\/td>\n<td width=\"180\">5<\/td>\n<\/tr>\n<tr>\n<td width=\"239\">Is\u0131 Direnci<\/td>\n<td width=\"180\">140<\/td>\n<\/tr>\n<tr>\n<td width=\"239\">Suya Dayan\u0131kl\u0131l\u0131k<\/td>\n<td width=\"180\">5<\/td>\n<\/tr>\n<tr>\n<td width=\"239\">Ya\u011f Direnci<\/td>\n<td width=\"180\">3<\/td>\n<\/tr>\n<tr>\n<td width=\"239\">Asit Direnci<\/td>\n<td width=\"180\">5<\/td>\n<\/tr>\n<tr>\n<td width=\"239\">Alkali Direnci<\/td>\n<td width=\"180\">5<\/td>\n<\/tr>\n<tr>\n<td width=\"239\">Alkol Direnci<\/td>\n<td width=\"180\">4<\/td>\n<\/tr>\n<\/tbody>\n<\/table>\n<p>&nbsp;<\/p>\n<p><strong>Ba\u015fvuru:<\/strong><\/p>\n<p>Esas olarak panit, plastik, m\u00fcrekkep i\u00e7in kullan\u0131l\u0131r<\/p>\n<p>1) Boya Kullan\u0131m\u0131: End\u00fcstriyel Boya, Toz Boya, Dekoratif Kaplama, Tekstil Bask\u0131, Su Bazl\u0131 Boyama<\/p>\n<p>2) Plastik Kullan\u0131m\u0131: PVC, PP, PE, PS, ABS<\/p>\n<p>3)M\u00fcrekkep Kullan\u0131m\u0131: Ofset M\u00fcrekkep, Su Bazl\u0131 M\u00fcrekkep<\/p>","protected":false},"excerpt":{"rendered":"<p><strong>\u00dcr\u00fcn Ad\u0131:<\/strong> Pigment Uthol Rubin L4BW<\/p>\n<p><strong>Renk \u0130ndeksi:<\/strong> PR57:1<\/p>\n<p><strong>D\u0131\u015f g\u00f6r\u00fcn\u00fc\u015f:<\/strong> K\u0131rm\u0131z\u0131 toz<\/p>\n<p><strong>CAS Numaras\u0131:<\/strong> 5281-04-9<\/p>\n<p><strong>Di\u011fer Ad\u0131:<\/strong><\/p>\n<p>CI 15850;<\/p>\n<p>P\u0130GMENT KIRMIZI 57;<\/p>\n<p>LITHOL RUB\u0130N BCA;<\/p>\n<p>Lithol Rubin B;<\/p>\n<p>E180;D&amp;CRED7;<\/p>\n<p>C K\u0131rm\u0131z\u0131 7;Yakut 4BN;<\/p>\n<p>CI15850:1;<\/p>\n<p>&nbsp;<\/p>\n<p>&nbsp;<\/p>\n<p>&nbsp;<\/p>\n<p>&nbsp;<\/p>","protected":false},"featured_media":7616,"template":"","meta":{"_acf_changed":false,"_gspb_post_css":""},"product_brand":[],"product_cat":[161,162,163],"product_tag":[],"class_list":{"0":"post-5611","1":"product","2":"type-product","3":"status-publish","4":"has-post-thumbnail","6":"product_cat-for-plastics","7":"product_cat-for-inks","8":"product_cat-for-paints-and-coatings","10":"first","11":"instock","12":"shipping-taxable","13":"product-type-simple"},"acf":[],"_links":{"self":[{"href":"https:\/\/wpachem.com\/tr\/wp-json\/wp\/v2\/product\/5611","targetHints":{"allow":["GET"]}}],"collection":[{"href":"https:\/\/wpachem.com\/tr\/wp-json\/wp\/v2\/product"}],"about":[{"href":"https:\/\/wpachem.com\/tr\/wp-json\/wp\/v2\/types\/product"}],"version-history":[{"count":0,"href":"https:\/\/wpachem.com\/tr\/wp-json\/wp\/v2\/product\/5611\/revisions"}],"wp:featuredmedia":[{"embeddable":true,"href":"https:\/\/wpachem.com\/tr\/wp-json\/wp\/v2\/media\/7616"}],"wp:attachment":[{"href":"https:\/\/wpachem.com\/tr\/wp-json\/wp\/v2\/media?parent=5611"}],"wp:term":[{"taxonomy":"product_brand","embeddable":true,"href":"https:\/\/wpachem.com\/tr\/wp-json\/wp\/v2\/product_brand?post=5611"},{"taxonomy":"product_cat","embeddable":true,"href":"https:\/\/wpachem.com\/tr\/wp-json\/wp\/v2\/product_cat?post=5611"},{"taxonomy":"product_tag","embeddable":true,"href":"https:\/\/wpachem.com\/tr\/wp-json\/wp\/v2\/product_tag?post=5611"}],"curies":[{"name":"wp","href":"https:\/\/api.w.org\/{rel}","templated":true}]}}