{"id":5617,"date":"2024-01-04T09:23:01","date_gmt":"2024-01-04T09:23:01","guid":{"rendered":"https:\/\/wpapigments.com\/?post_type=product&amp;p=5617"},"modified":"2024-01-04T09:23:01","modified_gmt":"2024-01-04T09:23:01","slug":"pigment-red-122-pigment-quincidone-magenta-p-r-122-cas-no-980-26-7","status":"publish","type":"product","link":"https:\/\/wpachem.com\/tr\/urun\/pigment-red-122-pigment-quincidone-magenta-p-r-122-cas-no-980-26-7\/","title":{"rendered":"Pigment K\u0131rm\u0131z\u0131 122\/Pigment Quincidon Macenta\/PR122 CAS No. 980-26-7"},"content":{"rendered":"<p><b>\u00dcr\u00fcn ad\u0131:<\/b><\/p>\n<p>Pigment K\u0131rm\u0131z\u0131 122<\/p>\n<p><b>Karakter:<\/b><br \/>\nPigment K\u0131rm\u0131z\u0131 122, macentaya yak\u0131n \u00e7ok parlak mavimsi bir k\u0131rm\u0131z\u0131d\u0131r.<\/p>\n<p><b>Fiziksel ve kimyasal \u00f6zellikler:<\/b><\/p>\n<table width=\"753\">\n<tbody>\n<tr>\n<td colspan=\"2\" rowspan=\"2\" width=\"334\">\u7269\u5316\u6570\u636e<br \/>\nFiziksel Veriler<\/td>\n<td width=\"239\">Yo\u011funluk g\/CM3<\/td>\n<td width=\"180\">1.35-1.55<\/td>\n<\/tr>\n<tr>\n<td width=\"239\">\u5438\u6cb9\u91cf Ya\u011f Absorbsiyonu ml\/100g<\/td>\n<td width=\"180\">40-70<\/td>\n<\/tr>\n<tr>\n<td colspan=\"2\" rowspan=\"7\" width=\"334\">Amerika Birle\u015fik Devletleri<br \/>\nH\u0131zl\u0131l\u0131k \u00d6zellikleri<\/td>\n<td width=\"239\">I\u015f\u0131k Hasl\u0131\u011f\u0131<\/td>\n<td width=\"180\">7<\/td>\n<\/tr>\n<tr>\n<td width=\"239\">Is\u0131 Direnci<\/td>\n<td width=\"180\">180<\/td>\n<\/tr>\n<tr>\n<td width=\"239\">Suya Dayan\u0131kl\u0131l\u0131k<\/td>\n<td width=\"180\">5<\/td>\n<\/tr>\n<tr>\n<td width=\"239\">Ya\u011f Direnci<\/td>\n<td width=\"180\">5<\/td>\n<\/tr>\n<tr>\n<td width=\"239\">Asit Direnci<\/td>\n<td width=\"180\">5<\/td>\n<\/tr>\n<tr>\n<td width=\"239\">Alkali Direnci<\/td>\n<td width=\"180\">5<\/td>\n<\/tr>\n<tr>\n<td width=\"239\">Alkol Direnci<\/td>\n<td width=\"180\">5<\/td>\n<\/tr>\n<\/tbody>\n<\/table>\n<p>&nbsp;<\/p>\n<p><strong>Ba\u015fvuru:<\/strong><\/p>\n<p>Esas olarak panit, plastik, m\u00fcrekkep i\u00e7in kullan\u0131l\u0131r<\/p>\n<p>1) Boya Kullan\u0131m\u0131: End\u00fcstriyel Boya, Toz Boya, Oto Boyas\u0131, Su Bazl\u0131 Boyama<\/p>\n<p>2) Plastik Kullan\u0131m\u0131: PVC, PP, PE, PS, ABS, EVA, KAU\u00c7UK<\/p>\n<p>3)M\u00fcrekkep Kullan\u0131m\u0131: Ofset M\u00fcrekkep, Su Bazl\u0131 M\u00fcrekkep, Solvent Bazl\u0131 M\u00fcrekkep<\/p>","protected":false},"excerpt":{"rendered":"<p><strong>\u00dcr\u00fcn Ad\u0131:<\/strong> Pigment K\u0131rm\u0131z\u0131 122<\/p>\n<p><strong>Renk \u0130ndeksi:<\/strong> PR122<\/p>\n<p><strong>D\u0131\u015f g\u00f6r\u00fcn\u00fc\u015f:<\/strong> K\u0131rm\u0131z\u0131 toz<\/p>\n<p><strong>CAS Numaras\u0131:<\/strong> 980-26-7<\/p>\n<p><strong>Di\u011fer Ad\u0131:<\/strong><\/p>\n<p>P\u0130GMENT KIRMIZI;<\/p>\n<p>CI 73915;CIPR122;<\/p>\n<p>122P\u0130GMENT KIRMIZI;<\/p>\n<p>9 P\u0130GMENT KIRMIZI 9;<\/p>\n<p>8 P\u0130GMENT KIRMIZI 8;<\/p>\n<p>Pigment K\u0131rm\u0131z\u0131 122;<\/p>\n<p>Quindo K\u0131rm\u0131z\u0131 -W;<\/p>\n<p>TRANSK\u0130NAKR\u0130DON;<\/p>\n<p>112 P\u0130GMENT KIRMIZI 112<\/p>\n<dl><\/dl>\n<p>&nbsp;<\/p>\n<p>&nbsp;<\/p>\n<p>&nbsp;<\/p>\n<p>&nbsp;<\/p>","protected":false},"featured_media":7616,"template":"","meta":{"_acf_changed":false,"_gspb_post_css":""},"product_brand":[],"product_cat":[161,162,163],"product_tag":[],"class_list":{"0":"post-5617","1":"product","2":"type-product","3":"status-publish","4":"has-post-thumbnail","6":"product_cat-for-plastics","7":"product_cat-for-inks","8":"product_cat-for-paints-and-coatings","10":"first","11":"instock","12":"shipping-taxable","13":"product-type-simple"},"acf":[],"_links":{"self":[{"href":"https:\/\/wpachem.com\/tr\/wp-json\/wp\/v2\/product\/5617","targetHints":{"allow":["GET"]}}],"collection":[{"href":"https:\/\/wpachem.com\/tr\/wp-json\/wp\/v2\/product"}],"about":[{"href":"https:\/\/wpachem.com\/tr\/wp-json\/wp\/v2\/types\/product"}],"version-history":[{"count":0,"href":"https:\/\/wpachem.com\/tr\/wp-json\/wp\/v2\/product\/5617\/revisions"}],"wp:featuredmedia":[{"embeddable":true,"href":"https:\/\/wpachem.com\/tr\/wp-json\/wp\/v2\/media\/7616"}],"wp:attachment":[{"href":"https:\/\/wpachem.com\/tr\/wp-json\/wp\/v2\/media?parent=5617"}],"wp:term":[{"taxonomy":"product_brand","embeddable":true,"href":"https:\/\/wpachem.com\/tr\/wp-json\/wp\/v2\/product_brand?post=5617"},{"taxonomy":"product_cat","embeddable":true,"href":"https:\/\/wpachem.com\/tr\/wp-json\/wp\/v2\/product_cat?post=5617"},{"taxonomy":"product_tag","embeddable":true,"href":"https:\/\/wpachem.com\/tr\/wp-json\/wp\/v2\/product_tag?post=5617"}],"curies":[{"name":"wp","href":"https:\/\/api.w.org\/{rel}","templated":true}]}}