{"id":5626,"date":"2024-01-26T08:40:19","date_gmt":"2024-01-26T08:40:19","guid":{"rendered":"https:\/\/wpachem.com\/?post_type=product&#038;p=5626"},"modified":"2024-01-26T09:15:23","modified_gmt":"2024-01-26T09:15:23","slug":"vitamin-b4-choline-chloride-cas-67-48-1","status":"publish","type":"product","link":"https:\/\/wpachem.com\/tr\/urun\/vitamin-b4-choline-chloride-cas-67-48-1\/","title":{"rendered":"B4 Vitamini (Kolin klor\u00fcr) CAS 67-48-1"},"content":{"rendered":"<div><strong><span data-spm-anchor-id=\"a2700.details.0.i23.4db3381coUncIN\">C Vitamini Tozu Nedir?<\/span><\/strong><\/div>\n<div class=\"magic-23\">\n<div class=\"magic-23\" data-spm-anchor-id=\"a2700.details.0.i26.70326dc12rqLNy\">B4 vitamini beyaz higroskopik kristaller halinde, kokusuz ve bal\u0131k kokuludur. Kolin klor\u00fcr besin katk\u0131s\u0131 olarak kullan\u0131labilir.<\/div>\n<\/div>\n<p><strong>C Vitamini Tozu Nerelerde Kullan\u0131l\u0131r?<\/strong><\/p>\n<p>Kolin klor\u00fcr, verimi art\u0131rmada \u00f6nemli etkiye sahip bir bitki fotosentez h\u0131zland\u0131r\u0131c\u0131s\u0131d\u0131r. M\u0131s\u0131r, \u015feker kam\u0131\u015f\u0131, tatl\u0131 patates, patates, turp, so\u011fan, pamuk, t\u00fct\u00fcn, sebze, \u00fcz\u00fcm, mango vb. verimini art\u0131rmak i\u00e7in kullan\u0131labilir. Ya\u011fl\u0131 karaci\u011fer ve sirozu tedavi etmek i\u00e7in kullan\u0131l\u0131r. Ayr\u0131ca k\u00fcmes hayvanlar\u0131 ve \u00e7iftlik hayvanlar\u0131 i\u00e7in yem katk\u0131 maddesi olarak kullan\u0131l\u0131r, yumurtal\u0131klar\u0131n daha fazla yumurta \u00fcretmesini, do\u011fum yapmas\u0131n\u0131 ve k\u00fcmes hayvanlar\u0131 ile bal\u0131klar\u0131n b\u00fcy\u00fcmesini art\u0131rmas\u0131n\u0131 sa\u011flayabilir. Kolin klor\u00fcr, kolinin hidroklor\u00fcr\u00fcd\u00fcr ve etkili bir besin takviyesi ve lipit gidericidir. Ya\u011f metabolizmas\u0131n\u0131 destekleyebilir ve karaci\u011ferde ya\u011f birikmesini \u00f6nleyebilir. Bir vitamin \u00fcr\u00fcn\u00fc olarak ila\u00e7larda, sa\u011fl\u0131k \u00fcr\u00fcnlerinde ve g\u0131da besin takviyelerinde yayg\u0131n olarak kullan\u0131l\u0131r. Bir g\u0131da katk\u0131 maddesi olarak kolin klor\u00fcr, y\u00fcksek kolin i\u00e7eri\u011fi (85%) ve d\u00fc\u015f\u00fck fiyat\u0131 nedeniyle ev kullan\u0131c\u0131lar\u0131 taraf\u0131ndan tercih edilmektedir.<\/p>","protected":false},"excerpt":{"rendered":"<p>\u00dcr\u00fcn Ad\u0131:B4 Vitamini<br \/>\nCAS Numaras\u0131: 67-48-1<br \/>\nMF:C5H14ClNO<br \/>\nG\u00f6r\u00fcn\u00fcm: Beyaz higroskopik kristaller<\/p>","protected":false},"featured_media":2160,"template":"","meta":{"_acf_changed":false,"_gspb_post_css":""},"product_brand":[],"product_cat":[55,103],"product_tag":[],"class_list":{"0":"post-5626","1":"product","2":"type-product","3":"status-publish","4":"has-post-thumbnail","6":"product_cat-food-additives","7":"product_cat-nutrition-enhancer","9":"first","10":"instock","11":"shipping-taxable","12":"product-type-simple"},"acf":[],"_links":{"self":[{"href":"https:\/\/wpachem.com\/tr\/wp-json\/wp\/v2\/product\/5626","targetHints":{"allow":["GET"]}}],"collection":[{"href":"https:\/\/wpachem.com\/tr\/wp-json\/wp\/v2\/product"}],"about":[{"href":"https:\/\/wpachem.com\/tr\/wp-json\/wp\/v2\/types\/product"}],"version-history":[{"count":0,"href":"https:\/\/wpachem.com\/tr\/wp-json\/wp\/v2\/product\/5626\/revisions"}],"wp:featuredmedia":[{"embeddable":true,"href":"https:\/\/wpachem.com\/tr\/wp-json\/wp\/v2\/media\/2160"}],"wp:attachment":[{"href":"https:\/\/wpachem.com\/tr\/wp-json\/wp\/v2\/media?parent=5626"}],"wp:term":[{"taxonomy":"product_brand","embeddable":true,"href":"https:\/\/wpachem.com\/tr\/wp-json\/wp\/v2\/product_brand?post=5626"},{"taxonomy":"product_cat","embeddable":true,"href":"https:\/\/wpachem.com\/tr\/wp-json\/wp\/v2\/product_cat?post=5626"},{"taxonomy":"product_tag","embeddable":true,"href":"https:\/\/wpachem.com\/tr\/wp-json\/wp\/v2\/product_tag?post=5626"}],"curies":[{"name":"wp","href":"https:\/\/api.w.org\/{rel}","templated":true}]}}