{"id":5669,"date":"2024-01-05T06:31:39","date_gmt":"2024-01-05T06:31:39","guid":{"rendered":"https:\/\/wpapigments.com\/?post_type=product&amp;p=5669"},"modified":"2024-01-05T06:31:39","modified_gmt":"2024-01-05T06:31:39","slug":"pigment-yellow-83-permanent-yellow-hr-07-p-y-83-cas-no-5567-15-7","status":"publish","type":"product","link":"https:\/\/wpachem.com\/tr\/urun\/pigment-yellow-83-permanent-yellow-hr-07-p-y-83-cas-no-5567-15-7\/","title":{"rendered":"Pigment Sar\u0131 83 (Kal\u0131c\u0131 Sar\u0131 H110)\/PY83 CAS No.5567-15-7"},"content":{"rendered":"<p><strong>\u00d6zellik<\/strong><\/p>\n<p><strong><b>Erkek \u00d6zellikleri<\/b><\/strong>: K\u0131rm\u0131z\u0131 g\u00f6lge,<\/p>\n<p><strong><b>Ba\u015fvuru:<\/b><\/strong><\/p>\n<ol>\n<li><strong><b>Plastik Kullan\u0131m\u0131: <\/b><\/strong>PVC, PP, PE, PS, ABS, EVA, Kau\u00e7uk.<\/li>\n<li><strong><b>M\u00fcrekkep Kullan\u0131m\u0131:<\/b><\/strong>\u00a0Ofset M\u00fcrekkep, Su Bazl\u0131 M\u00fcrekkep, Solvent Bazl\u0131 M\u00fcrekkep.<\/li>\n<\/ol>","protected":false},"excerpt":{"rendered":"<p><strong><b>\u00dcr\u00fcn Ad\u0131:<\/b><\/strong>Kal\u0131c\u0131 Sar\u0131 H110<\/p>\n<p><strong>Renk \u0130ndeksi:<\/strong>\u00a083. S\u0131n\u0131f<\/p>\n<p><strong>D\u0131\u015f g\u00f6r\u00fcn\u00fc\u015f:<\/strong>\u00a0Sar\u0131 toz<\/p>\n<p><strong>CAS Numaras\u0131:<\/strong>5567-15-7<\/p>\n<p><strong>Di\u011fer Ad\u0131:<\/strong>Pigment Sar\u0131 83<\/p>","protected":false},"featured_media":7617,"template":"","meta":{"_acf_changed":false,"_gspb_post_css":""},"product_brand":[],"product_cat":[161,162],"product_tag":[],"class_list":{"0":"post-5669","1":"product","2":"type-product","3":"status-publish","4":"has-post-thumbnail","6":"product_cat-for-plastics","7":"product_cat-for-inks","9":"first","10":"instock","11":"shipping-taxable","12":"product-type-simple"},"acf":[],"_links":{"self":[{"href":"https:\/\/wpachem.com\/tr\/wp-json\/wp\/v2\/product\/5669","targetHints":{"allow":["GET"]}}],"collection":[{"href":"https:\/\/wpachem.com\/tr\/wp-json\/wp\/v2\/product"}],"about":[{"href":"https:\/\/wpachem.com\/tr\/wp-json\/wp\/v2\/types\/product"}],"version-history":[{"count":0,"href":"https:\/\/wpachem.com\/tr\/wp-json\/wp\/v2\/product\/5669\/revisions"}],"wp:featuredmedia":[{"embeddable":true,"href":"https:\/\/wpachem.com\/tr\/wp-json\/wp\/v2\/media\/7617"}],"wp:attachment":[{"href":"https:\/\/wpachem.com\/tr\/wp-json\/wp\/v2\/media?parent=5669"}],"wp:term":[{"taxonomy":"product_brand","embeddable":true,"href":"https:\/\/wpachem.com\/tr\/wp-json\/wp\/v2\/product_brand?post=5669"},{"taxonomy":"product_cat","embeddable":true,"href":"https:\/\/wpachem.com\/tr\/wp-json\/wp\/v2\/product_cat?post=5669"},{"taxonomy":"product_tag","embeddable":true,"href":"https:\/\/wpachem.com\/tr\/wp-json\/wp\/v2\/product_tag?post=5669"}],"curies":[{"name":"wp","href":"https:\/\/api.w.org\/{rel}","templated":true}]}}