{"id":5702,"date":"2024-01-05T08:02:50","date_gmt":"2024-01-05T08:02:50","guid":{"rendered":"https:\/\/wpapigments.com\/?post_type=product&amp;p=5702"},"modified":"2024-01-05T08:02:50","modified_gmt":"2024-01-05T08:02:50","slug":"pigment-yellow-150-fast-yellow-4g-p-y-150-cas-no-68511-62-6","status":"publish","type":"product","link":"https:\/\/wpachem.com\/tr\/urun\/pigment-yellow-150-fast-yellow-4g-p-y-150-cas-no-68511-62-6\/","title":{"rendered":"Pigment Sar\u0131 150 (H\u0131zl\u0131 Sar\u0131 4G)\/PY150 CAS No.68511-62-6"},"content":{"rendered":"<p><strong>\u00d6zellik<\/strong><\/p>\n<p><strong><b>Erkek \u00d6zellikleri<\/b><\/strong>: Ye\u015fil g\u00f6lge, Y\u00fcksek \u015feffafl\u0131k, Y\u00fcksek parlakl\u0131k<\/p>\n<p><strong><b>Ba\u015fvuru:<\/b><\/strong><\/p>\n<ol>\n<li>Boya Kullan\u0131m\u0131: End\u00fcstriyel Boya, Toz Boya, Su Bazl\u0131 Boya.<\/li>\n<li>Kullan\u0131lan M\u00fcrekkep: Ofset M\u00fcrekkep, Su Bazl\u0131 M\u00fcrekkep, Metal Dekor, Solvent Bazl\u0131 M\u00fcrekkep.<\/li>\n<\/ol>\n<p>&nbsp;<\/p>","protected":false},"excerpt":{"rendered":"<p><strong><b>\u00dcr\u00fcn Ad\u0131<\/b><\/strong><strong><b>:<\/b><\/strong>H\u0131zl\u0131 Sar\u0131 4G<\/p>\n<p><strong>Renk \u0130ndeksi:<\/strong>\u00a0150. SAYFA<\/p>\n<p><strong>D\u0131\u015f g\u00f6r\u00fcn\u00fc\u015f:<\/strong>\u00a0Sar\u0131 toz<\/p>\n<p><strong>CAS Numaras\u0131:<\/strong>68511-62-6<\/p>\n<p><strong>Di\u011fer Ad\u0131:<\/strong>Pigment Sar\u0131 150<\/p>","protected":false},"featured_media":7623,"template":"","meta":{"_acf_changed":false,"_gspb_post_css":""},"product_brand":[],"product_cat":[162,163],"product_tag":[],"class_list":{"0":"post-5702","1":"product","2":"type-product","3":"status-publish","4":"has-post-thumbnail","6":"product_cat-for-inks","7":"product_cat-for-paints-and-coatings","9":"first","10":"instock","11":"shipping-taxable","12":"product-type-simple"},"acf":[],"_links":{"self":[{"href":"https:\/\/wpachem.com\/tr\/wp-json\/wp\/v2\/product\/5702","targetHints":{"allow":["GET"]}}],"collection":[{"href":"https:\/\/wpachem.com\/tr\/wp-json\/wp\/v2\/product"}],"about":[{"href":"https:\/\/wpachem.com\/tr\/wp-json\/wp\/v2\/types\/product"}],"version-history":[{"count":0,"href":"https:\/\/wpachem.com\/tr\/wp-json\/wp\/v2\/product\/5702\/revisions"}],"wp:featuredmedia":[{"embeddable":true,"href":"https:\/\/wpachem.com\/tr\/wp-json\/wp\/v2\/media\/7623"}],"wp:attachment":[{"href":"https:\/\/wpachem.com\/tr\/wp-json\/wp\/v2\/media?parent=5702"}],"wp:term":[{"taxonomy":"product_brand","embeddable":true,"href":"https:\/\/wpachem.com\/tr\/wp-json\/wp\/v2\/product_brand?post=5702"},{"taxonomy":"product_cat","embeddable":true,"href":"https:\/\/wpachem.com\/tr\/wp-json\/wp\/v2\/product_cat?post=5702"},{"taxonomy":"product_tag","embeddable":true,"href":"https:\/\/wpachem.com\/tr\/wp-json\/wp\/v2\/product_tag?post=5702"}],"curies":[{"name":"wp","href":"https:\/\/api.w.org\/{rel}","templated":true}]}}