{"id":5759,"date":"2024-01-08T09:24:26","date_gmt":"2024-01-08T09:24:26","guid":{"rendered":"https:\/\/wpapigments.com\/?post_type=product&amp;p=5759"},"modified":"2024-01-08T09:24:26","modified_gmt":"2024-01-08T09:24:26","slug":"pigment-violet-23-pigment-permanent-violet-rl-p-v-23-cas-6358-30-1","status":"publish","type":"product","link":"https:\/\/wpachem.com\/tr\/urun\/pigment-violet-23-pigment-permanent-violet-rl-p-v-23-cas-6358-30-1\/","title":{"rendered":"Pigment Menek\u015fe 23\/Pigment Kal\u0131c\u0131 Menek\u015fe RL\/PV23 CAS 6358-30-1"},"content":{"rendered":"<p><b>\u00dcr\u00fcn ad\u0131:<\/b><\/p>\n<p>Pigment Menek\u015fe 23<\/p>\n<p><b>Karakter:<\/b><br \/>\nPigment Violet 23 koyu mor renkli kristal bir kat\u0131d\u0131r.<\/p>\n<p><b>Fiziksel ve kimyasal \u00f6zellikler:<\/b><\/p>\n<table width=\"753\">\n<tbody>\n<tr>\n<td colspan=\"2\" rowspan=\"2\" width=\"334\">\u7269\u5316\u6570\u636e<br \/>\nFiziksel Veriler<\/td>\n<td width=\"239\">Yo\u011funluk g\/CM3<\/td>\n<td width=\"180\">1.40-1.60<\/td>\n<\/tr>\n<tr>\n<td width=\"239\">\u5438\u6cb9\u91cf Ya\u011f Absorbsiyonu ml\/100g<\/td>\n<td width=\"180\">30-70<\/td>\n<\/tr>\n<tr>\n<td colspan=\"2\" rowspan=\"7\" width=\"334\">Amerika Birle\u015fik Devletleri<br \/>\nH\u0131zl\u0131l\u0131k \u00d6zellikleri<\/td>\n<td width=\"239\">I\u015f\u0131k Hasl\u0131\u011f\u0131<\/td>\n<td width=\"180\">7<\/td>\n<\/tr>\n<tr>\n<td width=\"239\">Is\u0131 Direnci<\/td>\n<td width=\"180\">200<\/td>\n<\/tr>\n<tr>\n<td width=\"239\">Suya Dayan\u0131kl\u0131l\u0131k<\/td>\n<td width=\"180\">5<\/td>\n<\/tr>\n<tr>\n<td width=\"239\">Ya\u011f Direnci<\/td>\n<td width=\"180\">5<\/td>\n<\/tr>\n<tr>\n<td width=\"239\">Asit Direnci<\/td>\n<td width=\"180\">5<\/td>\n<\/tr>\n<tr>\n<td width=\"239\">Alkali Direnci<\/td>\n<td width=\"180\">5<\/td>\n<\/tr>\n<tr>\n<td width=\"239\">Alkol Direnci<\/td>\n<td width=\"180\">5<\/td>\n<\/tr>\n<\/tbody>\n<\/table>\n<p>&nbsp;<\/p>\n<p><strong>Ba\u015fvuru:<\/strong><\/p>\n<p>Esas olarak plastik, boya ve kaplama, m\u00fcrekkep i\u00e7in kullan\u0131l\u0131r<\/p>\n<p>1) M\u00fcrekkep Kullan\u0131m\u0131: Ofset M\u00fcrekkep, Su Bazl\u0131 M\u00fcrekkep, UV M\u00fcrekkep, Metal Deko, Solvent Bazl\u0131 M\u00fcrekkep<\/p>\n<p>2) Plastik Kullan\u0131m\u0131: PVC, PP.PE, PS, ABS, EVA, Kau\u00e7uk<\/p>\n<p>3)Boya ve Kaplama Kullan\u0131m\u0131: End\u00fcstriyel Boya, Toz Boya, Oto Boyas\u0131, Su Bazl\u0131 Boya<\/p>","protected":false},"excerpt":{"rendered":"<p><strong>\u00dcr\u00fcn Ad\u0131:<\/strong> Pigment Menek\u015fe 23<\/p>\n<p><strong>Renk \u0130ndeksi:<\/strong> PV23<\/p>\n<p><strong>D\u0131\u015f g\u00f6r\u00fcn\u00fc\u015f:<\/strong> Mor toz<\/p>\n<p><strong>CAS Numaras\u0131:<\/strong>6358-30-1<\/p>\n<p><strong>Di\u011fer Ad\u0131:<\/strong><\/p>\n<p>CI51319<br \/>\nPigment Menek\u015fe RL<br \/>\nPigment Menek\u015fe 23<br \/>\nPaintco menek\u015fe 23-B<br \/>\nPaintco menek\u015fe 23-R<br \/>\nCI Pigment Menek\u015fe 23<\/p>\n<dl><\/dl>\n<p>&nbsp;<\/p>\n<p>&nbsp;<\/p>\n<p>&nbsp;<\/p>\n<p>&nbsp;<\/p>","protected":false},"featured_media":7629,"template":"","meta":{"_acf_changed":false,"_gspb_post_css":""},"product_brand":[],"product_cat":[161,162,163,70],"product_tag":[],"class_list":{"0":"post-5759","1":"product","2":"type-product","3":"status-publish","4":"has-post-thumbnail","6":"product_cat-for-plastics","7":"product_cat-for-inks","8":"product_cat-for-paints-and-coatings","9":"product_cat-organic-pigment","11":"first","12":"instock","13":"shipping-taxable","14":"product-type-simple"},"acf":[],"_links":{"self":[{"href":"https:\/\/wpachem.com\/tr\/wp-json\/wp\/v2\/product\/5759","targetHints":{"allow":["GET"]}}],"collection":[{"href":"https:\/\/wpachem.com\/tr\/wp-json\/wp\/v2\/product"}],"about":[{"href":"https:\/\/wpachem.com\/tr\/wp-json\/wp\/v2\/types\/product"}],"version-history":[{"count":0,"href":"https:\/\/wpachem.com\/tr\/wp-json\/wp\/v2\/product\/5759\/revisions"}],"wp:featuredmedia":[{"embeddable":true,"href":"https:\/\/wpachem.com\/tr\/wp-json\/wp\/v2\/media\/7629"}],"wp:attachment":[{"href":"https:\/\/wpachem.com\/tr\/wp-json\/wp\/v2\/media?parent=5759"}],"wp:term":[{"taxonomy":"product_brand","embeddable":true,"href":"https:\/\/wpachem.com\/tr\/wp-json\/wp\/v2\/product_brand?post=5759"},{"taxonomy":"product_cat","embeddable":true,"href":"https:\/\/wpachem.com\/tr\/wp-json\/wp\/v2\/product_cat?post=5759"},{"taxonomy":"product_tag","embeddable":true,"href":"https:\/\/wpachem.com\/tr\/wp-json\/wp\/v2\/product_tag?post=5759"}],"curies":[{"name":"wp","href":"https:\/\/api.w.org\/{rel}","templated":true}]}}