{"id":5775,"date":"2024-01-08T09:50:03","date_gmt":"2024-01-08T09:50:03","guid":{"rendered":"https:\/\/wpapigments.com\/?post_type=product&amp;p=5775"},"modified":"2024-01-08T09:50:03","modified_gmt":"2024-01-08T09:50:03","slug":"pigment-yellow-191-fast-yellow-rp-p-y-191-cas-no-129423-54-7","status":"publish","type":"product","link":"https:\/\/wpachem.com\/tr\/urun\/pigment-yellow-191-fast-yellow-rp-p-y-191-cas-no-129423-54-7\/","title":{"rendered":"Pigment Sar\u0131 191 (H\u0131zl\u0131 Sar\u0131 RP)\/PY191 CAS No.129423-54-7"},"content":{"rendered":"<p><strong>\u00d6zellik<\/strong><\/p>\n<p><strong><b>Erkek \u00d6zellikleri<\/b><\/strong>: Yar\u0131 saydam, Ye\u015fil g\u00f6lge, Plastik i\u00e7in \u00f6zel<\/p>\n<p><strong><b>Ba\u015fvuru:<\/b><\/strong><\/p>\n<ul>\n<li>Plastik Kullan\u0131m\u0131: PVC, PP, ABS, EVA, Kau\u00e7uk.<\/li>\n<\/ul>","protected":false},"excerpt":{"rendered":"<p><strong><b>\u00dcr\u00fcn Ad\u0131<\/b><\/strong><strong><b>:<\/b><\/strong>H\u0131zl\u0131 Sar\u0131 RP<\/p>\n<p><strong>Renk \u0130ndeksi:<\/strong>\u00a0PO191<\/p>\n<p><strong>D\u0131\u015f g\u00f6r\u00fcn\u00fc\u015f:<\/strong>\u00a0sar\u0131 toz<\/p>\n<p><strong>CAS Numaras\u0131.<\/strong><strong>:<\/strong>129423-54-7<\/p>\n<p><strong>Di\u011fer Ad\u0131:<\/strong>PYRAZOLONE SARI HGRPigment Parlak Sar\u0131 HGR:Pigment Turuncu 191<\/p>","protected":false},"featured_media":7617,"template":"","meta":{"_acf_changed":false,"_gspb_post_css":""},"product_brand":[],"product_cat":[70,161],"product_tag":[],"class_list":{"0":"post-5775","1":"product","2":"type-product","3":"status-publish","4":"has-post-thumbnail","6":"product_cat-organic-pigment","7":"product_cat-for-plastics","9":"first","10":"instock","11":"shipping-taxable","12":"product-type-simple"},"acf":[],"_links":{"self":[{"href":"https:\/\/wpachem.com\/tr\/wp-json\/wp\/v2\/product\/5775","targetHints":{"allow":["GET"]}}],"collection":[{"href":"https:\/\/wpachem.com\/tr\/wp-json\/wp\/v2\/product"}],"about":[{"href":"https:\/\/wpachem.com\/tr\/wp-json\/wp\/v2\/types\/product"}],"version-history":[{"count":0,"href":"https:\/\/wpachem.com\/tr\/wp-json\/wp\/v2\/product\/5775\/revisions"}],"wp:featuredmedia":[{"embeddable":true,"href":"https:\/\/wpachem.com\/tr\/wp-json\/wp\/v2\/media\/7617"}],"wp:attachment":[{"href":"https:\/\/wpachem.com\/tr\/wp-json\/wp\/v2\/media?parent=5775"}],"wp:term":[{"taxonomy":"product_brand","embeddable":true,"href":"https:\/\/wpachem.com\/tr\/wp-json\/wp\/v2\/product_brand?post=5775"},{"taxonomy":"product_cat","embeddable":true,"href":"https:\/\/wpachem.com\/tr\/wp-json\/wp\/v2\/product_cat?post=5775"},{"taxonomy":"product_tag","embeddable":true,"href":"https:\/\/wpachem.com\/tr\/wp-json\/wp\/v2\/product_tag?post=5775"}],"curies":[{"name":"wp","href":"https:\/\/api.w.org\/{rel}","templated":true}]}}