{"id":5779,"date":"2024-01-31T07:54:23","date_gmt":"2024-01-31T07:54:23","guid":{"rendered":"https:\/\/wpachem.com\/?post_type=product&#038;p=5779"},"modified":"2024-01-31T07:59:41","modified_gmt":"2024-01-31T07:59:41","slug":"glycine-cas-56-40-6","status":"publish","type":"product","link":"https:\/\/wpachem.com\/tr\/urun\/glycine-cas-56-40-6\/","title":{"rendered":"Glisin CAS 56-40-6"},"content":{"rendered":"<p>Beyaz monoklinik veya hekzagonal kristal veya beyaz kristal toz. Kokusuz, \u00f6zel tatl\u0131l\u0131kta, suda kolayca \u00e7\u00f6z\u00fcn\u00fcr,<\/p>\n<p><strong>Ba\u015fvuru<\/strong><\/p>\n<p>Tampon olarak kullan\u0131l\u0131r, doku k\u00fclt\u00fcr\u00fc ortamlar\u0131n\u0131n haz\u0131rlanmas\u0131nda, bak\u0131r, alt\u0131n ve g\u00fcm\u00fc\u015f testlerinde kullan\u0131l\u0131r, t\u0131bbi olarak myasthenia gravis ve \u00e7ocuklarda ilerleyici kas atrofisi, hiperasidite, kronik enterit, hiperprolinemi vb. hastal\u0131klar\u0131n tedavisinde kullan\u0131l\u0131r.<\/p>\n<p>Glisin esas olarak tavuk yemlerinde besin katk\u0131 maddesi olarak kullan\u0131l\u0131r.<\/p>\n<p>Besin takviyeleri. Genellikle baharat vb. ama\u00e7l\u0131 kullan\u0131l\u0131r.<\/p>\n<p><strong>Paketleme ve Depolama<\/strong><\/p>\n<p>25 KG\/TORBA<\/p>","protected":false},"excerpt":{"rendered":"<p>\u00dcr\u00fcn ad\u0131: Glisin<\/p>\n<p>CAS: 56-40-6<\/p>\n<p>MF: C2H5NO2<\/p>\n<p>G\u00f6r\u00fcn\u00fcm: Beyaz kristal toz<\/p>","protected":false},"featured_media":5175,"template":"","meta":{"_acf_changed":false,"_gspb_post_css":""},"product_brand":[],"product_cat":[55,103],"product_tag":[],"class_list":{"0":"post-5779","1":"product","2":"type-product","3":"status-publish","4":"has-post-thumbnail","6":"product_cat-food-additives","7":"product_cat-nutrition-enhancer","9":"first","10":"instock","11":"shipping-taxable","12":"product-type-simple"},"acf":[],"_links":{"self":[{"href":"https:\/\/wpachem.com\/tr\/wp-json\/wp\/v2\/product\/5779","targetHints":{"allow":["GET"]}}],"collection":[{"href":"https:\/\/wpachem.com\/tr\/wp-json\/wp\/v2\/product"}],"about":[{"href":"https:\/\/wpachem.com\/tr\/wp-json\/wp\/v2\/types\/product"}],"version-history":[{"count":0,"href":"https:\/\/wpachem.com\/tr\/wp-json\/wp\/v2\/product\/5779\/revisions"}],"wp:featuredmedia":[{"embeddable":true,"href":"https:\/\/wpachem.com\/tr\/wp-json\/wp\/v2\/media\/5175"}],"wp:attachment":[{"href":"https:\/\/wpachem.com\/tr\/wp-json\/wp\/v2\/media?parent=5779"}],"wp:term":[{"taxonomy":"product_brand","embeddable":true,"href":"https:\/\/wpachem.com\/tr\/wp-json\/wp\/v2\/product_brand?post=5779"},{"taxonomy":"product_cat","embeddable":true,"href":"https:\/\/wpachem.com\/tr\/wp-json\/wp\/v2\/product_cat?post=5779"},{"taxonomy":"product_tag","embeddable":true,"href":"https:\/\/wpachem.com\/tr\/wp-json\/wp\/v2\/product_tag?post=5779"}],"curies":[{"name":"wp","href":"https:\/\/api.w.org\/{rel}","templated":true}]}}