{"id":5783,"date":"2024-01-31T08:41:55","date_gmt":"2024-01-31T08:41:55","guid":{"rendered":"https:\/\/wpachem.com\/?post_type=product&#038;p=5783"},"modified":"2024-01-31T09:14:54","modified_gmt":"2024-01-31T09:14:54","slug":"l-valine-cas-72-18-4","status":"publish","type":"product","link":"https:\/\/wpachem.com\/tr\/urun\/l-valine-cas-72-18-4\/","title":{"rendered":"L-Valin CAS 72-18-4"},"content":{"rendered":"<p>L-Valin, beyaz monoklinik kristal veya kristal tozdur.<\/p>\n<p><strong>Ba\u015fvuru<\/strong><\/p>\n<p>Besin takviyesi, amino asit inf\u00fczyonunun ve kapsaml\u0131 amino asit preparatlar\u0131n\u0131n ana bile\u015feni olarak kullan\u0131labilir. L-Valin, \u00fc\u00e7 dall\u0131 zincirli amino asitten biridir. Esansiyel bir amino asittir ve karaci\u011fer yetmezli\u011fini ve merkezi sinir sistemi i\u015flev bozuklu\u011funu tedavi edebilir.<\/p>\n<p><strong>Paketleme ve Depolama<\/strong><\/p>\n<p>25 KG\/TORBA<\/p>\n<p>25 KG\/VAR\u0130L<\/p>","protected":false},"excerpt":{"rendered":"<p>\u00dcr\u00fcn ad\u0131: L-Valin<\/p>\n<p>CAS:72-18-4<\/p>\n<p>MF: C5H11NO2<\/p>\n<p>G\u00f6r\u00fcn\u00fcm: Beyaz kristal<\/p>","protected":false},"featured_media":5175,"template":"","meta":{"_acf_changed":false,"_gspb_post_css":""},"product_brand":[],"product_cat":[55,103],"product_tag":[],"class_list":{"0":"post-5783","1":"product","2":"type-product","3":"status-publish","4":"has-post-thumbnail","6":"product_cat-food-additives","7":"product_cat-nutrition-enhancer","9":"first","10":"instock","11":"shipping-taxable","12":"product-type-simple"},"acf":[],"_links":{"self":[{"href":"https:\/\/wpachem.com\/tr\/wp-json\/wp\/v2\/product\/5783","targetHints":{"allow":["GET"]}}],"collection":[{"href":"https:\/\/wpachem.com\/tr\/wp-json\/wp\/v2\/product"}],"about":[{"href":"https:\/\/wpachem.com\/tr\/wp-json\/wp\/v2\/types\/product"}],"version-history":[{"count":0,"href":"https:\/\/wpachem.com\/tr\/wp-json\/wp\/v2\/product\/5783\/revisions"}],"wp:featuredmedia":[{"embeddable":true,"href":"https:\/\/wpachem.com\/tr\/wp-json\/wp\/v2\/media\/5175"}],"wp:attachment":[{"href":"https:\/\/wpachem.com\/tr\/wp-json\/wp\/v2\/media?parent=5783"}],"wp:term":[{"taxonomy":"product_brand","embeddable":true,"href":"https:\/\/wpachem.com\/tr\/wp-json\/wp\/v2\/product_brand?post=5783"},{"taxonomy":"product_cat","embeddable":true,"href":"https:\/\/wpachem.com\/tr\/wp-json\/wp\/v2\/product_cat?post=5783"},{"taxonomy":"product_tag","embeddable":true,"href":"https:\/\/wpachem.com\/tr\/wp-json\/wp\/v2\/product_tag?post=5783"}],"curies":[{"name":"wp","href":"https:\/\/api.w.org\/{rel}","templated":true}]}}