{"id":5787,"date":"2024-02-01T08:26:06","date_gmt":"2024-02-01T08:26:06","guid":{"rendered":"https:\/\/wpachem.com\/?post_type=product&#038;p=5787"},"modified":"2024-02-01T09:33:26","modified_gmt":"2024-02-01T09:33:26","slug":"hydrocotyle-asiatica-extract-cas-84696-21-9-hydrocotyleasiaticaextract","status":"publish","type":"product","link":"https:\/\/wpachem.com\/tr\/urun\/hydrocotyle-asiatica-extract-cas-84696-21-9-hydrocotyleasiaticaextract\/","title":{"rendered":"Hydrocotyle Asiatica \u00d6z\u00fct\u00fc CAS 84696-21-9 Hydrocotyleasiatica \u00f6z\u00fct\u00fc"},"content":{"rendered":"<p>Genellikle a\u00e7\u0131k sar\u0131 ila kahverengimsi gri renkte bir tozdur.<\/p>\n<p><strong>Ba\u015fvuru<\/strong><\/p>\n<p>\u2013 Cilt bak\u0131m\u0131: Centella asiatica \u00f6z\u00fct\u00fc, kolajen sentezini destekleme yetene\u011fi nedeniyle kozmetiklerde ve cilt bak\u0131m \u00fcr\u00fcnlerinde yayg\u0131n olarak kullan\u0131l\u0131r; bu da cildin elastikiyetini ve s\u0131k\u0131l\u0131\u011f\u0131n\u0131 art\u0131rabilir, ince \u00e7izgileri ve k\u0131r\u0131\u015f\u0131kl\u0131klar\u0131 azaltabilir.<br \/>\n\u2013 Yara iyile\u015fmesi: Centella asiatica \u00f6z\u00fct\u00fc ayn\u0131 zamanda yara iyile\u015fme s\u00fcrecini h\u0131zland\u0131rmaya ve yara izlerini azaltmaya yard\u0131mc\u0131 olur.<br \/>\n\u2013 Antioksidan: Antioksidan etkiye sahiptir ve serbest radikallerin neden oldu\u011fu h\u00fccre hasar\u0131n\u0131 azaltmaya yard\u0131mc\u0131 olabilir.<\/p>\n<p><strong>Paketleme ve Depolama<\/strong><\/p>\n<p>25 KG\/TORBA<\/p>\n<p>25 KG\/VAR\u0130L<\/p>","protected":false},"excerpt":{"rendered":"<p>\u00dcr\u00fcn ad\u0131: Hydrocotyle Asiatica Ekstrakt\u0131<\/p>\n<p>CAS:84696-21-9<\/p>\n<p>G\u00f6r\u00fcn\u00fcm: Beyaz toz<\/p>","protected":false},"featured_media":5175,"template":"","meta":{"_acf_changed":false,"_gspb_post_css":""},"product_brand":[],"product_cat":[122,125],"product_tag":[],"class_list":{"0":"post-5787","1":"product","2":"type-product","3":"status-publish","4":"has-post-thumbnail","6":"product_cat-plant-extract","7":"product_cat-cosmetic-raw-materials","9":"first","10":"instock","11":"shipping-taxable","12":"product-type-simple"},"acf":[],"_links":{"self":[{"href":"https:\/\/wpachem.com\/tr\/wp-json\/wp\/v2\/product\/5787","targetHints":{"allow":["GET"]}}],"collection":[{"href":"https:\/\/wpachem.com\/tr\/wp-json\/wp\/v2\/product"}],"about":[{"href":"https:\/\/wpachem.com\/tr\/wp-json\/wp\/v2\/types\/product"}],"version-history":[{"count":0,"href":"https:\/\/wpachem.com\/tr\/wp-json\/wp\/v2\/product\/5787\/revisions"}],"wp:featuredmedia":[{"embeddable":true,"href":"https:\/\/wpachem.com\/tr\/wp-json\/wp\/v2\/media\/5175"}],"wp:attachment":[{"href":"https:\/\/wpachem.com\/tr\/wp-json\/wp\/v2\/media?parent=5787"}],"wp:term":[{"taxonomy":"product_brand","embeddable":true,"href":"https:\/\/wpachem.com\/tr\/wp-json\/wp\/v2\/product_brand?post=5787"},{"taxonomy":"product_cat","embeddable":true,"href":"https:\/\/wpachem.com\/tr\/wp-json\/wp\/v2\/product_cat?post=5787"},{"taxonomy":"product_tag","embeddable":true,"href":"https:\/\/wpachem.com\/tr\/wp-json\/wp\/v2\/product_tag?post=5787"}],"curies":[{"name":"wp","href":"https:\/\/api.w.org\/{rel}","templated":true}]}}