{"id":5789,"date":"2024-02-01T09:33:52","date_gmt":"2024-02-01T09:33:52","guid":{"rendered":"https:\/\/wpachem.com\/?post_type=product&#038;p=5789"},"modified":"2024-02-01T09:39:19","modified_gmt":"2024-02-01T09:39:19","slug":"dipotassium-glycyrrhizinate-cas-68797-35-3-18b-glycyrrhizic-acid-dipotassiumsalt","status":"publish","type":"product","link":"https:\/\/wpachem.com\/tr\/urun\/dipotassium-glycyrrhizinate-cas-68797-35-3-18b-glycyrrhizic-acid-dipotassiumsalt\/","title":{"rendered":"Dipotasyum Glisirizinat CAS 68797-35-3 18b-Glisirizik asit dipotasyum tuzu"},"content":{"rendered":"<p>Dipotasyum glisirizinat, suda \u00e7\u00f6z\u00fcnen ve metanol ve etanolde az \u00e7\u00f6z\u00fcnen beyaz kristal bir tozdur. Glisirizik asidin karakteristik \u00f6zelliklerine sahiptir ve belirli bir tatl\u0131l\u0131\u011fa sahiptir.<\/p>\n<p><strong>Ba\u015fvuru<\/strong><\/p>\n<p>Dipotasyum glisirizinat ila\u00e7 ve g\u0131da end\u00fcstrisinde yayg\u0131n olarak kullan\u0131lmaktad\u0131r.<\/p>\n<p>T\u0131bbi alanda s\u0131kl\u0131kla \u00f6ks\u00fcr\u00fck ve bron\u015fit tedavisinde kullan\u0131l\u0131r, bo\u011faz\u0131 ve bron\u015flar\u0131 rahatlatabilir.<\/p>\n<p>G\u0131da sanayinde g\u0131dalara tatl\u0131l\u0131k katmak ve lezzetini artt\u0131rmak amac\u0131yla g\u0131da katk\u0131 maddesi olarak kullan\u0131l\u0131r.<\/p>\n<p><strong>Paketleme ve Depolama<\/strong><\/p>\n<p>25 KG\/TORBA<\/p>\n<p>25 KG\/VAR\u0130L<\/p>","protected":false},"excerpt":{"rendered":"<p>\u00dcr\u00fcn ad\u0131: Dipotasyum Glisirizinat<\/p>\n<p>CAS:68797-35-3<\/p>\n<p>MF:C42H63KO16<\/p>\n<p>G\u00f6r\u00fcn\u00fcm: Beyaz kristal<\/p>","protected":false},"featured_media":5175,"template":"","meta":{"_acf_changed":false,"_gspb_post_css":""},"product_brand":[],"product_cat":[122,125],"product_tag":[],"class_list":{"0":"post-5789","1":"product","2":"type-product","3":"status-publish","4":"has-post-thumbnail","6":"product_cat-plant-extract","7":"product_cat-cosmetic-raw-materials","9":"first","10":"instock","11":"shipping-taxable","12":"product-type-simple"},"acf":[],"_links":{"self":[{"href":"https:\/\/wpachem.com\/tr\/wp-json\/wp\/v2\/product\/5789","targetHints":{"allow":["GET"]}}],"collection":[{"href":"https:\/\/wpachem.com\/tr\/wp-json\/wp\/v2\/product"}],"about":[{"href":"https:\/\/wpachem.com\/tr\/wp-json\/wp\/v2\/types\/product"}],"version-history":[{"count":0,"href":"https:\/\/wpachem.com\/tr\/wp-json\/wp\/v2\/product\/5789\/revisions"}],"wp:featuredmedia":[{"embeddable":true,"href":"https:\/\/wpachem.com\/tr\/wp-json\/wp\/v2\/media\/5175"}],"wp:attachment":[{"href":"https:\/\/wpachem.com\/tr\/wp-json\/wp\/v2\/media?parent=5789"}],"wp:term":[{"taxonomy":"product_brand","embeddable":true,"href":"https:\/\/wpachem.com\/tr\/wp-json\/wp\/v2\/product_brand?post=5789"},{"taxonomy":"product_cat","embeddable":true,"href":"https:\/\/wpachem.com\/tr\/wp-json\/wp\/v2\/product_cat?post=5789"},{"taxonomy":"product_tag","embeddable":true,"href":"https:\/\/wpachem.com\/tr\/wp-json\/wp\/v2\/product_tag?post=5789"}],"curies":[{"name":"wp","href":"https:\/\/api.w.org\/{rel}","templated":true}]}}