{"id":5791,"date":"2024-02-02T06:07:00","date_gmt":"2024-02-02T06:07:00","guid":{"rendered":"https:\/\/wpachem.com\/?post_type=product&#038;p=5791"},"modified":"2024-02-02T06:10:58","modified_gmt":"2024-02-02T06:10:58","slug":"allantoin-cas-97-59-6-glyoxylic-diureide-5-ureidohydantoin-glyoxyldiureid","status":"publish","type":"product","link":"https:\/\/wpachem.com\/tr\/urun\/allantoin-cas-97-59-6-glyoxylic-diureide-5-ureidohydantoin-glyoxyldiureid\/","title":{"rendered":"Allantoin CAS 97-59-6 Glioksilik di\u00fcreid 5-\u00dcreidohidantoin Glioksildi\u00fcreid"},"content":{"rendered":"<p>Renksiz kristal bir kat\u0131d\u0131r, su ve alkol \u00e7\u00f6z\u00fcc\u00fclerde \u00e7\u00f6z\u00fcn\u00fcr, y\u00fcksek termal kararl\u0131l\u0131\u011fa sahiptir.<\/p>\n<p><strong>Ba\u015fvuru<\/strong><\/p>\n<p>Allantoinin bir\u00e7ok faydas\u0131 vard\u0131r.<br \/>\nBirincisi, g\u00fcbre katk\u0131 maddesi olarak yayg\u0131n olarak kullan\u0131l\u0131r ve bitkiler taraf\u0131ndan al\u0131nd\u0131\u011f\u0131nda bitkilerin ihtiya\u00e7 duydu\u011fu azotu sa\u011flar.<br \/>\n\u0130kinci olarak, allantoin kau\u00e7uk i\u015fleme yard\u0131mc\u0131lar\u0131, sentetik re\u00e7ineler, boyalar ve floresan beyazlat\u0131c\u0131 maddeler vb. haz\u0131rlamak i\u00e7in kullan\u0131labilir.<br \/>\nAyr\u0131ca allantoin kimyasal reaktiflerin haz\u0131rlanmas\u0131nda da kullan\u0131labilmekte ve t\u0131bbi te\u015fhiste idrar analizinde standart madde olarak kullan\u0131labilmektedir.<\/p>\n<p><strong>Paketleme ve Depolama<\/strong><\/p>\n<p>25 KG\/TORBA<\/p>\n<p>25 KG\/VAR\u0130L<\/p>","protected":false},"excerpt":{"rendered":"<p>\u00dcr\u00fcn ad\u0131: Allantoin<\/p>\n<p>CAS:97-59-6<\/p>\n<p>MF:C42H63KO16<\/p>\n<p>G\u00f6r\u00fcn\u00fcm:renksiz kristal kat\u0131<\/p>","protected":false},"featured_media":5175,"template":"","meta":{"_acf_changed":false,"_gspb_post_css":""},"product_brand":[],"product_cat":[60],"product_tag":[],"class_list":{"0":"post-5791","1":"product","2":"type-product","3":"status-publish","4":"has-post-thumbnail","6":"product_cat-cosmetic-ingredients","8":"first","9":"instock","10":"shipping-taxable","11":"product-type-simple"},"acf":[],"_links":{"self":[{"href":"https:\/\/wpachem.com\/tr\/wp-json\/wp\/v2\/product\/5791","targetHints":{"allow":["GET"]}}],"collection":[{"href":"https:\/\/wpachem.com\/tr\/wp-json\/wp\/v2\/product"}],"about":[{"href":"https:\/\/wpachem.com\/tr\/wp-json\/wp\/v2\/types\/product"}],"version-history":[{"count":0,"href":"https:\/\/wpachem.com\/tr\/wp-json\/wp\/v2\/product\/5791\/revisions"}],"wp:featuredmedia":[{"embeddable":true,"href":"https:\/\/wpachem.com\/tr\/wp-json\/wp\/v2\/media\/5175"}],"wp:attachment":[{"href":"https:\/\/wpachem.com\/tr\/wp-json\/wp\/v2\/media?parent=5791"}],"wp:term":[{"taxonomy":"product_brand","embeddable":true,"href":"https:\/\/wpachem.com\/tr\/wp-json\/wp\/v2\/product_brand?post=5791"},{"taxonomy":"product_cat","embeddable":true,"href":"https:\/\/wpachem.com\/tr\/wp-json\/wp\/v2\/product_cat?post=5791"},{"taxonomy":"product_tag","embeddable":true,"href":"https:\/\/wpachem.com\/tr\/wp-json\/wp\/v2\/product_tag?post=5791"}],"curies":[{"name":"wp","href":"https:\/\/api.w.org\/{rel}","templated":true}]}}