{"id":5793,"date":"2024-02-02T06:11:36","date_gmt":"2024-02-02T06:11:36","guid":{"rendered":"https:\/\/wpachem.com\/?post_type=product&#038;p=5793"},"modified":"2024-02-02T06:16:24","modified_gmt":"2024-02-02T06:16:24","slug":"piroctone-olamine-cas-68890-66-4-1-hydroxy-4-methyl-62-4-4-trimethylpentyl2-pyridon-monoethanolamine-salt","status":"publish","type":"product","link":"https:\/\/wpachem.com\/tr\/urun\/piroctone-olamine-cas-68890-66-4-1-hydroxy-4-methyl-62-4-4-trimethylpentyl2-pyridon-monoethanolamine-salt\/","title":{"rendered":"Piroctone olamine CAS 68890-66-4 1-Hidroksi-4-metil-6(2 4 4-trimetilpentil)2-piridon monoetanolamin tuzu"},"content":{"rendered":"<p>\u00d6zel kokulu, renksiz bir s\u0131v\u0131d\u0131r.<\/p>\n<p><strong>Ba\u015fvuru<\/strong><\/p>\n<p>1. Kimyasal sentez: Oksipiridon, di\u011fer organik bile\u015fiklerin sentezinde \u00f6nemli bir sentetik ara madde olarak kullan\u0131labilir.<\/p>\n<p>2. Kozmetik ve ki\u015fisel bak\u0131m \u00fcr\u00fcnleri: Oksipiridon, sa\u00e7 boyalar\u0131nda, kal\u0131c\u0131 ma\u015falarda ve sa\u00e7 mumlar\u0131nda sa\u00e7\u0131n rengini ve \u015feklini de\u011fi\u015ftirmek i\u00e7in yayg\u0131n olarak kullan\u0131l\u0131r.<\/p>\n<p>3. Farmas\u00f6tik alan: Oksipiridon, ya\u015flanma kar\u015f\u0131t\u0131 ve ba\u011f\u0131\u015f\u0131kl\u0131k d\u00fczenlemesi gibi alanlarda potansiyel farmas\u00f6tik uygulamalara sahiptir.<\/p>\n<p><strong>Paketleme ve Depolama<\/strong><\/p>\n<p>25 KG\/VAR\u0130L<\/p>","protected":false},"excerpt":{"rendered":"<p>\u00dcr\u00fcn ad\u0131: Piroctone olamine<\/p>\n<p>CAS:68890-66-4<\/p>\n<p>MF:C16H30N2O3<\/p>\n<p>G\u00f6r\u00fcn\u00fcm: renksiz s\u0131v\u0131<\/p>","protected":false},"featured_media":2212,"template":"","meta":{"_acf_changed":false,"_gspb_post_css":""},"product_brand":[],"product_cat":[60],"product_tag":[],"class_list":{"0":"post-5793","1":"product","2":"type-product","3":"status-publish","4":"has-post-thumbnail","6":"product_cat-cosmetic-ingredients","8":"first","9":"instock","10":"shipping-taxable","11":"product-type-simple"},"acf":[],"_links":{"self":[{"href":"https:\/\/wpachem.com\/tr\/wp-json\/wp\/v2\/product\/5793","targetHints":{"allow":["GET"]}}],"collection":[{"href":"https:\/\/wpachem.com\/tr\/wp-json\/wp\/v2\/product"}],"about":[{"href":"https:\/\/wpachem.com\/tr\/wp-json\/wp\/v2\/types\/product"}],"version-history":[{"count":0,"href":"https:\/\/wpachem.com\/tr\/wp-json\/wp\/v2\/product\/5793\/revisions"}],"wp:featuredmedia":[{"embeddable":true,"href":"https:\/\/wpachem.com\/tr\/wp-json\/wp\/v2\/media\/2212"}],"wp:attachment":[{"href":"https:\/\/wpachem.com\/tr\/wp-json\/wp\/v2\/media?parent=5793"}],"wp:term":[{"taxonomy":"product_brand","embeddable":true,"href":"https:\/\/wpachem.com\/tr\/wp-json\/wp\/v2\/product_brand?post=5793"},{"taxonomy":"product_cat","embeddable":true,"href":"https:\/\/wpachem.com\/tr\/wp-json\/wp\/v2\/product_cat?post=5793"},{"taxonomy":"product_tag","embeddable":true,"href":"https:\/\/wpachem.com\/tr\/wp-json\/wp\/v2\/product_tag?post=5793"}],"curies":[{"name":"wp","href":"https:\/\/api.w.org\/{rel}","templated":true}]}}