{"id":5795,"date":"2024-02-02T06:16:34","date_gmt":"2024-02-02T06:16:34","guid":{"rendered":"https:\/\/wpachem.com\/?post_type=product&#038;p=5795"},"modified":"2024-02-02T06:19:57","modified_gmt":"2024-02-02T06:19:57","slug":"ginger-extract-cas-84696-15-1-cosmetics-raw-material-beauty-gingerextract-high-quality-cosmetic-ingredients","status":"publish","type":"product","link":"https:\/\/wpachem.com\/tr\/urun\/ginger-extract-cas-84696-15-1-cosmetics-raw-material-beauty-gingerextract-high-quality-cosmetic-ingredients\/","title":{"rendered":"Zencefil \u00d6z\u00fc CAS 84696-15-1 Kozmetik Hammaddesi G\u00fczellik Zencefil \u00d6z\u00fc Y\u00fcksek Kaliteli Kozmetik \u0130\u00e7erikleri"},"content":{"rendered":"<p>A\u00e7\u0131k sar\u0131 ila kahverengi s\u0131v\u0131 veya toz<\/p>\n<p><strong>Ba\u015fvuru<\/strong><\/p>\n<p>\u2013 G\u0131da Sanayi: Zencefil \u00f6z\u00fct\u00fc aroma verici, zencefil g\u0131da katk\u0131 maddesi, sa\u011fl\u0131kl\u0131 g\u0131da vb. olarak kullan\u0131labilir.<br \/>\n\u2013 T\u0131bbi uygulamalar: Zencefil \u00f6z\u00fct\u00fc, mide-ba\u011f\u0131rsak rahats\u0131zl\u0131\u011f\u0131n\u0131 gidermek, iltihap giderici, a\u011fr\u0131 kesici ve ba\u011f\u0131\u015f\u0131kl\u0131\u011f\u0131 g\u00fc\u00e7lendirmek i\u00e7in geleneksel t\u0131pta ve modern farmas\u00f6tik preparatlarda yayg\u0131n olarak kullan\u0131lmaktad\u0131r.<br \/>\n\u2013 Kozmetik end\u00fcstrisi: Zencefil \u00f6z\u00fct\u00fc genellikle g\u00fczellik ve cilt bak\u0131m \u00fcr\u00fcnlerinde bulunur ve akneyi giderme, hassas ciltleri yat\u0131\u015ft\u0131rma ve cilt tonunu a\u00e7ma gibi i\u015flevlere sahiptir.<\/p>\n<p><strong>Paketleme ve Depolama<\/strong><\/p>\n<p>25 KG\/TORBA<\/p>\n<p>25 KG\/VAR\u0130L<\/p>","protected":false},"excerpt":{"rendered":"<p>\u00dcr\u00fcn ad\u0131: Zencefil \u00d6z\u00fc<\/p>\n<p>CAS:84696-15-1<\/p>\n<p>MF:C21H34O4<\/p>\n<p>G\u00f6r\u00fcn\u00fcm: A\u00e7\u0131k sar\u0131 ila kahverengi s\u0131v\u0131 veya toz<\/p>","protected":false},"featured_media":5134,"template":"","meta":{"_acf_changed":false,"_gspb_post_css":""},"product_brand":[],"product_cat":[122,125,124],"product_tag":[],"class_list":{"0":"post-5795","1":"product","2":"type-product","3":"status-publish","4":"has-post-thumbnail","6":"product_cat-plant-extract","7":"product_cat-cosmetic-raw-materials","8":"product_cat-food-additives-plant-extract","10":"first","11":"instock","12":"shipping-taxable","13":"product-type-simple"},"acf":[],"_links":{"self":[{"href":"https:\/\/wpachem.com\/tr\/wp-json\/wp\/v2\/product\/5795","targetHints":{"allow":["GET"]}}],"collection":[{"href":"https:\/\/wpachem.com\/tr\/wp-json\/wp\/v2\/product"}],"about":[{"href":"https:\/\/wpachem.com\/tr\/wp-json\/wp\/v2\/types\/product"}],"version-history":[{"count":0,"href":"https:\/\/wpachem.com\/tr\/wp-json\/wp\/v2\/product\/5795\/revisions"}],"wp:featuredmedia":[{"embeddable":true,"href":"https:\/\/wpachem.com\/tr\/wp-json\/wp\/v2\/media\/5134"}],"wp:attachment":[{"href":"https:\/\/wpachem.com\/tr\/wp-json\/wp\/v2\/media?parent=5795"}],"wp:term":[{"taxonomy":"product_brand","embeddable":true,"href":"https:\/\/wpachem.com\/tr\/wp-json\/wp\/v2\/product_brand?post=5795"},{"taxonomy":"product_cat","embeddable":true,"href":"https:\/\/wpachem.com\/tr\/wp-json\/wp\/v2\/product_cat?post=5795"},{"taxonomy":"product_tag","embeddable":true,"href":"https:\/\/wpachem.com\/tr\/wp-json\/wp\/v2\/product_tag?post=5795"}],"curies":[{"name":"wp","href":"https:\/\/api.w.org\/{rel}","templated":true}]}}