{"id":5797,"date":"2024-02-02T06:20:19","date_gmt":"2024-02-02T06:20:19","guid":{"rendered":"https:\/\/wpachem.com\/?post_type=product&#038;p=5797"},"modified":"2024-02-02T06:24:10","modified_gmt":"2024-02-02T06:24:10","slug":"rutin-cas-153-18-4-quercetin-36-o-alpha-l-rhamnopyranosyl-glucopyranosidbeta-d","status":"publish","type":"product","link":"https:\/\/wpachem.com\/tr\/urun\/rutin-cas-153-18-4-quercetin-36-o-alpha-l-rhamnopyranosyl-glucopyranosidbeta-d\/","title":{"rendered":"Rutin CAS 153-18-4 Quercetin-36-o-alfa-l-ramnopiranosil-glukopiranosidbeta-d"},"content":{"rendered":"<p>Rutin renksiz veya a\u00e7\u0131k sar\u0131 kristaldir, s\u0131cak su, etanol ve eterde \u00e7\u00f6z\u00fcn\u00fcr, ancak organik \u00e7\u00f6z\u00fcc\u00fclerde \u00e7\u00f6z\u00fcnmez. Antioksidan, anti-inflamatuar, antibakteriyel, anti-alerjik ve di\u011fer aktivitelere sahiptir.<\/p>\n<p><strong>Ba\u015fvuru<\/strong><\/p>\n<p>T\u0131pta antioksidan ve antiinflamatuar olarak kullan\u0131l\u0131r ve s\u0131kl\u0131kla kalp damar hastal\u0131klar\u0131n\u0131 tedavi etmek, alerjilerle m\u00fccadele etmek, mikro dola\u015f\u0131m\u0131 iyile\u015ftirmek vb. ama\u00e7larla kullan\u0131l\u0131r.<br \/>\nAyr\u0131ca rutin, do\u011fal bir sa\u011fl\u0131k \u00fcr\u00fcn\u00fc ve g\u00fczellik bile\u015feni olarak g\u0131da ve kozmetikte de kullan\u0131labiliyor.<\/p>\n<p><strong>Paketleme ve Depolama<\/strong><\/p>\n<p>25 KG\/TORBA<\/p>\n<p>25 KG\/VAR\u0130L<\/p>","protected":false},"excerpt":{"rendered":"<p>\u00dcr\u00fcn ad\u0131: Rutin<\/p>\n<p>CAS:153-18-4<\/p>\n<p>MF:C27H30O16<\/p>\n<p>G\u00f6r\u00fcn\u00fcm: renksiz veya a\u00e7\u0131k sar\u0131 kristal<\/p>","protected":false},"featured_media":2097,"template":"","meta":{"_acf_changed":false,"_gspb_post_css":""},"product_brand":[],"product_cat":[122,125],"product_tag":[],"class_list":{"0":"post-5797","1":"product","2":"type-product","3":"status-publish","4":"has-post-thumbnail","6":"product_cat-plant-extract","7":"product_cat-cosmetic-raw-materials","9":"first","10":"instock","11":"shipping-taxable","12":"product-type-simple"},"acf":[],"_links":{"self":[{"href":"https:\/\/wpachem.com\/tr\/wp-json\/wp\/v2\/product\/5797","targetHints":{"allow":["GET"]}}],"collection":[{"href":"https:\/\/wpachem.com\/tr\/wp-json\/wp\/v2\/product"}],"about":[{"href":"https:\/\/wpachem.com\/tr\/wp-json\/wp\/v2\/types\/product"}],"version-history":[{"count":0,"href":"https:\/\/wpachem.com\/tr\/wp-json\/wp\/v2\/product\/5797\/revisions"}],"wp:featuredmedia":[{"embeddable":true,"href":"https:\/\/wpachem.com\/tr\/wp-json\/wp\/v2\/media\/2097"}],"wp:attachment":[{"href":"https:\/\/wpachem.com\/tr\/wp-json\/wp\/v2\/media?parent=5797"}],"wp:term":[{"taxonomy":"product_brand","embeddable":true,"href":"https:\/\/wpachem.com\/tr\/wp-json\/wp\/v2\/product_brand?post=5797"},{"taxonomy":"product_cat","embeddable":true,"href":"https:\/\/wpachem.com\/tr\/wp-json\/wp\/v2\/product_cat?post=5797"},{"taxonomy":"product_tag","embeddable":true,"href":"https:\/\/wpachem.com\/tr\/wp-json\/wp\/v2\/product_tag?post=5797"}],"curies":[{"name":"wp","href":"https:\/\/api.w.org\/{rel}","templated":true}]}}