{"id":5799,"date":"2024-02-02T06:24:31","date_gmt":"2024-02-02T06:24:31","guid":{"rendered":"https:\/\/wpachem.com\/?post_type=product&#038;p=5799"},"modified":"2024-02-05T08:30:12","modified_gmt":"2024-02-05T08:30:12","slug":"camipure-crystalline-cas-541-15-1-l-carnitine-3-hydroxy-4-trimethylammoniobutanoate","status":"publish","type":"product","link":"https:\/\/wpachem.com\/tr\/urun\/camipure-crystalline-cas-541-15-1-l-carnitine-3-hydroxy-4-trimethylammoniobutanoate\/","title":{"rendered":"L \u2013 Camipure Kristalin CAS 541-15-1 L(-)-Karnitin 3-Hidroksi-4-(trimetilamonyo)b\u00fctanoat"},"content":{"rendered":"<p>L-Karnitin beyaz kristal kat\u0131d\u0131r, kokusuzdur.<\/p>\n<p><strong>Ba\u015fvuru<\/strong><\/p>\n<p>L-karnitin, fiziksel zindeli\u011fi art\u0131rmak, ya\u011f metabolizmas\u0131n\u0131 te\u015fvik etmek ve kilo vermek amac\u0131yla bir takviye olarak spor beslenmesi ve fitness alanlar\u0131nda yayg\u0131n olarak kullan\u0131lmaktad\u0131r.<\/p>\n<p><strong>Paketleme ve Depolama<\/strong><\/p>\n<p>25 KG\/TORBA<\/p>\n<p>25 KG\/VAR\u0130L<\/p>","protected":false},"excerpt":{"rendered":"<p>\u00dcr\u00fcn ad\u0131: L-Karnitin<\/p>\n<p>CAS:541-15-1<\/p>\n<p>MF:C7H15NO3<\/p>\n<p>G\u00f6r\u00fcn\u00fcm: Beyaz kristal kat\u0131<\/p>","protected":false},"featured_media":5175,"template":"","meta":{"_acf_changed":false,"_gspb_post_css":""},"product_brand":[],"product_cat":[55,103],"product_tag":[],"class_list":{"0":"post-5799","1":"product","2":"type-product","3":"status-publish","4":"has-post-thumbnail","6":"product_cat-food-additives","7":"product_cat-nutrition-enhancer","9":"first","10":"instock","11":"shipping-taxable","12":"product-type-simple"},"acf":[],"_links":{"self":[{"href":"https:\/\/wpachem.com\/tr\/wp-json\/wp\/v2\/product\/5799","targetHints":{"allow":["GET"]}}],"collection":[{"href":"https:\/\/wpachem.com\/tr\/wp-json\/wp\/v2\/product"}],"about":[{"href":"https:\/\/wpachem.com\/tr\/wp-json\/wp\/v2\/types\/product"}],"version-history":[{"count":0,"href":"https:\/\/wpachem.com\/tr\/wp-json\/wp\/v2\/product\/5799\/revisions"}],"wp:featuredmedia":[{"embeddable":true,"href":"https:\/\/wpachem.com\/tr\/wp-json\/wp\/v2\/media\/5175"}],"wp:attachment":[{"href":"https:\/\/wpachem.com\/tr\/wp-json\/wp\/v2\/media?parent=5799"}],"wp:term":[{"taxonomy":"product_brand","embeddable":true,"href":"https:\/\/wpachem.com\/tr\/wp-json\/wp\/v2\/product_brand?post=5799"},{"taxonomy":"product_cat","embeddable":true,"href":"https:\/\/wpachem.com\/tr\/wp-json\/wp\/v2\/product_cat?post=5799"},{"taxonomy":"product_tag","embeddable":true,"href":"https:\/\/wpachem.com\/tr\/wp-json\/wp\/v2\/product_tag?post=5799"}],"curies":[{"name":"wp","href":"https:\/\/api.w.org\/{rel}","templated":true}]}}