{"id":5801,"date":"2024-02-02T06:27:53","date_gmt":"2024-02-02T06:27:53","guid":{"rendered":"https:\/\/wpachem.com\/?post_type=product&#038;p=5801"},"modified":"2024-02-02T06:31:25","modified_gmt":"2024-02-02T06:31:25","slug":"alpha-bisabolol-cas-515-69-5-6-methyl-2-4-methyl-3-cyclohexen-1-yl-5-hepten-2-ol","status":"publish","type":"product","link":"https:\/\/wpachem.com\/tr\/urun\/alpha-bisabolol-cas-515-69-5-6-methyl-2-4-methyl-3-cyclohexen-1-yl-5-hepten-2-ol\/","title":{"rendered":"Alfa-Bisabolol CAS 515-69-5 6-Metil-2-(4-metil-3-sikloheksen-1-il)-5-hepten-2-ol"},"content":{"rendered":"<p>Renksiz veya hafif sar\u0131 s\u0131v\u0131<\/p>\n<p><strong>Ba\u015fvuru<\/strong><\/p>\n<p>\u2013 Bisabolol genellikle kimyasal sentezlerde reaktif olarak kullan\u0131l\u0131r.<br \/>\n\u2013 Ayn\u0131 zamanda em\u00fclsiyon polimerizasyonu, boya ve kaplama gibi uygulamalarda kullan\u0131lan \u00e7apraz ba\u011flay\u0131c\u0131 bir maddedir.<\/p>\n<p><strong>Paketleme ve Depolama<\/strong><\/p>\n<p>25 KG\/VAR\u0130L<\/p>","protected":false},"excerpt":{"rendered":"<p>\u00dcr\u00fcn ad\u0131: alfa-Bisabolol<\/p>\n<p>CAS:515-69-5<\/p>\n<p>MF:C15H26O<\/p>\n<p>G\u00f6r\u00fcn\u00fcm: Renksiz veya hafif sar\u0131 s\u0131v\u0131<\/p>","protected":false},"featured_media":2211,"template":"","meta":{"_acf_changed":false,"_gspb_post_css":""},"product_brand":[],"product_cat":[52],"product_tag":[],"class_list":{"0":"post-5801","1":"product","2":"type-product","3":"status-publish","4":"has-post-thumbnail","6":"product_cat-pigment","8":"first","9":"instock","10":"shipping-taxable","11":"product-type-simple"},"acf":[],"_links":{"self":[{"href":"https:\/\/wpachem.com\/tr\/wp-json\/wp\/v2\/product\/5801","targetHints":{"allow":["GET"]}}],"collection":[{"href":"https:\/\/wpachem.com\/tr\/wp-json\/wp\/v2\/product"}],"about":[{"href":"https:\/\/wpachem.com\/tr\/wp-json\/wp\/v2\/types\/product"}],"version-history":[{"count":0,"href":"https:\/\/wpachem.com\/tr\/wp-json\/wp\/v2\/product\/5801\/revisions"}],"wp:featuredmedia":[{"embeddable":true,"href":"https:\/\/wpachem.com\/tr\/wp-json\/wp\/v2\/media\/2211"}],"wp:attachment":[{"href":"https:\/\/wpachem.com\/tr\/wp-json\/wp\/v2\/media?parent=5801"}],"wp:term":[{"taxonomy":"product_brand","embeddable":true,"href":"https:\/\/wpachem.com\/tr\/wp-json\/wp\/v2\/product_brand?post=5801"},{"taxonomy":"product_cat","embeddable":true,"href":"https:\/\/wpachem.com\/tr\/wp-json\/wp\/v2\/product_cat?post=5801"},{"taxonomy":"product_tag","embeddable":true,"href":"https:\/\/wpachem.com\/tr\/wp-json\/wp\/v2\/product_tag?post=5801"}],"curies":[{"name":"wp","href":"https:\/\/api.w.org\/{rel}","templated":true}]}}