{"id":5804,"date":"2024-02-04T09:47:52","date_gmt":"2024-02-04T09:47:52","guid":{"rendered":"https:\/\/wpachem.com\/?post_type=product&#038;p=5804"},"modified":"2024-02-04T09:47:52","modified_gmt":"2024-02-04T09:47:52","slug":"menediol%ef%bc%88pmd%ef%bc%89cas-42822-86-6","status":"publish","type":"product","link":"https:\/\/wpachem.com\/tr\/urun\/menediol%ef%bc%88pmd%ef%bc%89cas-42822-86-6\/","title":{"rendered":"Menediol (PMD) CAS 42822-86-6"},"content":{"rendered":"<p><strong>\u00d6zellik<\/strong><\/p>\n<p>K\u0131r\u0131k beyaz kat\u0131, 10.00% dipropilen glikol \u00e7\u00f6zeltisi. naneli<\/p>\n<p><strong>Ba\u015fvuru:<\/strong><\/p>\n<ol>\n<li>Kozmetik ve g\u0131da so\u011futma maddesi olarak kullan\u0131labilir.<\/li>\n<li>Menediol, ila\u00e7 sanayiinde kullan\u0131lan alkoll\u00fc bir organik maddedir.<\/li>\n<\/ol>","protected":false},"excerpt":{"rendered":"<p>\u00dcr\u00fcn ad\u0131: Menediol\uff08PMD\uff09<\/p>\n<p>Cas no.: 42822-86-6<\/p>\n<p>MF: C10H20O2<\/p>\n<p>G\u00f6r\u00fcn\u00fcm: K\u0131r\u0131k beyaz kat\u0131<\/p>","protected":false},"featured_media":5805,"template":"","meta":{"_acf_changed":false,"_gspb_post_css":""},"product_brand":[],"product_cat":[61],"product_tag":[],"class_list":{"0":"post-5804","1":"product","2":"type-product","3":"status-publish","4":"has-post-thumbnail","6":"product_cat-flavor-and-fragrance","8":"first","9":"instock","10":"shipping-taxable","11":"product-type-simple"},"acf":[],"_links":{"self":[{"href":"https:\/\/wpachem.com\/tr\/wp-json\/wp\/v2\/product\/5804","targetHints":{"allow":["GET"]}}],"collection":[{"href":"https:\/\/wpachem.com\/tr\/wp-json\/wp\/v2\/product"}],"about":[{"href":"https:\/\/wpachem.com\/tr\/wp-json\/wp\/v2\/types\/product"}],"version-history":[{"count":0,"href":"https:\/\/wpachem.com\/tr\/wp-json\/wp\/v2\/product\/5804\/revisions"}],"wp:featuredmedia":[{"embeddable":true,"href":"https:\/\/wpachem.com\/tr\/wp-json\/wp\/v2\/media\/5805"}],"wp:attachment":[{"href":"https:\/\/wpachem.com\/tr\/wp-json\/wp\/v2\/media?parent=5804"}],"wp:term":[{"taxonomy":"product_brand","embeddable":true,"href":"https:\/\/wpachem.com\/tr\/wp-json\/wp\/v2\/product_brand?post=5804"},{"taxonomy":"product_cat","embeddable":true,"href":"https:\/\/wpachem.com\/tr\/wp-json\/wp\/v2\/product_cat?post=5804"},{"taxonomy":"product_tag","embeddable":true,"href":"https:\/\/wpachem.com\/tr\/wp-json\/wp\/v2\/product_tag?post=5804"}],"curies":[{"name":"wp","href":"https:\/\/api.w.org\/{rel}","templated":true}]}}