{"id":5808,"date":"2024-02-04T09:56:34","date_gmt":"2024-02-04T09:56:34","guid":{"rendered":"https:\/\/wpachem.com\/?post_type=product&#038;p=5808"},"modified":"2024-02-04T09:56:35","modified_gmt":"2024-02-04T09:56:35","slug":"benzyl-benzoate-cas-120-51-4","status":"publish","type":"product","link":"https:\/\/wpachem.com\/tr\/urun\/benzyl-benzoate-cas-120-51-4\/","title":{"rendered":"Benzil Benzoat CAS 120-51-4"},"content":{"rendered":"<p><strong>\u00d6zellik<\/strong><\/p>\n<p>Berrak renksiz hafif tatl\u0131 bitkisel s\u0131v\u0131<\/p>\n<p><strong>Ba\u015fvuru:<\/strong><\/p>\n<ol>\n<li>\u00d6z\u00fcnde \u00f6zellikle \u00e7i\u00e7ek aromas\u0131nda daha iyi bir sabitleyici, inceltici veya \u00e7\u00f6z\u00fcc\u00fcd\u00fcr.<\/li>\n<li>Benzil benzoat, sel\u00fcloz asetat i\u00e7in \u00e7\u00f6z\u00fcc\u00fc, baharat sabitleyici, \u015fekerleme aroma maddesi, plastik plastikle\u015ftirici ve kovucu olarak kullan\u0131labilir.<\/li>\n<\/ol>","protected":false},"excerpt":{"rendered":"<p>\u00dcr\u00fcn ad\u0131: Benzil Benzoat<\/p>\n<p>Kasa numaras\u0131: 120-51-4<\/p>\n<p>MF: C14H12O2<\/p>\n<p>G\u00f6r\u00fcn\u00fcm: Berrak renksiz hafif tatl\u0131 bitkisel s\u0131v\u0131<\/p>","protected":false},"featured_media":5809,"template":"","meta":{"_acf_changed":false,"_gspb_post_css":""},"product_brand":[],"product_cat":[61],"product_tag":[],"class_list":{"0":"post-5808","1":"product","2":"type-product","3":"status-publish","4":"has-post-thumbnail","6":"product_cat-flavor-and-fragrance","8":"first","9":"instock","10":"shipping-taxable","11":"product-type-simple"},"acf":[],"_links":{"self":[{"href":"https:\/\/wpachem.com\/tr\/wp-json\/wp\/v2\/product\/5808","targetHints":{"allow":["GET"]}}],"collection":[{"href":"https:\/\/wpachem.com\/tr\/wp-json\/wp\/v2\/product"}],"about":[{"href":"https:\/\/wpachem.com\/tr\/wp-json\/wp\/v2\/types\/product"}],"version-history":[{"count":0,"href":"https:\/\/wpachem.com\/tr\/wp-json\/wp\/v2\/product\/5808\/revisions"}],"wp:featuredmedia":[{"embeddable":true,"href":"https:\/\/wpachem.com\/tr\/wp-json\/wp\/v2\/media\/5809"}],"wp:attachment":[{"href":"https:\/\/wpachem.com\/tr\/wp-json\/wp\/v2\/media?parent=5808"}],"wp:term":[{"taxonomy":"product_brand","embeddable":true,"href":"https:\/\/wpachem.com\/tr\/wp-json\/wp\/v2\/product_brand?post=5808"},{"taxonomy":"product_cat","embeddable":true,"href":"https:\/\/wpachem.com\/tr\/wp-json\/wp\/v2\/product_cat?post=5808"},{"taxonomy":"product_tag","embeddable":true,"href":"https:\/\/wpachem.com\/tr\/wp-json\/wp\/v2\/product_tag?post=5808"}],"curies":[{"name":"wp","href":"https:\/\/api.w.org\/{rel}","templated":true}]}}