{"id":5814,"date":"2024-02-05T08:30:24","date_gmt":"2024-02-05T08:30:24","guid":{"rendered":"https:\/\/wpachem.com\/?post_type=product&#038;p=5814"},"modified":"2024-02-05T08:34:08","modified_gmt":"2024-02-05T08:34:08","slug":"alpha-bisabolol-cas-515-69-5-6-methyl-2-4-methyl-3-cyclohexen-1-yl-5-hepten-2-ol-2","status":"publish","type":"product","link":"https:\/\/wpachem.com\/tr\/urun\/alpha-bisabolol-cas-515-69-5-6-methyl-2-4-methyl-3-cyclohexen-1-yl-5-hepten-2-ol-2\/","title":{"rendered":"Alfa-Bisabolol CAS 515-69-5 6-Metil-2-(4-metil-3-sikloheksen-1-il)-5-hepten-2-ol"},"content":{"rendered":"<p>Alfa-Bisabolol renksiz veya hafif sar\u0131 bir s\u0131v\u0131d\u0131r<\/p>\n<p><strong>Ba\u015fvuru<\/strong><\/p>\n<p>Alfa-Bisabolol, em\u00fclsiyon polimerizasyonu, boyalar ve kaplamalar gibi uygulamalarda kullan\u0131lan bir \u00e7apraz ba\u011flay\u0131c\u0131 maddedir.<\/p>\n<p><strong>Paketleme ve Depolama<\/strong><\/p>\n<p>25 KG\/VAR\u0130L<\/p>","protected":false},"excerpt":{"rendered":"<p>\u00dcr\u00fcn ad\u0131: Alfa-Bisabolol<\/p>\n<p>CAS:515-69-5<\/p>\n<p>MF:C15H26O<\/p>\n<p>G\u00f6r\u00fcn\u00fcm: renksiz veya hafif sar\u0131 s\u0131v\u0131<\/p>","protected":false},"featured_media":5809,"template":"","meta":{"_acf_changed":false,"_gspb_post_css":""},"product_brand":[],"product_cat":[63],"product_tag":[],"class_list":{"0":"post-5814","1":"product","2":"type-product","3":"status-publish","4":"has-post-thumbnail","6":"product_cat-industrial-chemicals","8":"first","9":"instock","10":"shipping-taxable","11":"product-type-simple"},"acf":[],"_links":{"self":[{"href":"https:\/\/wpachem.com\/tr\/wp-json\/wp\/v2\/product\/5814","targetHints":{"allow":["GET"]}}],"collection":[{"href":"https:\/\/wpachem.com\/tr\/wp-json\/wp\/v2\/product"}],"about":[{"href":"https:\/\/wpachem.com\/tr\/wp-json\/wp\/v2\/types\/product"}],"version-history":[{"count":0,"href":"https:\/\/wpachem.com\/tr\/wp-json\/wp\/v2\/product\/5814\/revisions"}],"wp:featuredmedia":[{"embeddable":true,"href":"https:\/\/wpachem.com\/tr\/wp-json\/wp\/v2\/media\/5809"}],"wp:attachment":[{"href":"https:\/\/wpachem.com\/tr\/wp-json\/wp\/v2\/media?parent=5814"}],"wp:term":[{"taxonomy":"product_brand","embeddable":true,"href":"https:\/\/wpachem.com\/tr\/wp-json\/wp\/v2\/product_brand?post=5814"},{"taxonomy":"product_cat","embeddable":true,"href":"https:\/\/wpachem.com\/tr\/wp-json\/wp\/v2\/product_cat?post=5814"},{"taxonomy":"product_tag","embeddable":true,"href":"https:\/\/wpachem.com\/tr\/wp-json\/wp\/v2\/product_tag?post=5814"}],"curies":[{"name":"wp","href":"https:\/\/api.w.org\/{rel}","templated":true}]}}