{"id":5816,"date":"2024-02-05T08:35:09","date_gmt":"2024-02-05T08:35:09","guid":{"rendered":"https:\/\/wpachem.com\/?post_type=product&#038;p=5816"},"modified":"2024-02-05T08:45:57","modified_gmt":"2024-02-05T08:45:57","slug":"paprika-oleoresin-cas-84625-29-6-capsicum-annuum-extract","status":"publish","type":"product","link":"https:\/\/wpachem.com\/tr\/urun\/paprika-oleoresin-cas-84625-29-6-capsicum-annuum-extract\/","title":{"rendered":"PAPRIKA OLEORESIN CAS 84625-29-6 CAPSICUM YILLIK \u00d6Z\u00dc"},"content":{"rendered":"<p>Kahverengi tozdan beyaz toza<\/p>\n<p><strong>Ba\u015fvuru<\/strong><\/p>\n<p>G\u0131da, ila\u00e7, kozmetik ve di\u011fer alanlarda yayg\u0131n olarak kullan\u0131lmaktad\u0131r.<br \/>\nG\u0131da sekt\u00f6r\u00fcnde genellikle yemeklere baharatl\u0131 bir tat vermek i\u00e7in \u00e7e\u015fni olarak kullan\u0131l\u0131r.<br \/>\nAyn\u0131 zamanda sa\u011fl\u0131k a\u00e7\u0131s\u0131ndan da baz\u0131 faydalar\u0131 olup bitkisel ila\u00e7 ve besin takviyesi olarak kullan\u0131lmaktad\u0131r.<br \/>\nAyr\u0131ca ac\u0131 sos, ac\u0131 toz, ac\u0131 ya\u011f ve di\u011fer g\u0131dalar\u0131n \u00fcretiminde de yayg\u0131n olarak kullan\u0131lmaktad\u0131r.<\/p>\n<p><strong>Paketleme ve Depolama<\/strong><\/p>\n<p>25 KG\/VAR\u0130L<\/p>","protected":false},"excerpt":{"rendered":"<p>\u00dcr\u00fcn ad\u0131: PAPRIKA OLEORESIN<\/p>\n<p>CAS:84625-29-6<\/p>\n<p>G\u00f6r\u00fcn\u00fcm: kahverengi tozdan beyaz toza<\/p>","protected":false},"featured_media":5134,"template":"","meta":{"_acf_changed":false,"_gspb_post_css":""},"product_brand":[],"product_cat":[55,124,122,103],"product_tag":[],"class_list":{"0":"post-5816","1":"product","2":"type-product","3":"status-publish","4":"has-post-thumbnail","6":"product_cat-food-additives","7":"product_cat-food-additives-plant-extract","8":"product_cat-plant-extract","9":"product_cat-nutrition-enhancer","11":"first","12":"instock","13":"shipping-taxable","14":"product-type-simple"},"acf":[],"_links":{"self":[{"href":"https:\/\/wpachem.com\/tr\/wp-json\/wp\/v2\/product\/5816","targetHints":{"allow":["GET"]}}],"collection":[{"href":"https:\/\/wpachem.com\/tr\/wp-json\/wp\/v2\/product"}],"about":[{"href":"https:\/\/wpachem.com\/tr\/wp-json\/wp\/v2\/types\/product"}],"version-history":[{"count":0,"href":"https:\/\/wpachem.com\/tr\/wp-json\/wp\/v2\/product\/5816\/revisions"}],"wp:featuredmedia":[{"embeddable":true,"href":"https:\/\/wpachem.com\/tr\/wp-json\/wp\/v2\/media\/5134"}],"wp:attachment":[{"href":"https:\/\/wpachem.com\/tr\/wp-json\/wp\/v2\/media?parent=5816"}],"wp:term":[{"taxonomy":"product_brand","embeddable":true,"href":"https:\/\/wpachem.com\/tr\/wp-json\/wp\/v2\/product_brand?post=5816"},{"taxonomy":"product_cat","embeddable":true,"href":"https:\/\/wpachem.com\/tr\/wp-json\/wp\/v2\/product_cat?post=5816"},{"taxonomy":"product_tag","embeddable":true,"href":"https:\/\/wpachem.com\/tr\/wp-json\/wp\/v2\/product_tag?post=5816"}],"curies":[{"name":"wp","href":"https:\/\/api.w.org\/{rel}","templated":true}]}}