{"id":5818,"date":"2024-02-05T08:46:06","date_gmt":"2024-02-05T08:46:06","guid":{"rendered":"https:\/\/wpachem.com\/?post_type=product&#038;p=5818"},"modified":"2024-02-05T08:59:55","modified_gmt":"2024-02-05T08:59:55","slug":"carnosic-acid-cas-3650-09-7-saivia-p-e-phenanthrenecarboxylic-acid","status":"publish","type":"product","link":"https:\/\/wpachem.com\/tr\/urun\/carnosic-acid-cas-3650-09-7-saivia-p-e-phenanthrenecarboxylic-acid\/","title":{"rendered":"Karnosik Asit CAS 3650-09-7 Saivia PE Fenantrenkarboksilik Asit"},"content":{"rendered":"<p>Karnosik asit beyaz veya sar\u0131-beyaz tozdur<\/p>\n<p><strong>Ba\u015fvuru<\/strong><\/p>\n<p>Yiyecek ve i\u00e7eceklere sandal a\u011fac\u0131 aromas\u0131 vermek i\u00e7in aroma verici olarak kullan\u0131labilir.<br \/>\nKozmetik sekt\u00f6r\u00fcnde parf\u00fcm, sabun gibi \u00fcr\u00fcnlerin yap\u0131m\u0131nda kullan\u0131l\u0131r.<br \/>\n\u0130la\u00e7 sanayinde koruyucu madde ve ila\u00e7 form\u00fclasyonlar\u0131n\u0131n bile\u015feni olarak da kullan\u0131lmaktad\u0131r.<\/p>\n<p><strong>Paketleme ve Depolama<\/strong><\/p>\n<p>25 KG\/VAR\u0130L<\/p>","protected":false},"excerpt":{"rendered":"<p>\u00dcr\u00fcn ad\u0131: Karnosik Asit<\/p>\n<p>CAS:3650-09-7<\/p>\n<p>MF:C20H28O4<\/p>\n<p>G\u00f6r\u00fcn\u00fcm: Beyaz veya sar\u0131-beyaz toz<\/p>","protected":false},"featured_media":2176,"template":"","meta":{"_acf_changed":false,"_gspb_post_css":""},"product_brand":[],"product_cat":[60,135],"product_tag":[],"class_list":{"0":"post-5818","1":"product","2":"type-product","3":"status-publish","4":"has-post-thumbnail","6":"product_cat-cosmetic-ingredients","7":"product_cat-preservative-cosmetic-ingredients","9":"first","10":"instock","11":"shipping-taxable","12":"product-type-simple"},"acf":[],"_links":{"self":[{"href":"https:\/\/wpachem.com\/tr\/wp-json\/wp\/v2\/product\/5818","targetHints":{"allow":["GET"]}}],"collection":[{"href":"https:\/\/wpachem.com\/tr\/wp-json\/wp\/v2\/product"}],"about":[{"href":"https:\/\/wpachem.com\/tr\/wp-json\/wp\/v2\/types\/product"}],"version-history":[{"count":0,"href":"https:\/\/wpachem.com\/tr\/wp-json\/wp\/v2\/product\/5818\/revisions"}],"wp:featuredmedia":[{"embeddable":true,"href":"https:\/\/wpachem.com\/tr\/wp-json\/wp\/v2\/media\/2176"}],"wp:attachment":[{"href":"https:\/\/wpachem.com\/tr\/wp-json\/wp\/v2\/media?parent=5818"}],"wp:term":[{"taxonomy":"product_brand","embeddable":true,"href":"https:\/\/wpachem.com\/tr\/wp-json\/wp\/v2\/product_brand?post=5818"},{"taxonomy":"product_cat","embeddable":true,"href":"https:\/\/wpachem.com\/tr\/wp-json\/wp\/v2\/product_cat?post=5818"},{"taxonomy":"product_tag","embeddable":true,"href":"https:\/\/wpachem.com\/tr\/wp-json\/wp\/v2\/product_tag?post=5818"}],"curies":[{"name":"wp","href":"https:\/\/api.w.org\/{rel}","templated":true}]}}