{"id":5820,"date":"2024-02-05T09:00:05","date_gmt":"2024-02-05T09:00:05","guid":{"rendered":"https:\/\/wpachem.com\/?post_type=product&#038;p=5820"},"modified":"2024-02-05T09:04:33","modified_gmt":"2024-02-05T09:04:33","slug":"triclosan-cas-3380-34-5-trichloro-2-hydroxydiphenylether-factory-supply-cosmetic-ingredients","status":"publish","type":"product","link":"https:\/\/wpachem.com\/tr\/urun\/triclosan-cas-3380-34-5-trichloro-2-hydroxydiphenylether-factory-supply-cosmetic-ingredients\/","title":{"rendered":"Triklosan CAS 3380-34-5 Trikloro-2-hidroksidifenileter Fabrika Tedarik Kozmetik bile\u015fenleri"},"content":{"rendered":"<p>Renksiz kristal veya beyaz kat\u0131d\u0131r<\/p>\n<p><strong>Ba\u015fvuru<\/strong><\/p>\n<p>Elektronik \u00fcr\u00fcnler, plastik, kau\u00e7uk, kaplama, yap\u0131 malzemeleri ve di\u011fer alanlarda yayg\u0131n olarak kullan\u0131l\u0131r ve alev geciktirici olarak kullan\u0131labilir.<\/p>\n<p><strong>Paketleme ve Depolama<\/strong><\/p>\n<p>25 KG\/TORBA<\/p>\n<p>25 KG\/VAR\u0130L<\/p>","protected":false},"excerpt":{"rendered":"<p>\u00dcr\u00fcn ad\u0131: Triklosan<\/p>\n<p>CAS:3380-34-5<\/p>\n<p>MF:C12H7Cl3O2<\/p>\n<p>G\u00f6r\u00fcn\u00fcm: renksiz kristal veya beyaz kat\u0131<\/p>","protected":false},"featured_media":2123,"template":"","meta":{"_acf_changed":false,"_gspb_post_css":""},"product_brand":[],"product_cat":[62,76],"product_tag":[],"class_list":{"0":"post-5820","1":"product","2":"type-product","3":"status-publish","4":"has-post-thumbnail","6":"product_cat-rubberplastic-ingredients","7":"product_cat-others","9":"first","10":"instock","11":"shipping-taxable","12":"product-type-simple"},"acf":[],"_links":{"self":[{"href":"https:\/\/wpachem.com\/tr\/wp-json\/wp\/v2\/product\/5820","targetHints":{"allow":["GET"]}}],"collection":[{"href":"https:\/\/wpachem.com\/tr\/wp-json\/wp\/v2\/product"}],"about":[{"href":"https:\/\/wpachem.com\/tr\/wp-json\/wp\/v2\/types\/product"}],"version-history":[{"count":0,"href":"https:\/\/wpachem.com\/tr\/wp-json\/wp\/v2\/product\/5820\/revisions"}],"wp:featuredmedia":[{"embeddable":true,"href":"https:\/\/wpachem.com\/tr\/wp-json\/wp\/v2\/media\/2123"}],"wp:attachment":[{"href":"https:\/\/wpachem.com\/tr\/wp-json\/wp\/v2\/media?parent=5820"}],"wp:term":[{"taxonomy":"product_brand","embeddable":true,"href":"https:\/\/wpachem.com\/tr\/wp-json\/wp\/v2\/product_brand?post=5820"},{"taxonomy":"product_cat","embeddable":true,"href":"https:\/\/wpachem.com\/tr\/wp-json\/wp\/v2\/product_cat?post=5820"},{"taxonomy":"product_tag","embeddable":true,"href":"https:\/\/wpachem.com\/tr\/wp-json\/wp\/v2\/product_tag?post=5820"}],"curies":[{"name":"wp","href":"https:\/\/api.w.org\/{rel}","templated":true}]}}