{"id":5822,"date":"2024-02-05T09:04:48","date_gmt":"2024-02-05T09:04:48","guid":{"rendered":"https:\/\/wpachem.com\/?post_type=product&#038;p=5822"},"modified":"2024-02-05T09:09:51","modified_gmt":"2024-02-05T09:09:51","slug":"ligustilide-cas-4431-01-0","status":"publish","type":"product","link":"https:\/\/wpachem.com\/tr\/urun\/ligustilide-cas-4431-01-0\/","title":{"rendered":"Ligustilid CAS 4431-01-0"},"content":{"rendered":"<p>\u00d6zel aromal\u0131 renksiz s\u0131v\u0131d\u0131r<\/p>\n<p><strong>Ba\u015fvuru<\/strong><\/p>\n<p>\u0130la\u00e7 ve pestisit imalat alanlar\u0131nda yayg\u0131n olarak kullan\u0131lmaktad\u0131r.<br \/>\nBaz\u0131 ila\u00e7lar, baharatlar ve bitki b\u00fcy\u00fcme d\u00fczenleyicileri gibi pek \u00e7ok yararl\u0131 bile\u015fi\u011fin sentezinde \u00f6nemli bir hammaddedir.<br \/>\nLigustilid, lezzet ve g\u0131da katk\u0131 maddesi olarak, aroma ve tad\u0131 artt\u0131rmak amac\u0131yla da kullan\u0131l\u0131r.<\/p>\n<p><strong>Paketleme ve Depolama<\/strong><\/p>\n<p>25 KG\/TORBA<\/p>\n<p>25 KG\/VAR\u0130L<\/p>","protected":false},"excerpt":{"rendered":"<p>\u00dcr\u00fcn ad\u0131: Ligustilide<\/p>\n<p>CAS:4431-01-0<\/p>\n<p>MF:C7H15NO3<\/p>\n<p>G\u00f6r\u00fcn\u00fcm: C12H14O2<\/p>","protected":false},"featured_media":2089,"template":"","meta":{"_acf_changed":false,"_gspb_post_css":""},"product_brand":[],"product_cat":[55],"product_tag":[],"class_list":{"0":"post-5822","1":"product","2":"type-product","3":"status-publish","4":"has-post-thumbnail","6":"product_cat-food-additives","8":"first","9":"instock","10":"shipping-taxable","11":"product-type-simple"},"acf":[],"_links":{"self":[{"href":"https:\/\/wpachem.com\/tr\/wp-json\/wp\/v2\/product\/5822","targetHints":{"allow":["GET"]}}],"collection":[{"href":"https:\/\/wpachem.com\/tr\/wp-json\/wp\/v2\/product"}],"about":[{"href":"https:\/\/wpachem.com\/tr\/wp-json\/wp\/v2\/types\/product"}],"version-history":[{"count":0,"href":"https:\/\/wpachem.com\/tr\/wp-json\/wp\/v2\/product\/5822\/revisions"}],"wp:featuredmedia":[{"embeddable":true,"href":"https:\/\/wpachem.com\/tr\/wp-json\/wp\/v2\/media\/2089"}],"wp:attachment":[{"href":"https:\/\/wpachem.com\/tr\/wp-json\/wp\/v2\/media?parent=5822"}],"wp:term":[{"taxonomy":"product_brand","embeddable":true,"href":"https:\/\/wpachem.com\/tr\/wp-json\/wp\/v2\/product_brand?post=5822"},{"taxonomy":"product_cat","embeddable":true,"href":"https:\/\/wpachem.com\/tr\/wp-json\/wp\/v2\/product_cat?post=5822"},{"taxonomy":"product_tag","embeddable":true,"href":"https:\/\/wpachem.com\/tr\/wp-json\/wp\/v2\/product_tag?post=5822"}],"curies":[{"name":"wp","href":"https:\/\/api.w.org\/{rel}","templated":true}]}}