{"id":5824,"date":"2024-02-05T09:10:03","date_gmt":"2024-02-05T09:10:03","guid":{"rendered":"https:\/\/wpachem.com\/?post_type=product&#038;p=5824"},"modified":"2024-02-05T09:18:08","modified_gmt":"2024-02-05T09:18:08","slug":"petroleum-jelly-white-cas-8009-03-8","status":"publish","type":"product","link":"https:\/\/wpachem.com\/tr\/urun\/petroleum-jelly-white-cas-8009-03-8\/","title":{"rendered":"Petrol J\u00f6lesi Beyaz CAS 8009-03-8"},"content":{"rendered":"<p>Renksiz veya hafif sar\u0131 renkte, yar\u0131 kat\u0131 bir maddedir.<\/p>\n<p><strong>Ba\u015fvuru<\/strong><\/p>\n<p>\u0130la\u00e7 sekt\u00f6r\u00fcnde Vazelin s\u0131kl\u0131kla cildi korumak, nemlendirmek ve cilt iltihaplar\u0131n\u0131 azaltmak amac\u0131yla merhem, krem, krem vb. yap\u0131m\u0131nda kullan\u0131l\u0131r.<br \/>\nG\u00fczellik ve cilt bak\u0131m\u0131 alan\u0131nda, cildi korumak ve nemlendirmek amac\u0131yla cilt kremlerine, rujlara, dudak kremlerine ve di\u011fer \u00fcr\u00fcnlere s\u0131kl\u0131kla vazelin eklenir.<br \/>\nSanayide vazelin ayr\u0131ca ya\u011flay\u0131c\u0131, s\u0131zd\u0131rmazl\u0131k maddesi, yal\u0131t\u0131m maddesi, yak\u0131t katk\u0131 maddesi vb. olarak kullan\u0131l\u0131r.<\/p>\n<p><strong>Paketleme ve Depolama<\/strong><\/p>\n<p>25 KG\/VAR\u0130L<\/p>","protected":false},"excerpt":{"rendered":"<p>\u00dcr\u00fcn ad\u0131: Petrol J\u00f6lesi Beyaz<\/p>\n<p>CAS:8009-03-8<\/p>\n<p>MF:C15H15N<\/p>\n<p>G\u00f6r\u00fcn\u00fcm: renksiz veya hafif sar\u0131 yar\u0131 kat\u0131 madde<\/p>","protected":false},"featured_media":5825,"template":"","meta":{"_acf_changed":false,"_gspb_post_css":""},"product_brand":[],"product_cat":[60,136],"product_tag":[],"class_list":{"0":"post-5824","1":"product","2":"type-product","3":"status-publish","4":"has-post-thumbnail","6":"product_cat-cosmetic-ingredients","7":"product_cat-repairing","9":"first","10":"instock","11":"shipping-taxable","12":"product-type-simple"},"acf":[],"_links":{"self":[{"href":"https:\/\/wpachem.com\/tr\/wp-json\/wp\/v2\/product\/5824","targetHints":{"allow":["GET"]}}],"collection":[{"href":"https:\/\/wpachem.com\/tr\/wp-json\/wp\/v2\/product"}],"about":[{"href":"https:\/\/wpachem.com\/tr\/wp-json\/wp\/v2\/types\/product"}],"version-history":[{"count":0,"href":"https:\/\/wpachem.com\/tr\/wp-json\/wp\/v2\/product\/5824\/revisions"}],"wp:featuredmedia":[{"embeddable":true,"href":"https:\/\/wpachem.com\/tr\/wp-json\/wp\/v2\/media\/5825"}],"wp:attachment":[{"href":"https:\/\/wpachem.com\/tr\/wp-json\/wp\/v2\/media?parent=5824"}],"wp:term":[{"taxonomy":"product_brand","embeddable":true,"href":"https:\/\/wpachem.com\/tr\/wp-json\/wp\/v2\/product_brand?post=5824"},{"taxonomy":"product_cat","embeddable":true,"href":"https:\/\/wpachem.com\/tr\/wp-json\/wp\/v2\/product_cat?post=5824"},{"taxonomy":"product_tag","embeddable":true,"href":"https:\/\/wpachem.com\/tr\/wp-json\/wp\/v2\/product_tag?post=5824"}],"curies":[{"name":"wp","href":"https:\/\/api.w.org\/{rel}","templated":true}]}}