{"id":5827,"date":"2024-02-05T09:18:34","date_gmt":"2024-02-05T09:18:34","guid":{"rendered":"https:\/\/wpachem.com\/?post_type=product&#038;p=5827"},"modified":"2024-02-05T09:41:02","modified_gmt":"2024-02-05T09:41:02","slug":"superoxide-dismutase-f-bovine-erythro-cytes-sod-cas-9054-89-1","status":"publish","type":"product","link":"https:\/\/wpachem.com\/tr\/urun\/superoxide-dismutase-f-bovine-erythro-cytes-sod-cas-9054-89-1\/","title":{"rendered":"s\u00fcperoksit dismutaz F. s\u0131\u011f\u0131r eritrositler (SOD) CAS 9054-89-1"},"content":{"rendered":"<p>Beyaz veya a\u00e7\u0131k mavi renkte gev\u015fek kristal dondurularak kurutulmu\u015f toz veya a\u00e7\u0131k mavi kristal tozdur.<\/p>\n<p><strong>Ba\u015fvuru<\/strong><\/p>\n<p>Serbest radikalleri temizlemek ve h\u00fccreleri oksidatif hasardan korumak amac\u0131yla ya\u015flanma kar\u015f\u0131t\u0131 \u00fcr\u00fcnlerde, g\u00fczellik \u00fcr\u00fcnlerinde ve sa\u011fl\u0131k takviyelerinde antioksidan olarak kullan\u0131labilir.<\/p>\n<p><strong>Paketleme ve Depolama<\/strong><\/p>\n<p>10 G\/TORBA<\/p>\n<p>&nbsp;<\/p>","protected":false},"excerpt":{"rendered":"<p>\u00dcr\u00fcn ad\u0131: S\u00fcperoksit Dismutaz<\/p>\n<p>CAS:9054-89-1<\/p>\n<p>G\u00f6r\u00fcn\u00fcm: a\u00e7\u0131k mavi gev\u015fek kristal dondurularak kurutulmu\u015f toz veya a\u00e7\u0131k mavi kristal toz<\/p>","protected":false},"featured_media":2183,"template":"","meta":{"_acf_changed":false,"_gspb_post_css":""},"product_brand":[],"product_cat":[55,131,136,60],"product_tag":[],"class_list":{"0":"post-5827","1":"product","2":"type-product","3":"status-publish","4":"has-post-thumbnail","6":"product_cat-food-additives","7":"product_cat-antioxidant","8":"product_cat-repairing","9":"product_cat-cosmetic-ingredients","11":"first","12":"instock","13":"shipping-taxable","14":"product-type-simple"},"acf":[],"_links":{"self":[{"href":"https:\/\/wpachem.com\/tr\/wp-json\/wp\/v2\/product\/5827","targetHints":{"allow":["GET"]}}],"collection":[{"href":"https:\/\/wpachem.com\/tr\/wp-json\/wp\/v2\/product"}],"about":[{"href":"https:\/\/wpachem.com\/tr\/wp-json\/wp\/v2\/types\/product"}],"version-history":[{"count":0,"href":"https:\/\/wpachem.com\/tr\/wp-json\/wp\/v2\/product\/5827\/revisions"}],"wp:featuredmedia":[{"embeddable":true,"href":"https:\/\/wpachem.com\/tr\/wp-json\/wp\/v2\/media\/2183"}],"wp:attachment":[{"href":"https:\/\/wpachem.com\/tr\/wp-json\/wp\/v2\/media?parent=5827"}],"wp:term":[{"taxonomy":"product_brand","embeddable":true,"href":"https:\/\/wpachem.com\/tr\/wp-json\/wp\/v2\/product_brand?post=5827"},{"taxonomy":"product_cat","embeddable":true,"href":"https:\/\/wpachem.com\/tr\/wp-json\/wp\/v2\/product_cat?post=5827"},{"taxonomy":"product_tag","embeddable":true,"href":"https:\/\/wpachem.com\/tr\/wp-json\/wp\/v2\/product_tag?post=5827"}],"curies":[{"name":"wp","href":"https:\/\/api.w.org\/{rel}","templated":true}]}}