{"id":5829,"date":"2024-02-05T09:41:32","date_gmt":"2024-02-05T09:41:32","guid":{"rendered":"https:\/\/wpachem.com\/?post_type=product&#038;p=5829"},"modified":"2024-02-05T09:49:33","modified_gmt":"2024-02-05T09:49:33","slug":"gentiopicrin-cas-20831-76-9","status":"publish","type":"product","link":"https:\/\/wpachem.com\/tr\/urun\/gentiopicrin-cas-20831-76-9\/","title":{"rendered":"Gentiopikrin CAS 20831-76-9"},"content":{"rendered":"<p>A\u00e7\u0131k sar\u0131 kristal tozdur.<\/p>\n<p><strong>Ba\u015fvuru<\/strong><\/p>\n<p>1. Anti-inflamatuar etki: \u0130nflamasyon s\u00fcrecini inhibe edebilir ve inflamasyona ba\u011fl\u0131 semptomlar\u0131 azaltabilir.<br \/>\n2. Safra salg\u0131s\u0131n\u0131 uyar\u0131r: Gentianopikrozid safra salg\u0131s\u0131n\u0131 uyarabilir ve sindirime ve at\u0131klar\u0131n at\u0131lmas\u0131na yard\u0131mc\u0131 olabilir.<br \/>\n3. Antioksidan etkisi: Serbest radikalleri temizleyerek h\u00fccrelere verilen oksidatif hasar\u0131 azalt\u0131r.<\/p>\n<p><strong>Paketleme ve Depolama<\/strong><\/p>\n<p>25 KG\/VAR\u0130L<\/p>","protected":false},"excerpt":{"rendered":"<p>\u00dcr\u00fcn ad\u0131: Gentiopikrin<\/p>\n<p>CAS:20831-76-9<\/p>\n<p>MF:C16H20O9<\/p>\n<p>G\u00f6r\u00fcn\u00fcm: a\u00e7\u0131k sar\u0131 kristal toz<\/p>","protected":false},"featured_media":5830,"template":"","meta":{"_acf_changed":false,"_gspb_post_css":""},"product_brand":[],"product_cat":[60,131],"product_tag":[],"class_list":{"0":"post-5829","1":"product","2":"type-product","3":"status-publish","4":"has-post-thumbnail","6":"product_cat-cosmetic-ingredients","7":"product_cat-antioxidant","9":"first","10":"instock","11":"shipping-taxable","12":"product-type-simple"},"acf":[],"_links":{"self":[{"href":"https:\/\/wpachem.com\/tr\/wp-json\/wp\/v2\/product\/5829","targetHints":{"allow":["GET"]}}],"collection":[{"href":"https:\/\/wpachem.com\/tr\/wp-json\/wp\/v2\/product"}],"about":[{"href":"https:\/\/wpachem.com\/tr\/wp-json\/wp\/v2\/types\/product"}],"version-history":[{"count":0,"href":"https:\/\/wpachem.com\/tr\/wp-json\/wp\/v2\/product\/5829\/revisions"}],"wp:featuredmedia":[{"embeddable":true,"href":"https:\/\/wpachem.com\/tr\/wp-json\/wp\/v2\/media\/5830"}],"wp:attachment":[{"href":"https:\/\/wpachem.com\/tr\/wp-json\/wp\/v2\/media?parent=5829"}],"wp:term":[{"taxonomy":"product_brand","embeddable":true,"href":"https:\/\/wpachem.com\/tr\/wp-json\/wp\/v2\/product_brand?post=5829"},{"taxonomy":"product_cat","embeddable":true,"href":"https:\/\/wpachem.com\/tr\/wp-json\/wp\/v2\/product_cat?post=5829"},{"taxonomy":"product_tag","embeddable":true,"href":"https:\/\/wpachem.com\/tr\/wp-json\/wp\/v2\/product_tag?post=5829"}],"curies":[{"name":"wp","href":"https:\/\/api.w.org\/{rel}","templated":true}]}}