{"id":5832,"date":"2024-02-05T09:49:45","date_gmt":"2024-02-05T09:49:45","guid":{"rendered":"https:\/\/wpachem.com\/?post_type=product&#038;p=5832"},"modified":"2024-02-05T09:54:47","modified_gmt":"2024-02-05T09:54:47","slug":"vitamin-e-cas-59-02-9","status":"publish","type":"product","link":"https:\/\/wpachem.com\/tr\/urun\/vitamin-e-cas-59-02-9\/","title":{"rendered":"E Vitamini CAS 59-02-9"},"content":{"rendered":"<p>E vitamini genellikle a\u00e7\u0131k sar\u0131dan kahverengiye kadar de\u011fi\u015fen ya\u011fl\u0131 bir s\u0131v\u0131d\u0131r.<\/p>\n<p><strong>Ba\u015fvuru<\/strong><\/p>\n<p>Besin takviyesi: E vitamini, h\u00fccre zarlar\u0131n\u0131 oksidatif hasardan korumaya yard\u0131mc\u0131 olmak i\u00e7in insan v\u00fccudunun ihtiya\u00e7 duydu\u011fu besinlerden biridir.<br \/>\nCilt bak\u0131m \u00fcr\u00fcnleri: E vitamini cilt bak\u0131m \u00fcr\u00fcnlerinde s\u0131kl\u0131kla kullan\u0131l\u0131r. Antioksidan ve nemlendirici etkileri vard\u0131r ve cilt kalitesini iyile\u015ftirmeye yard\u0131mc\u0131 olur.<br \/>\nG\u0131da katk\u0131 maddeleri: E vitamini g\u0131da katk\u0131 maddesi olarak kullan\u0131labilir, \u00f6zellikle g\u0131dalardaki lipid bile\u015fenlerinin oksidasyonunu \u00f6nlemek ve g\u0131dan\u0131n raf \u00f6mr\u00fcn\u00fc uzatmak amac\u0131yla kullan\u0131l\u0131r.<\/p>\n<p><strong>Paketleme ve Depolama<\/strong><\/p>\n<p>25 KG\/VAR\u0130L<\/p>","protected":false},"excerpt":{"rendered":"<p>\u00dcr\u00fcn ad\u0131: E vitamini<\/p>\n<p>CAS: 59-02-9<\/p>\n<p>MF:C29H50O2<\/p>\n<p>G\u00f6r\u00fcn\u00fcm: a\u00e7\u0131k sar\u0131 ila kahverengi ya\u011fl\u0131 s\u0131v\u0131<\/p>","protected":false},"featured_media":3322,"template":"","meta":{"_acf_changed":false,"_gspb_post_css":""},"product_brand":[],"product_cat":[55,131,103,60],"product_tag":[],"class_list":{"0":"post-5832","1":"product","2":"type-product","3":"status-publish","4":"has-post-thumbnail","6":"product_cat-food-additives","7":"product_cat-antioxidant","8":"product_cat-nutrition-enhancer","9":"product_cat-cosmetic-ingredients","11":"first","12":"instock","13":"shipping-taxable","14":"product-type-simple"},"acf":[],"_links":{"self":[{"href":"https:\/\/wpachem.com\/tr\/wp-json\/wp\/v2\/product\/5832","targetHints":{"allow":["GET"]}}],"collection":[{"href":"https:\/\/wpachem.com\/tr\/wp-json\/wp\/v2\/product"}],"about":[{"href":"https:\/\/wpachem.com\/tr\/wp-json\/wp\/v2\/types\/product"}],"version-history":[{"count":0,"href":"https:\/\/wpachem.com\/tr\/wp-json\/wp\/v2\/product\/5832\/revisions"}],"wp:featuredmedia":[{"embeddable":true,"href":"https:\/\/wpachem.com\/tr\/wp-json\/wp\/v2\/media\/3322"}],"wp:attachment":[{"href":"https:\/\/wpachem.com\/tr\/wp-json\/wp\/v2\/media?parent=5832"}],"wp:term":[{"taxonomy":"product_brand","embeddable":true,"href":"https:\/\/wpachem.com\/tr\/wp-json\/wp\/v2\/product_brand?post=5832"},{"taxonomy":"product_cat","embeddable":true,"href":"https:\/\/wpachem.com\/tr\/wp-json\/wp\/v2\/product_cat?post=5832"},{"taxonomy":"product_tag","embeddable":true,"href":"https:\/\/wpachem.com\/tr\/wp-json\/wp\/v2\/product_tag?post=5832"}],"curies":[{"name":"wp","href":"https:\/\/api.w.org\/{rel}","templated":true}]}}