{"id":5834,"date":"2024-02-05T09:55:04","date_gmt":"2024-02-05T09:55:04","guid":{"rendered":"https:\/\/wpachem.com\/?post_type=product&#038;p=5834"},"modified":"2024-02-06T05:35:36","modified_gmt":"2024-02-06T05:35:36","slug":"gliadin-from-wheat-cas-9007-90-3","status":"publish","type":"product","link":"https:\/\/wpachem.com\/tr\/urun\/gliadin-from-wheat-cas-9007-90-3\/","title":{"rendered":"Bu\u011fdaydan Gliadin CAS 9007-90-3"},"content":{"rendered":"<p>L-Karnitin beyaz bir tozdur.<\/p>\n<p><strong>Ba\u015fvuru<\/strong><\/p>\n<p>Su tutma: Gliadin&#039;de bulunan \u00e7ok say\u0131da hidrofilik grup nedeniyle iyi su tutma \u00f6zelli\u011fine sahiptir. Bu nedenle, gliadinler g\u0131da ve biyokimyasal uygulamalarda yayg\u0131n olarak em\u00fclgat\u00f6r, stabilizat\u00f6r ve koyula\u015ft\u0131r\u0131c\u0131 olarak kullan\u0131l\u0131r.<\/p>\n<p>Fizyolojik aktivite: Gliadin amino asitler a\u00e7\u0131s\u0131ndan zengindir ve belirli fizyolojik aktiviteye sahiptir. \u0130yi bir vitamin ve mineral kayna\u011f\u0131 olarak hizmet ederler ve v\u00fccutta metabolizma ve ba\u011f\u0131\u015f\u0131kl\u0131k d\u00fczenlemesi gibi biyolojik s\u00fcre\u00e7lerde yer al\u0131rlar.<\/p>\n<p>Enzim aktivitesi: Baz\u0131 gliadin proteinleri, gliadin i\u00e7indeki proteazlar ve oksidazlar gibi enzimatik aktiviteye sahiptir. Bu enzimatik aktiviteler, gliadine g\u0131da i\u015fleme ve hamur fermantasyonu gibi s\u00fcre\u00e7lerde baz\u0131 \u00f6zel i\u015flevler kazand\u0131r\u0131r.<\/p>\n<p><strong>Paketleme ve Depolama<\/strong><\/p>\n<p>25 KG\/TORBA<\/p>\n<p>25 KG\/VAR\u0130L<\/p>","protected":false},"excerpt":{"rendered":"<p>\u00dcr\u00fcn ad\u0131: Bu\u011fdaydan Gliadin<\/p>\n<p>CAS:9007-90-3<\/p>\n<p>MF:C29H41N7O9<\/p>\n<p>G\u00f6r\u00fcn\u00fcm: beyaz toz<\/p>","protected":false},"featured_media":2181,"template":"","meta":{"_acf_changed":false,"_gspb_post_css":""},"product_brand":[],"product_cat":[55,102,58],"product_tag":[],"class_list":{"0":"post-5834","1":"product","2":"type-product","3":"status-publish","4":"has-post-thumbnail","6":"product_cat-food-additives","7":"product_cat-emulsifiers","8":"product_cat-thicknerstablizer","10":"first","11":"instock","12":"shipping-taxable","13":"product-type-simple"},"acf":[],"_links":{"self":[{"href":"https:\/\/wpachem.com\/tr\/wp-json\/wp\/v2\/product\/5834","targetHints":{"allow":["GET"]}}],"collection":[{"href":"https:\/\/wpachem.com\/tr\/wp-json\/wp\/v2\/product"}],"about":[{"href":"https:\/\/wpachem.com\/tr\/wp-json\/wp\/v2\/types\/product"}],"version-history":[{"count":0,"href":"https:\/\/wpachem.com\/tr\/wp-json\/wp\/v2\/product\/5834\/revisions"}],"wp:featuredmedia":[{"embeddable":true,"href":"https:\/\/wpachem.com\/tr\/wp-json\/wp\/v2\/media\/2181"}],"wp:attachment":[{"href":"https:\/\/wpachem.com\/tr\/wp-json\/wp\/v2\/media?parent=5834"}],"wp:term":[{"taxonomy":"product_brand","embeddable":true,"href":"https:\/\/wpachem.com\/tr\/wp-json\/wp\/v2\/product_brand?post=5834"},{"taxonomy":"product_cat","embeddable":true,"href":"https:\/\/wpachem.com\/tr\/wp-json\/wp\/v2\/product_cat?post=5834"},{"taxonomy":"product_tag","embeddable":true,"href":"https:\/\/wpachem.com\/tr\/wp-json\/wp\/v2\/product_tag?post=5834"}],"curies":[{"name":"wp","href":"https:\/\/api.w.org\/{rel}","templated":true}]}}