{"id":5836,"date":"2024-02-06T03:29:15","date_gmt":"2024-02-06T03:29:15","guid":{"rendered":"https:\/\/wpachem.com\/?post_type=product&#038;p=5836"},"modified":"2024-02-06T03:55:11","modified_gmt":"2024-02-06T03:55:11","slug":"12-pentanediol-cas-5343-92-0","status":"publish","type":"product","link":"https:\/\/wpachem.com\/tr\/urun\/12-pentanediol-cas-5343-92-0\/","title":{"rendered":"1,2-Pentandiol CAS 5343-92-0"},"content":{"rendered":"<p>Oda s\u0131cakl\u0131\u011f\u0131nda \u00f6zel tatl\u0131 bir tada sahip, renksiz, k\u0131vaml\u0131 bir s\u0131v\u0131d\u0131r.<\/p>\n<p><strong>Ba\u015fvuru<\/strong><\/p>\n<p>Genellikle \u00e7\u00f6z\u00fcc\u00fc, \u0131slat\u0131c\u0131 ve koyula\u015ft\u0131r\u0131c\u0131 olarak kullan\u0131l\u0131r.<br \/>\nKozmetik ve ki\u015fisel bak\u0131m \u00fcr\u00fcnlerinde nemlendirici olarak s\u0131kl\u0131kla kullan\u0131l\u0131r, cildin nemini korumas\u0131na ve kurumas\u0131n\u0131 \u00f6nlemeye yard\u0131mc\u0131 olur.<\/p>\n<p><strong>Paketleme ve Depolama<\/strong><\/p>\n<p>25 KG\/VAR\u0130L<\/p>","protected":false},"excerpt":{"rendered":"<p>\u00dcr\u00fcn ad\u0131: 1,2-Pentandiol<\/p>\n<p>CAS:5343-92-0<\/p>\n<p>MF:C5H12O2<\/p>\n<p>G\u00f6r\u00fcn\u00fcm: renksiz, viskoz s\u0131v\u0131<\/p>","protected":false},"featured_media":2212,"template":"","meta":{"_acf_changed":false,"_gspb_post_css":""},"product_brand":[],"product_cat":[60,132],"product_tag":[],"class_list":{"0":"post-5836","1":"product","2":"type-product","3":"status-publish","4":"has-post-thumbnail","6":"product_cat-cosmetic-ingredients","7":"product_cat-moisturizing","9":"first","10":"instock","11":"shipping-taxable","12":"product-type-simple"},"acf":[],"_links":{"self":[{"href":"https:\/\/wpachem.com\/tr\/wp-json\/wp\/v2\/product\/5836","targetHints":{"allow":["GET"]}}],"collection":[{"href":"https:\/\/wpachem.com\/tr\/wp-json\/wp\/v2\/product"}],"about":[{"href":"https:\/\/wpachem.com\/tr\/wp-json\/wp\/v2\/types\/product"}],"version-history":[{"count":0,"href":"https:\/\/wpachem.com\/tr\/wp-json\/wp\/v2\/product\/5836\/revisions"}],"wp:featuredmedia":[{"embeddable":true,"href":"https:\/\/wpachem.com\/tr\/wp-json\/wp\/v2\/media\/2212"}],"wp:attachment":[{"href":"https:\/\/wpachem.com\/tr\/wp-json\/wp\/v2\/media?parent=5836"}],"wp:term":[{"taxonomy":"product_brand","embeddable":true,"href":"https:\/\/wpachem.com\/tr\/wp-json\/wp\/v2\/product_brand?post=5836"},{"taxonomy":"product_cat","embeddable":true,"href":"https:\/\/wpachem.com\/tr\/wp-json\/wp\/v2\/product_cat?post=5836"},{"taxonomy":"product_tag","embeddable":true,"href":"https:\/\/wpachem.com\/tr\/wp-json\/wp\/v2\/product_tag?post=5836"}],"curies":[{"name":"wp","href":"https:\/\/api.w.org\/{rel}","templated":true}]}}