{"id":5843,"date":"2024-02-06T05:36:35","date_gmt":"2024-02-06T05:36:35","guid":{"rendered":"https:\/\/wpachem.com\/?post_type=product&#038;p=5843"},"modified":"2024-02-06T05:39:28","modified_gmt":"2024-02-06T05:39:28","slug":"123-propanetricarboxylic-acid-cas-55840-13-6","status":"publish","type":"product","link":"https:\/\/wpachem.com\/tr\/urun\/123-propanetricarboxylic-acid-cas-55840-13-6\/","title":{"rendered":"1,2,3-Propanetrikarboksilik Asit CAS 55840-13-6"},"content":{"rendered":"<p>Beyaz toz veya kat\u0131 haldedir.<\/p>\n<p><strong>Ba\u015fvuru<\/strong><\/p>\n<p>Kozmetikler: Gliseril stearat sitrat kozmetiklerde yayg\u0131n olarak stabilizat\u00f6r, em\u00fclgat\u00f6r ve koyula\u015ft\u0131r\u0131c\u0131 olarak kullan\u0131l\u0131r.<br \/>\nG\u0131da Sanayi: Bile\u015fik ayr\u0131ca ya\u011f ikame maddesi, g\u0131da ya\u011flay\u0131c\u0131s\u0131 ve k\u0131vam artt\u0131r\u0131c\u0131 madde gibi bir g\u0131da katk\u0131 maddesi olarak da kullan\u0131l\u0131r.<br \/>\n\u0130la\u00e7 end\u00fcstrisi: Gliseril stearat sitrat, kaps\u00fcl kaplama maddeleri ve \u00e7\u00f6z\u00fcc\u00fcler gibi preparatlarda yard\u0131mc\u0131 madde olarak kullan\u0131labilir.<\/p>\n<p><strong>Paketleme ve Depolama<\/strong><\/p>\n<p>25 KG\/TORBA<\/p>\n<p>25 KG\/VAR\u0130L<\/p>","protected":false},"excerpt":{"rendered":"<p>\u00dcr\u00fcn ad\u0131: 1,2,3-Propanetrikarboksilik Asit<\/p>\n<p>CAS:55840-13-6<\/p>\n<p>MF:C27H50O11<\/p>\n<p>G\u00f6r\u00fcn\u00fcm: beyaz toz<\/p>","protected":false},"featured_media":2181,"template":"","meta":{"_acf_changed":false,"_gspb_post_css":""},"product_brand":[],"product_cat":[55,133,134,58,60],"product_tag":[],"class_list":{"0":"post-5843","1":"product","2":"type-product","3":"status-publish","4":"has-post-thumbnail","6":"product_cat-food-additives","7":"product_cat-emulsifiers-cosmetic-ingredients","8":"product_cat-thickener","9":"product_cat-thicknerstablizer","10":"product_cat-cosmetic-ingredients","12":"first","13":"instock","14":"shipping-taxable","15":"product-type-simple"},"acf":[],"_links":{"self":[{"href":"https:\/\/wpachem.com\/tr\/wp-json\/wp\/v2\/product\/5843","targetHints":{"allow":["GET"]}}],"collection":[{"href":"https:\/\/wpachem.com\/tr\/wp-json\/wp\/v2\/product"}],"about":[{"href":"https:\/\/wpachem.com\/tr\/wp-json\/wp\/v2\/types\/product"}],"version-history":[{"count":0,"href":"https:\/\/wpachem.com\/tr\/wp-json\/wp\/v2\/product\/5843\/revisions"}],"wp:featuredmedia":[{"embeddable":true,"href":"https:\/\/wpachem.com\/tr\/wp-json\/wp\/v2\/media\/2181"}],"wp:attachment":[{"href":"https:\/\/wpachem.com\/tr\/wp-json\/wp\/v2\/media?parent=5843"}],"wp:term":[{"taxonomy":"product_brand","embeddable":true,"href":"https:\/\/wpachem.com\/tr\/wp-json\/wp\/v2\/product_brand?post=5843"},{"taxonomy":"product_cat","embeddable":true,"href":"https:\/\/wpachem.com\/tr\/wp-json\/wp\/v2\/product_cat?post=5843"},{"taxonomy":"product_tag","embeddable":true,"href":"https:\/\/wpachem.com\/tr\/wp-json\/wp\/v2\/product_tag?post=5843"}],"curies":[{"name":"wp","href":"https:\/\/api.w.org\/{rel}","templated":true}]}}