{"id":5845,"date":"2024-02-06T05:39:38","date_gmt":"2024-02-06T05:39:38","guid":{"rendered":"https:\/\/wpachem.com\/?post_type=product&#038;p=5845"},"modified":"2024-02-06T05:45:33","modified_gmt":"2024-02-06T05:45:33","slug":"glycyrrhizicaciddipotassiumsalt-hydrate-cas-68797-35-3-dipotassium-glycyrrhizinate","status":"publish","type":"product","link":"https:\/\/wpachem.com\/tr\/urun\/glycyrrhizicaciddipotassiumsalt-hydrate-cas-68797-35-3-dipotassium-glycyrrhizinate\/","title":{"rendered":"Glisirizikasitdipotasyumtuz Hidrat CAS 68797-35-3 D\u0130POTASYUM GL\u0130S\u0130R\u0130Z\u0130NAT"},"content":{"rendered":"<p>Beyaz kristal tozdur.<\/p>\n<p><strong>Ba\u015fvuru<\/strong><\/p>\n<p>T\u0131bbi alanda s\u0131kl\u0131kla \u00f6ks\u00fcr\u00fck ve bron\u015fit tedavisinde kullan\u0131l\u0131r, bo\u011faz\u0131 ve bron\u015flar\u0131 rahatlatabilir.<br \/>\nG\u0131da sanayinde g\u0131dalara tatl\u0131l\u0131k katmak ve lezzetini artt\u0131rmak amac\u0131yla g\u0131da katk\u0131 maddesi olarak kullan\u0131l\u0131r.<\/p>\n<p><strong>Paketleme ve Depolama<\/strong><\/p>\n<p>25 KG\/TORBA<\/p>\n<p>25 KG\/VAR\u0130L<\/p>","protected":false},"excerpt":{"rendered":"<p>\u00dcr\u00fcn ad\u0131: Glycyrrhizicaciddipotassiumsalt Hidrat<\/p>\n<p>CAS:68797-35-3<\/p>\n<p>MF:C42H63KO16<\/p>\n<p>G\u00f6r\u00fcn\u00fcm: Beyaz kristal toz<\/p>","protected":false},"featured_media":5182,"template":"","meta":{"_acf_changed":false,"_gspb_post_css":""},"product_brand":[],"product_cat":[55,56],"product_tag":[],"class_list":{"0":"post-5845","1":"product","2":"type-product","3":"status-publish","4":"has-post-thumbnail","6":"product_cat-food-additives","7":"product_cat-sweetener","9":"first","10":"instock","11":"shipping-taxable","12":"product-type-simple"},"acf":[],"_links":{"self":[{"href":"https:\/\/wpachem.com\/tr\/wp-json\/wp\/v2\/product\/5845","targetHints":{"allow":["GET"]}}],"collection":[{"href":"https:\/\/wpachem.com\/tr\/wp-json\/wp\/v2\/product"}],"about":[{"href":"https:\/\/wpachem.com\/tr\/wp-json\/wp\/v2\/types\/product"}],"version-history":[{"count":0,"href":"https:\/\/wpachem.com\/tr\/wp-json\/wp\/v2\/product\/5845\/revisions"}],"wp:featuredmedia":[{"embeddable":true,"href":"https:\/\/wpachem.com\/tr\/wp-json\/wp\/v2\/media\/5182"}],"wp:attachment":[{"href":"https:\/\/wpachem.com\/tr\/wp-json\/wp\/v2\/media?parent=5845"}],"wp:term":[{"taxonomy":"product_brand","embeddable":true,"href":"https:\/\/wpachem.com\/tr\/wp-json\/wp\/v2\/product_brand?post=5845"},{"taxonomy":"product_cat","embeddable":true,"href":"https:\/\/wpachem.com\/tr\/wp-json\/wp\/v2\/product_cat?post=5845"},{"taxonomy":"product_tag","embeddable":true,"href":"https:\/\/wpachem.com\/tr\/wp-json\/wp\/v2\/product_tag?post=5845"}],"curies":[{"name":"wp","href":"https:\/\/api.w.org\/{rel}","templated":true}]}}