{"id":5847,"date":"2024-02-06T06:02:09","date_gmt":"2024-02-06T06:02:09","guid":{"rendered":"https:\/\/wpachem.com\/?post_type=product&#038;p=5847"},"modified":"2024-02-06T06:15:04","modified_gmt":"2024-02-06T06:15:04","slug":"celatom-cas-61790-53-2","status":"publish","type":"product","link":"https:\/\/wpachem.com\/tr\/urun\/celatom-cas-61790-53-2\/","title":{"rendered":"Celatom CAS 61790-53-2"},"content":{"rendered":"<p>Beyaz, k\u0131r\u0131k beyaz, sar\u0131, gri, ye\u015fil veya gri-siyah renklerde olabilir.<\/p>\n<p><strong>Ba\u015fvuru<\/strong><\/p>\n<p>1. Kurutucu: Diyatomlu toprak, havadaki nemi emebilen ve \u00e7evreyi kuru tutabilen bir nem adsorban\u0131 olarak kullan\u0131labilir.<\/p>\n<p>2. Aroma verici: Diyatomlu toprak, g\u0131dalardaki yabanc\u0131 maddeleri emerek g\u0131dan\u0131n kalitesini ve tad\u0131n\u0131 iyile\u015ftirebilir.<\/p>\n<p>3. Dolgu Maddesi: Diyatomlu toprak, baz\u0131 malzemelerin mukavemetini ve stabilitesini art\u0131rmak i\u00e7in dolgu maddesi olarak kullan\u0131labilir.<\/p>\n<p><strong>Paketleme ve Depolama<\/strong><\/p>\n<p>25 KG\/TORBA<\/p>\n<p>25 KG\/VAR\u0130L<\/p>","protected":false},"excerpt":{"rendered":"<p>\u00dcr\u00fcn ad\u0131: Celatom<\/p>\n<p>CAS:61790-53-2<\/p>\n<p>MF:O2Si<\/p>\n<p>G\u00f6r\u00fcn\u00fcm: Beyaz, kirli beyaz, sar\u0131, gri, ye\u015fil veya gri-siyah<\/p>","protected":false},"featured_media":2181,"template":"","meta":{"_acf_changed":false,"_gspb_post_css":""},"product_brand":[],"product_cat":[55],"product_tag":[],"class_list":{"0":"post-5847","1":"product","2":"type-product","3":"status-publish","4":"has-post-thumbnail","6":"product_cat-food-additives","8":"first","9":"instock","10":"shipping-taxable","11":"product-type-simple"},"acf":[],"_links":{"self":[{"href":"https:\/\/wpachem.com\/tr\/wp-json\/wp\/v2\/product\/5847","targetHints":{"allow":["GET"]}}],"collection":[{"href":"https:\/\/wpachem.com\/tr\/wp-json\/wp\/v2\/product"}],"about":[{"href":"https:\/\/wpachem.com\/tr\/wp-json\/wp\/v2\/types\/product"}],"version-history":[{"count":0,"href":"https:\/\/wpachem.com\/tr\/wp-json\/wp\/v2\/product\/5847\/revisions"}],"wp:featuredmedia":[{"embeddable":true,"href":"https:\/\/wpachem.com\/tr\/wp-json\/wp\/v2\/media\/2181"}],"wp:attachment":[{"href":"https:\/\/wpachem.com\/tr\/wp-json\/wp\/v2\/media?parent=5847"}],"wp:term":[{"taxonomy":"product_brand","embeddable":true,"href":"https:\/\/wpachem.com\/tr\/wp-json\/wp\/v2\/product_brand?post=5847"},{"taxonomy":"product_cat","embeddable":true,"href":"https:\/\/wpachem.com\/tr\/wp-json\/wp\/v2\/product_cat?post=5847"},{"taxonomy":"product_tag","embeddable":true,"href":"https:\/\/wpachem.com\/tr\/wp-json\/wp\/v2\/product_tag?post=5847"}],"curies":[{"name":"wp","href":"https:\/\/api.w.org\/{rel}","templated":true}]}}