{"id":5851,"date":"2024-02-06T06:15:16","date_gmt":"2024-02-06T06:15:16","guid":{"rendered":"https:\/\/wpachem.com\/?post_type=product&#038;p=5851"},"modified":"2024-02-06T06:21:03","modified_gmt":"2024-02-06T06:21:03","slug":"octyl-p-methoxycinnamate-cas-5466-77-3-2-ethylhexyl-2e-3-4-methoxyphenylprop-2-enoate","status":"publish","type":"product","link":"https:\/\/wpachem.com\/tr\/urun\/octyl-p-methoxycinnamate-cas-5466-77-3-2-ethylhexyl-2e-3-4-methoxyphenylprop-2-enoate\/","title":{"rendered":"Oktil P-metoksisinamat CAS 5466-77-3 2-etilhekzil (2E)-3-(4-metoksifenil)prop-2-enoat"},"content":{"rendered":"<p>Renksiz ila a\u00e7\u0131k sar\u0131 s\u0131v\u0131d\u0131r<\/p>\n<p><strong>Ba\u015fvuru<\/strong><\/p>\n<p>Koku: Aromatik vanilya aromas\u0131 nedeniyle parf\u00fcm, sabun, sigara, ruj ve yiyeceklerde vb. yayg\u0131n olarak tatland\u0131r\u0131c\u0131 madde olarak kullan\u0131l\u0131r.<br \/>\nKoruyucu: G\u0131da ve i\u00e7eceklerde raf \u00f6mr\u00fcn\u00fc uzatmak amac\u0131yla koruyucu olarak kullan\u0131l\u0131r.<br \/>\nKozmetikler: Genellikle kozmetiklerde ve kremler, \u015fampuanlar gibi cilt bak\u0131m \u00fcr\u00fcnlerinde kokuyu artt\u0131rmak i\u00e7in kullan\u0131l\u0131r.<br \/>\n\u0130la\u00e7lar: Bazen ila\u00e7 end\u00fcstrisinde ila\u00e7 veya t\u0131bbi ama\u00e7lar i\u00e7in katk\u0131 maddesi olarak kullan\u0131l\u0131rlar.<\/p>\n<p><strong>Paketleme ve Depolama<\/strong><\/p>\n<p>25 KG\/VAR\u0130L<\/p>","protected":false},"excerpt":{"rendered":"<p>\u00dcr\u00fcn ad\u0131: oktil P-metoksisinamat<\/p>\n<p>CAS:5466-77-3<\/p>\n<p>MF:C18H26O3<\/p>\n<p>G\u00f6r\u00fcn\u00fcm: renksiz ila a\u00e7\u0131k sar\u0131 s\u0131v\u0131<\/p>","protected":false},"featured_media":3321,"template":"","meta":{"_acf_changed":false,"_gspb_post_css":""},"product_brand":[],"product_cat":[55,128,57,60],"product_tag":[],"class_list":{"0":"post-5851","1":"product","2":"type-product","3":"status-publish","4":"has-post-thumbnail","6":"product_cat-food-additives","7":"product_cat-tanning-agent","8":"product_cat-preservative","9":"product_cat-cosmetic-ingredients","11":"first","12":"instock","13":"shipping-taxable","14":"product-type-simple"},"acf":[],"_links":{"self":[{"href":"https:\/\/wpachem.com\/tr\/wp-json\/wp\/v2\/product\/5851","targetHints":{"allow":["GET"]}}],"collection":[{"href":"https:\/\/wpachem.com\/tr\/wp-json\/wp\/v2\/product"}],"about":[{"href":"https:\/\/wpachem.com\/tr\/wp-json\/wp\/v2\/types\/product"}],"version-history":[{"count":0,"href":"https:\/\/wpachem.com\/tr\/wp-json\/wp\/v2\/product\/5851\/revisions"}],"wp:featuredmedia":[{"embeddable":true,"href":"https:\/\/wpachem.com\/tr\/wp-json\/wp\/v2\/media\/3321"}],"wp:attachment":[{"href":"https:\/\/wpachem.com\/tr\/wp-json\/wp\/v2\/media?parent=5851"}],"wp:term":[{"taxonomy":"product_brand","embeddable":true,"href":"https:\/\/wpachem.com\/tr\/wp-json\/wp\/v2\/product_brand?post=5851"},{"taxonomy":"product_cat","embeddable":true,"href":"https:\/\/wpachem.com\/tr\/wp-json\/wp\/v2\/product_cat?post=5851"},{"taxonomy":"product_tag","embeddable":true,"href":"https:\/\/wpachem.com\/tr\/wp-json\/wp\/v2\/product_tag?post=5851"}],"curies":[{"name":"wp","href":"https:\/\/api.w.org\/{rel}","templated":true}]}}