{"id":5853,"date":"2024-02-06T06:21:12","date_gmt":"2024-02-06T06:21:12","guid":{"rendered":"https:\/\/wpachem.com\/?post_type=product&#038;p=5853"},"modified":"2024-02-06T06:32:35","modified_gmt":"2024-02-06T06:32:35","slug":"dimethyl-silicone-oil-201-cas-9016-00-6","status":"publish","type":"product","link":"https:\/\/wpachem.com\/tr\/urun\/dimethyl-silicone-oil-201-cas-9016-00-6\/","title":{"rendered":"Dimetil Silikon Ya\u011f\u0131 201 CAS 9016-00-6"},"content":{"rendered":"<p>Renksiz, \u015feffaf bir s\u0131v\u0131d\u0131r.<\/p>\n<p><strong>Ba\u015fvuru<\/strong><\/p>\n<p>Sanayi sekt\u00f6r\u00fcnde ya\u011flama ya\u011f\u0131, titre\u015fim \u00f6nleyici ya\u011f, izolasyon ya\u011f\u0131, k\u00f6p\u00fck \u00f6nleyici, ay\u0131r\u0131c\u0131 madde vb. olarak kullan\u0131l\u0131r.<br \/>\nYal\u0131t\u0131m, ya\u011flama, darbeye dayan\u0131kl\u0131l\u0131k, toz ge\u00e7irmez ya\u011f, dielektrik s\u0131v\u0131 ve \u0131s\u0131 ta\u015f\u0131y\u0131c\u0131 olarak, k\u00f6p\u00fck \u00f6nleyici, soyma, boya ve g\u00fcnl\u00fck kozmetiklerde katk\u0131 maddesi olarak yayg\u0131n olarak kullan\u0131l\u0131r.<\/p>\n<p><strong>Paketleme ve Depolama<\/strong><\/p>\n<p>25 KG\/VAR\u0130L<\/p>","protected":false},"excerpt":{"rendered":"<p>\u00dcr\u00fcn ad\u0131: Dimetil Silikon Ya\u011f\u0131 201<\/p>\n<p>CAS:9016-00-6<\/p>\n<p>MF:(C2H6OSi)n<\/p>\n<p>G\u00f6r\u00fcn\u00fcm: renksiz \u015feffaf s\u0131v\u0131<\/p>","protected":false},"featured_media":2089,"template":"","meta":{"_acf_changed":false,"_gspb_post_css":""},"product_brand":[],"product_cat":[60],"product_tag":[],"class_list":{"0":"post-5853","1":"product","2":"type-product","3":"status-publish","4":"has-post-thumbnail","6":"product_cat-cosmetic-ingredients","8":"first","9":"instock","10":"shipping-taxable","11":"product-type-simple"},"acf":[],"_links":{"self":[{"href":"https:\/\/wpachem.com\/tr\/wp-json\/wp\/v2\/product\/5853","targetHints":{"allow":["GET"]}}],"collection":[{"href":"https:\/\/wpachem.com\/tr\/wp-json\/wp\/v2\/product"}],"about":[{"href":"https:\/\/wpachem.com\/tr\/wp-json\/wp\/v2\/types\/product"}],"version-history":[{"count":0,"href":"https:\/\/wpachem.com\/tr\/wp-json\/wp\/v2\/product\/5853\/revisions"}],"wp:featuredmedia":[{"embeddable":true,"href":"https:\/\/wpachem.com\/tr\/wp-json\/wp\/v2\/media\/2089"}],"wp:attachment":[{"href":"https:\/\/wpachem.com\/tr\/wp-json\/wp\/v2\/media?parent=5853"}],"wp:term":[{"taxonomy":"product_brand","embeddable":true,"href":"https:\/\/wpachem.com\/tr\/wp-json\/wp\/v2\/product_brand?post=5853"},{"taxonomy":"product_cat","embeddable":true,"href":"https:\/\/wpachem.com\/tr\/wp-json\/wp\/v2\/product_cat?post=5853"},{"taxonomy":"product_tag","embeddable":true,"href":"https:\/\/wpachem.com\/tr\/wp-json\/wp\/v2\/product_tag?post=5853"}],"curies":[{"name":"wp","href":"https:\/\/api.w.org\/{rel}","templated":true}]}}