{"id":5855,"date":"2024-02-06T06:32:45","date_gmt":"2024-02-06T06:32:45","guid":{"rendered":"https:\/\/wpachem.com\/?post_type=product&#038;p=5855"},"modified":"2024-04-26T05:39:56","modified_gmt":"2024-04-26T05:39:56","slug":"zinc-oxide-cas-1314-13-2","status":"publish","type":"product","link":"https:\/\/wpachem.com\/tr\/urun\/zinc-oxide-cas-1314-13-2\/","title":{"rendered":"\u00c7inko Oksit CAS 1314-13-2"},"content":{"rendered":"<p>Beyazdan a\u00e7\u0131k sar\u0131ya kadar de\u011fi\u015fen renkte kristal tozdur.<\/p>\n<p><strong>Ba\u015fvuru<\/strong><\/p>\n<p>Boyalarda pigment, kau\u00e7ukta dolgu maddesi olarak kullan\u0131l\u0131r.<br \/>\nT\u0131pta merhem, \u00e7inko macunlar\u0131, yara bantlar\u0131 vb. yap\u0131m\u0131nda kullan\u0131l\u0131r.<br \/>\nYem i\u015flemede \u00e7inko takviyesi olarak kullan\u0131l\u0131r.<\/p>\n<p><strong>Paketleme ve Depolama<\/strong><\/p>\n<p>25 KG\/TORBA<\/p>\n<p>25 KG\/VAR\u0130L<\/p>","protected":false},"excerpt":{"rendered":"<p>\u00dcr\u00fcn ad\u0131: \u00c7inko Oksit<\/p>\n<p>CAS:1314-13-2<\/p>\n<p>MF: ZnO<\/p>\n<p>G\u00f6r\u00fcn\u00fcm: Beyaz ila a\u00e7\u0131k sar\u0131 kristal toz<\/p>","protected":false},"featured_media":5182,"template":"","meta":{"_acf_changed":false,"_gspb_post_css":""},"product_brand":[],"product_cat":[52,62,76,69,24],"product_tag":[],"class_list":{"0":"post-5855","1":"product","2":"type-product","3":"status-publish","4":"has-post-thumbnail","6":"product_cat-pigment","7":"product_cat-rubberplastic-ingredients","8":"product_cat-others","9":"product_cat-more","10":"product_cat-uncategorized","12":"first","13":"instock","14":"shipping-taxable","15":"product-type-simple"},"acf":[],"_links":{"self":[{"href":"https:\/\/wpachem.com\/tr\/wp-json\/wp\/v2\/product\/5855","targetHints":{"allow":["GET"]}}],"collection":[{"href":"https:\/\/wpachem.com\/tr\/wp-json\/wp\/v2\/product"}],"about":[{"href":"https:\/\/wpachem.com\/tr\/wp-json\/wp\/v2\/types\/product"}],"version-history":[{"count":0,"href":"https:\/\/wpachem.com\/tr\/wp-json\/wp\/v2\/product\/5855\/revisions"}],"wp:featuredmedia":[{"embeddable":true,"href":"https:\/\/wpachem.com\/tr\/wp-json\/wp\/v2\/media\/5182"}],"wp:attachment":[{"href":"https:\/\/wpachem.com\/tr\/wp-json\/wp\/v2\/media?parent=5855"}],"wp:term":[{"taxonomy":"product_brand","embeddable":true,"href":"https:\/\/wpachem.com\/tr\/wp-json\/wp\/v2\/product_brand?post=5855"},{"taxonomy":"product_cat","embeddable":true,"href":"https:\/\/wpachem.com\/tr\/wp-json\/wp\/v2\/product_cat?post=5855"},{"taxonomy":"product_tag","embeddable":true,"href":"https:\/\/wpachem.com\/tr\/wp-json\/wp\/v2\/product_tag?post=5855"}],"curies":[{"name":"wp","href":"https:\/\/api.w.org\/{rel}","templated":true}]}}