{"id":5857,"date":"2024-02-06T07:00:17","date_gmt":"2024-02-06T07:00:17","guid":{"rendered":"https:\/\/wpachem.com\/?post_type=product&#038;p=5857"},"modified":"2024-02-06T07:04:25","modified_gmt":"2024-02-06T07:04:25","slug":"bis-ethylhexyloxyphenol-methoxyphenyl-triazine-cas-187393-00-6-cgf-1607","status":"publish","type":"product","link":"https:\/\/wpachem.com\/tr\/urun\/bis-ethylhexyloxyphenol-methoxyphenyl-triazine-cas-187393-00-6-cgf-1607\/","title":{"rendered":"B\u0130S-ET\u0130LHEKZ\u0130LOKS\u0130FENOL METOKS\u0130FEN\u0130L TR\u0130AZ\u0130N CAS 187393-00-6 CGF 1607"},"content":{"rendered":"<p>A\u00e7\u0131k sar\u0131 ile sar\u0131 aras\u0131 renktedir.<\/p>\n<p><strong>Ba\u015fvuru<\/strong><\/p>\n<p>UVA ve UVB \u0131\u015f\u0131nlar\u0131n\u0131 emer, ultraviyole \u0131\u015f\u0131nlar\u0131n\u0131 emmesi i\u00e7in \u00e7e\u015fitli g\u00fcne\u015f koruyucu \u00fcr\u00fcnlerine eklenir.<\/p>\n<p><strong>Paketleme ve Depolama<\/strong><\/p>\n<p>25 KG\/TORBA<\/p>\n<p>25 KG\/VAR\u0130L<\/p>","protected":false},"excerpt":{"rendered":"<p>\u00dcr\u00fcn ad\u0131: BIS-ETHYLHEXYLOXYPHENOL METHOXYPHENYL TRIAZINE<\/p>\n<p>CAS:187393-00-6<\/p>\n<p>MF:C38H49N3O5<\/p>\n<p>G\u00f6r\u00fcn\u00fcm: a\u00e7\u0131k sar\u0131dan sar\u0131ya<\/p>","protected":false},"featured_media":5848,"template":"","meta":{"_acf_changed":false,"_gspb_post_css":""},"product_brand":[],"product_cat":[60,130],"product_tag":[],"class_list":{"0":"post-5857","1":"product","2":"type-product","3":"status-publish","4":"has-post-thumbnail","6":"product_cat-cosmetic-ingredients","7":"product_cat-sun-screening-agent","9":"first","10":"instock","11":"shipping-taxable","12":"product-type-simple"},"acf":[],"_links":{"self":[{"href":"https:\/\/wpachem.com\/tr\/wp-json\/wp\/v2\/product\/5857","targetHints":{"allow":["GET"]}}],"collection":[{"href":"https:\/\/wpachem.com\/tr\/wp-json\/wp\/v2\/product"}],"about":[{"href":"https:\/\/wpachem.com\/tr\/wp-json\/wp\/v2\/types\/product"}],"version-history":[{"count":0,"href":"https:\/\/wpachem.com\/tr\/wp-json\/wp\/v2\/product\/5857\/revisions"}],"wp:featuredmedia":[{"embeddable":true,"href":"https:\/\/wpachem.com\/tr\/wp-json\/wp\/v2\/media\/5848"}],"wp:attachment":[{"href":"https:\/\/wpachem.com\/tr\/wp-json\/wp\/v2\/media?parent=5857"}],"wp:term":[{"taxonomy":"product_brand","embeddable":true,"href":"https:\/\/wpachem.com\/tr\/wp-json\/wp\/v2\/product_brand?post=5857"},{"taxonomy":"product_cat","embeddable":true,"href":"https:\/\/wpachem.com\/tr\/wp-json\/wp\/v2\/product_cat?post=5857"},{"taxonomy":"product_tag","embeddable":true,"href":"https:\/\/wpachem.com\/tr\/wp-json\/wp\/v2\/product_tag?post=5857"}],"curies":[{"name":"wp","href":"https:\/\/api.w.org\/{rel}","templated":true}]}}