{"id":5859,"date":"2024-02-06T07:04:34","date_gmt":"2024-02-06T07:04:34","guid":{"rendered":"https:\/\/wpachem.com\/?post_type=product&#038;p=5859"},"modified":"2024-02-06T07:14:46","modified_gmt":"2024-02-06T07:14:46","slug":"curdlan-from-alcaligenes-faecalis-cas-54724-00-4","status":"publish","type":"product","link":"https:\/\/wpachem.com\/tr\/urun\/curdlan-from-alcaligenes-faecalis-cas-54724-00-4\/","title":{"rendered":"alcaligenes faecalis cas&#039;tan curdlan 54724-00-4"},"content":{"rendered":"<p>Beyaz veya neredeyse beyaz renkte bir tozdur, hemen hemen kokusuzdur.<\/p>\n<p><strong>Ba\u015fvuru<\/strong><\/p>\n<p>1. \u0130la\u00e7 sal\u0131m sistemi: Curdlan, ila\u00e7lar\u0131n v\u00fccutta yava\u015f sal\u0131n\u0131m\u0131n\u0131 sa\u011flamak i\u00e7in ta\u015f\u0131y\u0131c\u0131 olarak kullan\u0131labilir.<\/p>\n<p>2. Doku m\u00fchendisli\u011fi: Curdlan, doku m\u00fchendisli\u011finde iskele malzemesi olarak kullan\u0131labilir ve h\u00fccre k\u00fclt\u00fcr\u00fc, doku onar\u0131m\u0131 ve rejenerasyonu vb. alanlarda kullan\u0131labilir.<\/p>\n<p>3. Kozmetik ve ki\u015fisel bak\u0131m \u00fcr\u00fcnleri: Curdlan, \u00fcr\u00fcn\u00fcn dokusunu ve hissini iyile\u015ftirmek i\u00e7in nemlendirici, koyula\u015ft\u0131r\u0131c\u0131, yumu\u015fat\u0131c\u0131 ve di\u011fer katk\u0131 maddeleri olarak kullan\u0131labilir.<\/p>\n<p><strong>Paketleme ve Depolama<\/strong><\/p>\n<p>25 KG\/TORBA<\/p>\n<p>25 KG\/VAR\u0130L<\/p>","protected":false},"excerpt":{"rendered":"<p>\u00dcr\u00fcn ad\u0131: alcaligenes faecalis&#039;ten curdlan<\/p>\n<p>CAS:54724-00-4<\/p>\n<p>G\u00f6r\u00fcn\u00fcm: Beyaz ila neredeyse beyaz toz, neredeyse kokusuz<\/p>","protected":false},"featured_media":2181,"template":"","meta":{"_acf_changed":false,"_gspb_post_css":""},"product_brand":[],"product_cat":[60,132,128,134],"product_tag":[],"class_list":{"0":"post-5859","1":"product","2":"type-product","3":"status-publish","4":"has-post-thumbnail","6":"product_cat-cosmetic-ingredients","7":"product_cat-moisturizing","8":"product_cat-tanning-agent","9":"product_cat-thickener","11":"first","12":"instock","13":"shipping-taxable","14":"product-type-simple"},"acf":[],"_links":{"self":[{"href":"https:\/\/wpachem.com\/tr\/wp-json\/wp\/v2\/product\/5859","targetHints":{"allow":["GET"]}}],"collection":[{"href":"https:\/\/wpachem.com\/tr\/wp-json\/wp\/v2\/product"}],"about":[{"href":"https:\/\/wpachem.com\/tr\/wp-json\/wp\/v2\/types\/product"}],"version-history":[{"count":0,"href":"https:\/\/wpachem.com\/tr\/wp-json\/wp\/v2\/product\/5859\/revisions"}],"wp:featuredmedia":[{"embeddable":true,"href":"https:\/\/wpachem.com\/tr\/wp-json\/wp\/v2\/media\/2181"}],"wp:attachment":[{"href":"https:\/\/wpachem.com\/tr\/wp-json\/wp\/v2\/media?parent=5859"}],"wp:term":[{"taxonomy":"product_brand","embeddable":true,"href":"https:\/\/wpachem.com\/tr\/wp-json\/wp\/v2\/product_brand?post=5859"},{"taxonomy":"product_cat","embeddable":true,"href":"https:\/\/wpachem.com\/tr\/wp-json\/wp\/v2\/product_cat?post=5859"},{"taxonomy":"product_tag","embeddable":true,"href":"https:\/\/wpachem.com\/tr\/wp-json\/wp\/v2\/product_tag?post=5859"}],"curies":[{"name":"wp","href":"https:\/\/api.w.org\/{rel}","templated":true}]}}