{"id":5862,"date":"2024-02-06T07:26:35","date_gmt":"2024-02-06T07:26:35","guid":{"rendered":"https:\/\/wpachem.com\/?post_type=product&#038;p=5862"},"modified":"2024-02-06T07:26:35","modified_gmt":"2024-02-06T07:26:35","slug":"methyl-dihydrojasmonate-cas-24851-98-7","status":"publish","type":"product","link":"https:\/\/wpachem.com\/tr\/urun\/methyl-dihydrojasmonate-cas-24851-98-7\/","title":{"rendered":"Metil dihidrojasmonat CAS 24851-98-7"},"content":{"rendered":"<p><strong>\u00d6zellik<\/strong><\/p>\n<p>\u00c7i\u00e7ek kokulu, berrak, renksiz ya\u011fl\u0131 s\u0131v\u0131.<\/p>\n<p><strong>Ba\u015fvuru:<\/strong><\/p>\n<ol>\n<li>Yapay yasemin ya\u011f\u0131, yasemin ve s\u00fcmb\u00fclteber baz\u0131 haz\u0131rlamak i\u00e7in kullan\u0131labilir. Vadideki zambakta az miktarda kullan\u0131ld\u0131\u011f\u0131nda koyula\u015ft\u0131r\u0131r ve hafif bir yuvarlakl\u0131k verir.<\/li>\n<li>Nonflower d\u00fcz kalp orkide, Oriental tipi, new cologne tipinde de kullan\u0131l\u0131r ve etkisi \u00e7ok iyidir. Odun kokusuyla uyumlu olarak kullan\u0131labilir.<\/li>\n<\/ol>","protected":false},"excerpt":{"rendered":"<p>\u00dcr\u00fcn ad\u0131: Metil dihidrojasmonat<\/p>\n<p>Kasa numaras\u0131: 24851-98-7<\/p>\n<p>MF: C13H22O3<\/p>\n<p>G\u00f6r\u00fcn\u00fcm: Berrak renksiz ya\u011fl\u0131 s\u0131v\u0131<\/p>","protected":false},"featured_media":5867,"template":"","meta":{"_acf_changed":false,"_gspb_post_css":""},"product_brand":[],"product_cat":[61],"product_tag":[],"class_list":{"0":"post-5862","1":"product","2":"type-product","3":"status-publish","4":"has-post-thumbnail","6":"product_cat-flavor-and-fragrance","8":"first","9":"instock","10":"shipping-taxable","11":"product-type-simple"},"acf":[],"_links":{"self":[{"href":"https:\/\/wpachem.com\/tr\/wp-json\/wp\/v2\/product\/5862","targetHints":{"allow":["GET"]}}],"collection":[{"href":"https:\/\/wpachem.com\/tr\/wp-json\/wp\/v2\/product"}],"about":[{"href":"https:\/\/wpachem.com\/tr\/wp-json\/wp\/v2\/types\/product"}],"version-history":[{"count":0,"href":"https:\/\/wpachem.com\/tr\/wp-json\/wp\/v2\/product\/5862\/revisions"}],"wp:featuredmedia":[{"embeddable":true,"href":"https:\/\/wpachem.com\/tr\/wp-json\/wp\/v2\/media\/5867"}],"wp:attachment":[{"href":"https:\/\/wpachem.com\/tr\/wp-json\/wp\/v2\/media?parent=5862"}],"wp:term":[{"taxonomy":"product_brand","embeddable":true,"href":"https:\/\/wpachem.com\/tr\/wp-json\/wp\/v2\/product_brand?post=5862"},{"taxonomy":"product_cat","embeddable":true,"href":"https:\/\/wpachem.com\/tr\/wp-json\/wp\/v2\/product_cat?post=5862"},{"taxonomy":"product_tag","embeddable":true,"href":"https:\/\/wpachem.com\/tr\/wp-json\/wp\/v2\/product_tag?post=5862"}],"curies":[{"name":"wp","href":"https:\/\/api.w.org\/{rel}","templated":true}]}}